{"id":112233,"date":"2025-11-04T06:17:19","date_gmt":"2025-11-04T04:17:19","guid":{"rendered":"https:\/\/automatic.ee\/toode\/stangekaitseliist-vw-t5-2004-2010-2\/"},"modified":"2025-11-04T06:17:19","modified_gmt":"2025-11-04T04:17:19","slug":"stangekaitseliist-vw-t5-2004-2010-2","status":"publish","type":"product","link":"https:\/\/automatic.ee\/ru\/toode\/stangekaitseliist-vw-t5-2004-2010-2\/","title":{"rendered":"STANGEKAITSELIIST VW T5 2004-2010"},"content":{"rendered":"<p>Alu Frosti roostevabast terasest kaitseriba tagumise p\u00f5rkeraua \u00fclemise serva jaoks.<\/p>\n<div><\/div>\n<div>Praktiline riba, mis kaitseb kaitserauda h\u00f5\u00f5rdumise eest asjade peale- ja mahalaadimisel pagasiruumist. See praktiline lisavarustus annab autole ka luksusliku v\u00e4limuse, riba on tehases v\u00e4ga kaunilt t\u00f6\u00f6deldud ning kokkupanek toimub tootes sisalduva kahepoolse teibi liimimisega. Kasutades laadimishuule katet, s\u00e4ilitate oma s\u00f5iduki kaitseraua ja s\u00e4\u00e4state seel\u00e4bi v\u00f5imalike tulevaste remondit\u00f6\u00f6de arvelt.<\/div>\n<div><\/div>\n<div>See kronstein sobib t\u00e4pselt Volkswagen T5 Transporterile\/Multivanile (04.2003 &#8212; 08.2015).<\/div>\n<div><\/div>\n<div>Tehnilised andmed:<\/div>\n<div><\/div>\n<div>Roostevaba teras, s\u00fcsinikust pealmine k\u00fclg, kasutatud Mactac-kilet, kile pind on struktureeritud, n\u00e4eb v\u00e4lja nagu originaal s\u00fcsinik<\/div>\n<div>hoiab \u00e4ra kaitseraua \u00fclemise serva kahjustamise<\/div>\n<div>riba on sirge, ei kata esiserva (kaitseb ainult kaitseraua \u00fclemist pinda)<\/div>\n<div>See on ilus auto disainielement<\/div>\n<div>v\u00e4ga kvaliteetne tehases valmistatud<\/div>\n<div>v\u00e4ga lihtne kokkupanek liimimise teel (kaasas kahepoolne teip)<\/div>\n","protected":false},"excerpt":{"rendered":"<p>07-2055 ALUFROST<\/p>\n","protected":false},"featured_media":112230,"comment_status":"open","ping_status":"closed","template":"","meta":{"colormag_page_container_layout":"default_layout","colormag_page_sidebar_layout":"default_layout"},"product_brand":[],"product_cat":[163,136],"product_tag":[],"class_list":{"0":"post-112233","1":"product","2":"type-product","3":"status-publish","4":"has-post-thumbnail","6":"product_cat-liist-tuning","7":"product_cat-lisavarustus","9":"first","10":"instock","11":"shipping-taxable","12":"purchasable","13":"product-type-simple"},"_links":{"self":[{"href":"https:\/\/automatic.ee\/ru\/wp-json\/wp\/v2\/product\/112233","targetHints":{"allow":["GET"]}}],"collection":[{"href":"https:\/\/automatic.ee\/ru\/wp-json\/wp\/v2\/product"}],"about":[{"href":"https:\/\/automatic.ee\/ru\/wp-json\/wp\/v2\/types\/product"}],"replies":[{"embeddable":true,"href":"https:\/\/automatic.ee\/ru\/wp-json\/wp\/v2\/comments?post=112233"}],"wp:featuredmedia":[{"embeddable":true,"href":"https:\/\/automatic.ee\/ru\/wp-json\/wp\/v2\/media\/112230"}],"wp:attachment":[{"href":"https:\/\/automatic.ee\/ru\/wp-json\/wp\/v2\/media?parent=112233"}],"wp:term":[{"taxonomy":"product_brand","embeddable":true,"href":"https:\/\/automatic.ee\/ru\/wp-json\/wp\/v2\/product_brand?post=112233"},{"taxonomy":"product_cat","embeddable":true,"href":"https:\/\/automatic.ee\/ru\/wp-json\/wp\/v2\/product_cat?post=112233"},{"taxonomy":"product_tag","embeddable":true,"href":"https:\/\/automatic.ee\/ru\/wp-json\/wp\/v2\/product_tag?post=112233"}],"curies":[{"name":"wp","href":"https:\/\/api.w.org\/{rel}","templated":true}]}}