{"id":112221,"date":"2025-11-04T06:17:10","date_gmt":"2025-11-04T04:17:10","guid":{"rendered":"https:\/\/automatic.ee\/toode\/stangekaitseliist-vw-passat-b6-kombi-2005-2010-4\/"},"modified":"2025-11-04T06:17:10","modified_gmt":"2025-11-04T04:17:10","slug":"stangekaitseliist-vw-passat-b6-kombi-2005-2010-4","status":"publish","type":"product","link":"https:\/\/automatic.ee\/ru\/toode\/stangekaitseliist-vw-passat-b6-kombi-2005-2010-4\/","title":{"rendered":"STANGEKAITSELIIST VW Passat B6 Kombi  2005-2010"},"content":{"rendered":"<p>Alu Frost roostevabast terasest kaitseriba tagumise p\u00f5rkeraua \u00fclemise serva jaoks.<\/p>\n<div><\/div>\n<div>Praktiline riba, mis kaitseb p\u00f5rkerauda h\u00f5\u00f5rdumise eest asjade peale- ja mahalaadimisel pagasiruumist. See praktiline lisavarustus annab autole ka luksusliku v\u00e4limuse, triip on tehases v\u00e4ga kaunilt t\u00f6\u00f6deldud ja kokkupanek toimub tootes sisalduva kahepoolse teibi liimimise teel. Kasutades laadimis\u00e4\u00e4ristust, s\u00e4ilitate oma s\u00f5iduki kaitseraua ja s\u00e4\u00e4state seel\u00e4bi v\u00f5imalike tulevaste remondit\u00f6\u00f6de arvelt.<\/div>\n<div><\/div>\n<div>See varustus sobib t\u00e4pselt Volkswagen Passat B6 Combi (08.2005 &#8212; 07.2010).<\/div>\n<div><\/div>\n<div>Tehnilised andmed:<\/div>\n<div><\/div>\n<div>Roostevaba teras, s\u00fcsinik peal, kasutatud Mactac kilet, kile pind on tekstureeritud, n\u00e4eb v\u00e4lja nagu originaal s\u00fcsinik.<\/div>\n<div>hoiab \u00e4ra kaitseraua \u00fclemise serva kahjustamise<\/div>\n<div>riba on sirge, ei kata esiserva (kaitseb ainult kaitseraua \u00fclemist pinda)<\/div>\n<div>See on auto ilus disainielement.<\/div>\n<div>v\u00e4ga kvaliteetne tehasetoodang<\/div>\n<div>v\u00e4ga lihtne kokkupanek liimimise teel (kaasas kahepoolne teip)<\/div>\n<div>\u041e\u0442\u043f\u0440\u0430\u0432\u0438\u0442\u044c \u043e\u0442\u0437\u044b\u0432<\/div>\n<div>\u0411\u043e\u043a\u043e\u0432\u044b\u0435 \u043f\u0430\u043d\u0435\u043b\u0438<\/div>\n<div>\u0418\u0441\u0442\u043e\u0440\u0438\u044f<\/div>\n<div>\u0421\u043e\u0445\u0440\u0430\u043d\u0435\u043d\u043d\u044b\u0435<\/div>\n<div>\u041f\u0440\u0435\u0434\u043b\u043e\u0436\u0438\u0442\u044c \u043f\u0435\u0440\u0435\u0432\u043e\u0434<\/div>\n<div>\u0415\u0441\u0442\u044c \u0440\u0435\u0437\u0443\u043b\u044c\u0442\u0430\u0442\u044b \u0441 \u043f\u0435\u0440\u0435\u0432\u043e\u0434\u043e\u043c<\/div>\n","protected":false},"excerpt":{"rendered":"<p>07-2058<\/p>\n","protected":false},"featured_media":112218,"comment_status":"open","ping_status":"closed","template":"","meta":{"colormag_page_container_layout":"default_layout","colormag_page_sidebar_layout":"default_layout"},"product_brand":[],"product_cat":[163,136],"product_tag":[],"class_list":{"0":"post-112221","1":"product","2":"type-product","3":"status-publish","4":"has-post-thumbnail","6":"product_cat-liist-tuning","7":"product_cat-lisavarustus","9":"first","10":"instock","11":"shipping-taxable","12":"purchasable","13":"product-type-simple"},"_links":{"self":[{"href":"https:\/\/automatic.ee\/ru\/wp-json\/wp\/v2\/product\/112221","targetHints":{"allow":["GET"]}}],"collection":[{"href":"https:\/\/automatic.ee\/ru\/wp-json\/wp\/v2\/product"}],"about":[{"href":"https:\/\/automatic.ee\/ru\/wp-json\/wp\/v2\/types\/product"}],"replies":[{"embeddable":true,"href":"https:\/\/automatic.ee\/ru\/wp-json\/wp\/v2\/comments?post=112221"}],"wp:featuredmedia":[{"embeddable":true,"href":"https:\/\/automatic.ee\/ru\/wp-json\/wp\/v2\/media\/112218"}],"wp:attachment":[{"href":"https:\/\/automatic.ee\/ru\/wp-json\/wp\/v2\/media?parent=112221"}],"wp:term":[{"taxonomy":"product_brand","embeddable":true,"href":"https:\/\/automatic.ee\/ru\/wp-json\/wp\/v2\/product_brand?post=112221"},{"taxonomy":"product_cat","embeddable":true,"href":"https:\/\/automatic.ee\/ru\/wp-json\/wp\/v2\/product_cat?post=112221"},{"taxonomy":"product_tag","embeddable":true,"href":"https:\/\/automatic.ee\/ru\/wp-json\/wp\/v2\/product_tag?post=112221"}],"curies":[{"name":"wp","href":"https:\/\/api.w.org\/{rel}","templated":true}]}}