{"id":112209,"date":"2025-11-04T06:16:57","date_gmt":"2025-11-04T04:16:57","guid":{"rendered":"https:\/\/automatic.ee\/toode\/stangekaitseliist-ford-focus-ii-3d-5d-2005-2008-2\/"},"modified":"2025-11-04T06:16:57","modified_gmt":"2025-11-04T04:16:57","slug":"stangekaitseliist-ford-focus-ii-3d-5d-2005-2008-2","status":"publish","type":"product","link":"https:\/\/automatic.ee\/ru\/toode\/stangekaitseliist-ford-focus-ii-3d-5d-2005-2008-2\/","title":{"rendered":"STANGEKAITSELIIST  FORD Focus II 3D \/ 5D  2005-2008"},"content":{"rendered":"<p>Alu Frosti roostevabast terasest kaitseriba tagumise p\u00f5rkeraua \u00fclemise serva jaoks.<\/p>\n<div><\/div>\n<div>Praktiline rihm, mis kaitseb kaitserauda h\u00f5\u00f5rdumise eest asjade peale- ja mahalaadimisel pagasiruumist. See praktiline lisavarustus annab autole ka luksusliku v\u00e4limuse, triip on tehases v\u00e4ga kaunilt t\u00f6\u00f6deldud ja kokkupanek toimub tootes sisalduva kahepoolse teibi liimimise teel. Laadimishuulekatte abil s\u00e4ilitate oma s\u00f5iduki kaitseraua ja s\u00e4\u00e4state seel\u00e4bi raha v\u00f5imalike tulevaste remondit\u00f6\u00f6de pealt.<\/div>\n<div><\/div>\n<div>See viimistlus sobib t\u00e4pselt Ford Focus II (07.2004 &#8212; 12.2007) &#8212; 3\/5 uksega mudelile.<\/div>\n<div><\/div>\n<div>Tehnilised andmed:<\/div>\n<div><\/div>\n<div>roostevaba teras, s\u00fcsinikkattega pealmine k\u00fclg, kasutatud Mactaci kilet, kilepinna struktuur, n\u00e4eb v\u00e4lja nagu originaal s\u00fcsinikkiud<\/div>\n<div>v\u00e4ltida kaitseraua \u00fclemise serva kahjustamist<\/div>\n<div>riba on sirge, ei kata esiserva (kaitseb ainult kaitseraua \u00fclemist pinda)<\/div>\n<div>See on ilus auto disainielement<\/div>\n<div>v\u00e4ga kvaliteetne tehases valmistatud<\/div>\n<div>v\u00e4ga lihtne kokkupanek liimimise teel<\/div>\n<div>tootmine tellimisel<\/div>\n<div> <\/div>\n<div><\/div>\n<div>K\u00fclgsiinide paigaldamine:<\/div>\n<div><\/div>\n<div>Enne montaa\u017ei alustamist on vaja tagada auto kerele ja monteeritavale ribale sobiv soodne temperatuurire\u017eiim (20\u00b0C).<\/div>\n<div>puhastage ja rasvatage p\u00f5hjalikult korpuse pind, kuhu varras on paigaldatud<\/div>\n<div>kinnita riba maapinnale, m\u00e4rgi telerile koht, kuhu riba liimid (m\u00e4rgistamiseks soovitame maalriteipi, v\u00f5id kasutada ka markerit)<\/div>\n<div>koorige ribalt v\u00e4rviline kaitseteip ja kleepige see ettevaatlikult peale<\/div>\n<div>olge ettevaatlik ja liimige riba esimest korda, teip on v\u00e4ga tugeva nakkumisega (eemaldamine v\u00f5ib riba kahjustada)<\/div>\n","protected":false},"excerpt":{"rendered":"<p>07-2074 ALUFROST<\/p>\n","protected":false},"featured_media":112206,"comment_status":"open","ping_status":"closed","template":"","meta":{"colormag_page_container_layout":"default_layout","colormag_page_sidebar_layout":"default_layout"},"product_brand":[],"product_cat":[163,136],"product_tag":[],"class_list":{"0":"post-112209","1":"product","2":"type-product","3":"status-publish","4":"has-post-thumbnail","6":"product_cat-liist-tuning","7":"product_cat-lisavarustus","9":"first","10":"instock","11":"shipping-taxable","12":"purchasable","13":"product-type-simple"},"_links":{"self":[{"href":"https:\/\/automatic.ee\/ru\/wp-json\/wp\/v2\/product\/112209","targetHints":{"allow":["GET"]}}],"collection":[{"href":"https:\/\/automatic.ee\/ru\/wp-json\/wp\/v2\/product"}],"about":[{"href":"https:\/\/automatic.ee\/ru\/wp-json\/wp\/v2\/types\/product"}],"replies":[{"embeddable":true,"href":"https:\/\/automatic.ee\/ru\/wp-json\/wp\/v2\/comments?post=112209"}],"wp:featuredmedia":[{"embeddable":true,"href":"https:\/\/automatic.ee\/ru\/wp-json\/wp\/v2\/media\/112206"}],"wp:attachment":[{"href":"https:\/\/automatic.ee\/ru\/wp-json\/wp\/v2\/media?parent=112209"}],"wp:term":[{"taxonomy":"product_brand","embeddable":true,"href":"https:\/\/automatic.ee\/ru\/wp-json\/wp\/v2\/product_brand?post=112209"},{"taxonomy":"product_cat","embeddable":true,"href":"https:\/\/automatic.ee\/ru\/wp-json\/wp\/v2\/product_cat?post=112209"},{"taxonomy":"product_tag","embeddable":true,"href":"https:\/\/automatic.ee\/ru\/wp-json\/wp\/v2\/product_tag?post=112209"}],"curies":[{"name":"wp","href":"https:\/\/api.w.org\/{rel}","templated":true}]}}