{"id":112205,"date":"2025-11-04T06:16:53","date_gmt":"2025-11-04T04:16:53","guid":{"rendered":"https:\/\/automatic.ee\/toode\/stangekaitseliist-subaru-forester-ii-2002-2008-3\/"},"modified":"2025-11-04T06:16:53","modified_gmt":"2025-11-04T04:16:53","slug":"stangekaitseliist-subaru-forester-ii-2002-2008-3","status":"publish","type":"product","link":"https:\/\/automatic.ee\/ru\/toode\/stangekaitseliist-subaru-forester-ii-2002-2008-3\/","title":{"rendered":"STANGEKAITSELIIST SUBARU Forester II  2002-2008"},"content":{"rendered":"<p>Alu Frosti roostevabast terasest kaitseriba tagumise p\u00f5rkeraua \u00fclemise serva jaoks.<\/p>\n<div><\/div>\n<div>Praktiline riba, mis kaitseb kaitserauda h\u00f5\u00f5rdumise eest asjade peale- ja mahalaadimisel pagasiruumist. See praktiline lisavarustus annab autole ka luksusliku v\u00e4limuse, riba on tehases v\u00e4ga kaunilt t\u00f6\u00f6deldud ning kokkupanek toimub tootes sisalduva kahepoolse teibi liimimisega. Kasutades laadimishuule katet, s\u00e4ilitate oma s\u00f5iduki kaitseraua ja s\u00e4\u00e4state seel\u00e4bi v\u00f5imalike tulevaste remondit\u00f6\u00f6de arvelt.<\/div>\n<div><\/div>\n<div>See riba sobib t\u00e4pselt Subaru Forester II autodele (07.2002 &#8212; 2008).<\/div>\n<div><\/div>\n<div>Tehnilised andmed:<\/div>\n<div><\/div>\n<div>Roostevaba teras, s\u00fcsinikust pealmine k\u00fclg, kasutatud Mactac-kilet, kile pind on struktureeritud, n\u00e4eb v\u00e4lja nagu originaal s\u00fcsinik<\/div>\n<div>hoiab \u00e4ra kaitseraua \u00fclemise serva kahjustamise<\/div>\n<div>riba on sirge, ei kata esiserva (kaitseb ainult kaitseraua \u00fclemist pinda)<\/div>\n<div>See on ilus auto disainielement<\/div>\n<div>v\u00e4ga kvaliteetne tehases valmistatud<\/div>\n<div>v\u00e4ga lihtne kokkupanek liimimise teel (kaasas kahepoolne teip)<\/div>\n<div>kohandamine<\/div>\n<div> <\/div>\n<div><\/div>\n<div>K\u00fclgsiinide paigaldamine:<\/div>\n<div><\/div>\n<div>Enne montaa\u017ei alustamist on vaja tagada soodne temperatuurire\u017eiim (20\u00b0C), v\u00f5imalusel sama auto kerele ja monteeritud ribale.<\/div>\n<div>puhastage ja rasvatage korpuse pind p\u00f5hjalikult varda paigaldamise kohtades<\/div>\n<div>kinnita riba maapinnale, m\u00e4rgi kehale koht, kuhu riba liimid (m\u00e4rgistamiseks soovitame maalriteipi, v\u00f5id kasutada ka markerit)<\/div>\n<div>koorige ribalt v\u00e4rviline kaitseteip ja kleepige see ettevaatlikult peale<\/div>\n<div>olge ettevaatlik ja liimige plank esimest korda, teip on v\u00e4ga tugeva nakkumisega (lahtiv\u00f5tmine v\u00f5ib planku kahjustada)<\/div>\n","protected":false},"excerpt":{"rendered":"<p>07-2112 ALUFROST<\/p>\n","protected":false},"featured_media":112202,"comment_status":"open","ping_status":"closed","template":"","meta":{"colormag_page_container_layout":"default_layout","colormag_page_sidebar_layout":"default_layout"},"product_brand":[],"product_cat":[163,136],"product_tag":[],"class_list":{"0":"post-112205","1":"product","2":"type-product","3":"status-publish","4":"has-post-thumbnail","6":"product_cat-liist-tuning","7":"product_cat-lisavarustus","9":"first","10":"instock","11":"shipping-taxable","12":"purchasable","13":"product-type-simple"},"_links":{"self":[{"href":"https:\/\/automatic.ee\/ru\/wp-json\/wp\/v2\/product\/112205","targetHints":{"allow":["GET"]}}],"collection":[{"href":"https:\/\/automatic.ee\/ru\/wp-json\/wp\/v2\/product"}],"about":[{"href":"https:\/\/automatic.ee\/ru\/wp-json\/wp\/v2\/types\/product"}],"replies":[{"embeddable":true,"href":"https:\/\/automatic.ee\/ru\/wp-json\/wp\/v2\/comments?post=112205"}],"wp:featuredmedia":[{"embeddable":true,"href":"https:\/\/automatic.ee\/ru\/wp-json\/wp\/v2\/media\/112202"}],"wp:attachment":[{"href":"https:\/\/automatic.ee\/ru\/wp-json\/wp\/v2\/media?parent=112205"}],"wp:term":[{"taxonomy":"product_brand","embeddable":true,"href":"https:\/\/automatic.ee\/ru\/wp-json\/wp\/v2\/product_brand?post=112205"},{"taxonomy":"product_cat","embeddable":true,"href":"https:\/\/automatic.ee\/ru\/wp-json\/wp\/v2\/product_cat?post=112205"},{"taxonomy":"product_tag","embeddable":true,"href":"https:\/\/automatic.ee\/ru\/wp-json\/wp\/v2\/product_tag?post=112205"}],"curies":[{"name":"wp","href":"https:\/\/api.w.org\/{rel}","templated":true}]}}