{"id":112189,"date":"2025-11-04T06:16:41","date_gmt":"2025-11-04T04:16:41","guid":{"rendered":"https:\/\/automatic.ee\/toode\/uksepakuliistud-toyota-avensis-iii-2009\/"},"modified":"2025-11-04T06:16:41","modified_gmt":"2025-11-04T04:16:41","slug":"uksepakuliistud-toyota-avensis-iii-2009","status":"publish","type":"product","link":"https:\/\/automatic.ee\/ru\/toode\/uksepakuliistud-toyota-avensis-iii-2009\/","title":{"rendered":"UKSEPAKULIISTUD TOYOTA  AVENSIS III  2009-"},"content":{"rendered":"<p>Roostevabast terasest l\u00e4vekaitsed, mis on kinnitatud Alu Frostiga.<\/p>\n<div><\/div>\n<div>Praktilised l\u00e4veribad, mis kaitsevad l\u00e4vepakusid s\u00f5idukisse sisenemisel ja sealt v\u00e4ljumisel. See praktiline lisavarustus annab autole ka luksusliku v\u00e4limuse, latt on tehases v\u00e4ga kaunilt t\u00f6\u00f6deldud ning kokkupanek toimub tootes sisalduva kahepoolse teibi liimimise teel. Uksel\u00e4vekaitsed kaitsevad teie s\u00f5idukit, hoides samal ajal kokku tulevaste remondikuludelt.<\/div>\n<div><\/div>\n<div>Need l\u00e4vepakukatted sobivad t\u00e4pselt Toyota Avensis III (11.2008 &#8212; 12.2018) autodele.<\/div>\n<div><\/div>\n<div>Tehnilised andmed:<\/div>\n<div><\/div>\n<div>roostevaba teras, lauaplaat poleeritud ja matt (\u00fclemine osa harjatud roostevabast terasest, servad l\u00e4ikivad)<\/div>\n<div>hoiab \u00e4ra l\u00e4vendite kahjustamise autosse sisenemisel ja sealt v\u00e4ljumisel<\/div>\n<div>katab ka maandumisala serva (odavamad mudelid katavad ainult l\u00e4ve \u00fclemist osa, serv on k\u00f5ige vastuv\u00f5tlikum kahjustustele)<\/div>\n<div>See on ilus auto disainielement<\/div>\n<div>v\u00e4ga kvaliteetne tehases valmistatud<\/div>\n<div>v\u00e4ga lihtne kokkupanek liimimise teel (kaasas kahepoolne teip)<\/div>\n","protected":false},"excerpt":{"rendered":"<p>08-0751<\/p>\n","protected":false},"featured_media":112186,"comment_status":"open","ping_status":"closed","template":"","meta":{"colormag_page_container_layout":"default_layout","colormag_page_sidebar_layout":"default_layout"},"product_brand":[],"product_cat":[163,136],"product_tag":[],"class_list":{"0":"post-112189","1":"product","2":"type-product","3":"status-publish","4":"has-post-thumbnail","6":"product_cat-liist-tuning","7":"product_cat-lisavarustus","9":"first","10":"instock","11":"shipping-taxable","12":"purchasable","13":"product-type-simple"},"_links":{"self":[{"href":"https:\/\/automatic.ee\/ru\/wp-json\/wp\/v2\/product\/112189","targetHints":{"allow":["GET"]}}],"collection":[{"href":"https:\/\/automatic.ee\/ru\/wp-json\/wp\/v2\/product"}],"about":[{"href":"https:\/\/automatic.ee\/ru\/wp-json\/wp\/v2\/types\/product"}],"replies":[{"embeddable":true,"href":"https:\/\/automatic.ee\/ru\/wp-json\/wp\/v2\/comments?post=112189"}],"wp:featuredmedia":[{"embeddable":true,"href":"https:\/\/automatic.ee\/ru\/wp-json\/wp\/v2\/media\/112186"}],"wp:attachment":[{"href":"https:\/\/automatic.ee\/ru\/wp-json\/wp\/v2\/media?parent=112189"}],"wp:term":[{"taxonomy":"product_brand","embeddable":true,"href":"https:\/\/automatic.ee\/ru\/wp-json\/wp\/v2\/product_brand?post=112189"},{"taxonomy":"product_cat","embeddable":true,"href":"https:\/\/automatic.ee\/ru\/wp-json\/wp\/v2\/product_cat?post=112189"},{"taxonomy":"product_tag","embeddable":true,"href":"https:\/\/automatic.ee\/ru\/wp-json\/wp\/v2\/product_tag?post=112189"}],"curies":[{"name":"wp","href":"https:\/\/api.w.org\/{rel}","templated":true}]}}