{"id":111769,"date":"2025-11-04T06:08:01","date_gmt":"2025-11-04T04:08:01","guid":{"rendered":"https:\/\/automatic.ee\/toode\/stangekaitseliist-vw-touaran-2003-2010-4\/"},"modified":"2025-11-04T06:08:01","modified_gmt":"2025-11-04T04:08:01","slug":"stangekaitseliist-vw-touaran-2003-2010-4","status":"publish","type":"product","link":"https:\/\/automatic.ee\/ru\/toode\/stangekaitseliist-vw-touaran-2003-2010-4\/","title":{"rendered":"STANGEKAITSELIIST VW Touaran  2003-2010"},"content":{"rendered":"<p>Alu Frosti roostevabast terasest kaitseriba tagumise p\u00f5rkeraua \u00fclemise serva jaoks.<\/p>\n<div><\/div>\n<div>Praktiline riba, mis kaitseb kaitserauda h\u00f5\u00f5rdumise eest asjade peale- ja mahalaadimisel pagasiruumist. See praktiline lisavarustus annab autole ka luksusliku v\u00e4limuse, riba on tehases v\u00e4ga kaunilt t\u00f6\u00f6deldud ning kokkupanek toimub tootes sisalduva kahepoolse teibi liimimisega. Kasutades laadimishuule katet, s\u00e4ilitate oma s\u00f5iduki kaitseraua ja s\u00e4\u00e4state seel\u00e4bi v\u00f5imalike tulevaste remondit\u00f6\u00f6de arvelt.<\/div>\n<div><\/div>\n<div>See varustus sobib ideaalselt Volkswagen Touran I (02.2003 &#8212; 05.2010) jaoks.<\/div>\n<div><\/div>\n<div>Tehnilised andmed:<\/div>\n<div><\/div>\n<div>l\u00e4ikiv roostevaba teras (peale on liimitud l\u00e4bipaistvad disainvaigukleebised)<\/div>\n<div>hoiab \u00e4ra kaitseraua \u00fclemise serva kahjustamise<\/div>\n<div>katab ainult kaitseraua \u00fclemise pinna (ei kata serva)<\/div>\n<div>See on ilus auto disainielement<\/div>\n<div>v\u00e4ga kvaliteetne tehases valmistatud<\/div>\n<div>v\u00e4ga lihtne kokkupanek liimimise teel (kaasas kahepoolne teip)<\/div>\n","protected":false},"excerpt":{"rendered":"<p>10-2057 ALUFROST<\/p>\n","protected":false},"featured_media":111766,"comment_status":"open","ping_status":"closed","template":"","meta":{"colormag_page_container_layout":"default_layout","colormag_page_sidebar_layout":"default_layout"},"product_brand":[],"product_cat":[163,136],"product_tag":[],"class_list":{"0":"post-111769","1":"product","2":"type-product","3":"status-publish","4":"has-post-thumbnail","6":"product_cat-liist-tuning","7":"product_cat-lisavarustus","9":"first","10":"instock","11":"shipping-taxable","12":"purchasable","13":"product-type-simple"},"_links":{"self":[{"href":"https:\/\/automatic.ee\/ru\/wp-json\/wp\/v2\/product\/111769","targetHints":{"allow":["GET"]}}],"collection":[{"href":"https:\/\/automatic.ee\/ru\/wp-json\/wp\/v2\/product"}],"about":[{"href":"https:\/\/automatic.ee\/ru\/wp-json\/wp\/v2\/types\/product"}],"replies":[{"embeddable":true,"href":"https:\/\/automatic.ee\/ru\/wp-json\/wp\/v2\/comments?post=111769"}],"wp:featuredmedia":[{"embeddable":true,"href":"https:\/\/automatic.ee\/ru\/wp-json\/wp\/v2\/media\/111766"}],"wp:attachment":[{"href":"https:\/\/automatic.ee\/ru\/wp-json\/wp\/v2\/media?parent=111769"}],"wp:term":[{"taxonomy":"product_brand","embeddable":true,"href":"https:\/\/automatic.ee\/ru\/wp-json\/wp\/v2\/product_brand?post=111769"},{"taxonomy":"product_cat","embeddable":true,"href":"https:\/\/automatic.ee\/ru\/wp-json\/wp\/v2\/product_cat?post=111769"},{"taxonomy":"product_tag","embeddable":true,"href":"https:\/\/automatic.ee\/ru\/wp-json\/wp\/v2\/product_tag?post=111769"}],"curies":[{"name":"wp","href":"https:\/\/api.w.org\/{rel}","templated":true}]}}