{"id":111701,"date":"2025-11-04T06:07:02","date_gmt":"2025-11-04T04:07:02","guid":{"rendered":"https:\/\/automatic.ee\/toode\/kerele-puhastus-ja-hooldusvahend-500ml\/"},"modified":"2025-11-04T06:07:02","modified_gmt":"2025-11-04T04:07:02","slug":"kerele-puhastus-ja-hooldusvahend-500ml","status":"publish","type":"product","link":"https:\/\/automatic.ee\/ru\/toode\/kerele-puhastus-ja-hooldusvahend-500ml\/","title":{"rendered":"Kerele puhastus- ja hooldusvahend 500ml"},"content":{"rendered":"<ul>\n<li><span class=\"aNeGP0gI0B9AV8JaHPyH\">Puhastamine kergetest<\/span> <span class=\"aNeGP0gI0B9AV8JaHPyH\">saasteainetest<\/span><span class=\"aNeGP0gI0B9AV8JaHPyH\">, hooldus ja<\/span> <span class=\"aNeGP0gI0B9AV8JaHPyH\">tihendamine<\/span> <span class=\"aNeGP0gI0B9AV8JaHPyH\">\u00fches<\/span> <span class=\"aNeGP0gI0B9AV8JaHPyH\">etapis<\/span> <\/li>\n<li><span class=\"aNeGP0gI0B9AV8JaHPyH\">Vetth\u00fclgav<\/span> <span class=\"aNeGP0gI0B9AV8JaHPyH\">ja<\/span> <span class=\"aNeGP0gI0B9AV8JaHPyH\">kaitsev<\/span> <span class=\"aNeGP0gI0B9AV8JaHPyH\">toime<\/span> <\/li>\n<li><span class=\"aNeGP0gI0B9AV8JaHPyH\">Uuenduslik<\/span> <span class=\"aNeGP0gI0B9AV8JaHPyH\">pol\u00fcmeerkomponent<\/span> <span class=\"aNeGP0gI0B9AV8JaHPyH\">silub<\/span> <span class=\"aNeGP0gI0B9AV8JaHPyH\">katet<\/span> <\/li>\n<li><span class=\"aNeGP0gI0B9AV8JaHPyH\">Annab<\/span> <span class=\"aNeGP0gI0B9AV8JaHPyH\">v\u00e4rvile, kroomitud elementidele ja plastdetailidele tugeva s\u00e4ra ja intensiivse v\u00e4rvitugevuse.<\/span><\/li>\n<\/ul>\n","protected":false},"excerpt":{"rendered":"<p>1008451 BERNER<\/p>\n","protected":false},"featured_media":111698,"comment_status":"open","ping_status":"closed","template":"","meta":{"colormag_page_container_layout":"default_layout","colormag_page_sidebar_layout":"default_layout"},"product_brand":[],"product_cat":[108],"product_tag":[],"class_list":{"0":"post-111701","1":"product","2":"type-product","3":"status-publish","4":"has-post-thumbnail","6":"product_cat-misc","8":"first","9":"instock","10":"shipping-taxable","11":"purchasable","12":"product-type-simple"},"_links":{"self":[{"href":"https:\/\/automatic.ee\/ru\/wp-json\/wp\/v2\/product\/111701","targetHints":{"allow":["GET"]}}],"collection":[{"href":"https:\/\/automatic.ee\/ru\/wp-json\/wp\/v2\/product"}],"about":[{"href":"https:\/\/automatic.ee\/ru\/wp-json\/wp\/v2\/types\/product"}],"replies":[{"embeddable":true,"href":"https:\/\/automatic.ee\/ru\/wp-json\/wp\/v2\/comments?post=111701"}],"wp:featuredmedia":[{"embeddable":true,"href":"https:\/\/automatic.ee\/ru\/wp-json\/wp\/v2\/media\/111698"}],"wp:attachment":[{"href":"https:\/\/automatic.ee\/ru\/wp-json\/wp\/v2\/media?parent=111701"}],"wp:term":[{"taxonomy":"product_brand","embeddable":true,"href":"https:\/\/automatic.ee\/ru\/wp-json\/wp\/v2\/product_brand?post=111701"},{"taxonomy":"product_cat","embeddable":true,"href":"https:\/\/automatic.ee\/ru\/wp-json\/wp\/v2\/product_cat?post=111701"},{"taxonomy":"product_tag","embeddable":true,"href":"https:\/\/automatic.ee\/ru\/wp-json\/wp\/v2\/product_tag?post=111701"}],"curies":[{"name":"wp","href":"https:\/\/api.w.org\/{rel}","templated":true}]}}