{"id":111689,"date":"2025-11-04T06:06:49","date_gmt":"2025-11-04T04:06:49","guid":{"rendered":"https:\/\/automatic.ee\/toode\/klaasipuhastusvahend-es-aerosool-300ml\/"},"modified":"2025-11-04T06:06:49","modified_gmt":"2025-11-04T04:06:49","slug":"klaasipuhastusvahend-es-aerosool-300ml","status":"publish","type":"product","link":"https:\/\/automatic.ee\/ru\/toode\/klaasipuhastusvahend-es-aerosool-300ml\/","title":{"rendered":"Klaasipuhastusvahend ES+ aerosool 300ml"},"content":{"rendered":"<p><strong><\/strong><strong>T\u00f5hus ja tugev<\/strong><\/p>\n<div>Eemaldab kiiresti p\u00fcsivad lisandid, nagu rasv, nikotiin, silikoon ja putukaj\u00e4\u00e4gid, j\u00e4tmata j\u00e4\u00e4ke.<\/div>\n<div><\/div>\n<div><strong>Ohutu ja lihtne<\/strong><\/div>\n<div>Ei m\u00f5juta agressiivselt selliseid materjale nagu klaas, kroom, pol\u00fckarbonaat, erinevad plastid, metallid ja katted<\/div>\n","protected":false},"excerpt":{"rendered":"<p>1011954 BERNER<\/p>\n","protected":false},"featured_media":111686,"comment_status":"open","ping_status":"closed","template":"","meta":{"colormag_page_container_layout":"default_layout","colormag_page_sidebar_layout":"default_layout"},"product_brand":[],"product_cat":[108],"product_tag":[],"class_list":{"0":"post-111689","1":"product","2":"type-product","3":"status-publish","4":"has-post-thumbnail","6":"product_cat-misc","8":"first","9":"instock","10":"shipping-taxable","11":"purchasable","12":"product-type-simple"},"_links":{"self":[{"href":"https:\/\/automatic.ee\/ru\/wp-json\/wp\/v2\/product\/111689","targetHints":{"allow":["GET"]}}],"collection":[{"href":"https:\/\/automatic.ee\/ru\/wp-json\/wp\/v2\/product"}],"about":[{"href":"https:\/\/automatic.ee\/ru\/wp-json\/wp\/v2\/types\/product"}],"replies":[{"embeddable":true,"href":"https:\/\/automatic.ee\/ru\/wp-json\/wp\/v2\/comments?post=111689"}],"wp:featuredmedia":[{"embeddable":true,"href":"https:\/\/automatic.ee\/ru\/wp-json\/wp\/v2\/media\/111686"}],"wp:attachment":[{"href":"https:\/\/automatic.ee\/ru\/wp-json\/wp\/v2\/media?parent=111689"}],"wp:term":[{"taxonomy":"product_brand","embeddable":true,"href":"https:\/\/automatic.ee\/ru\/wp-json\/wp\/v2\/product_brand?post=111689"},{"taxonomy":"product_cat","embeddable":true,"href":"https:\/\/automatic.ee\/ru\/wp-json\/wp\/v2\/product_cat?post=111689"},{"taxonomy":"product_tag","embeddable":true,"href":"https:\/\/automatic.ee\/ru\/wp-json\/wp\/v2\/product_tag?post=111689"}],"curies":[{"name":"wp","href":"https:\/\/api.w.org\/{rel}","templated":true}]}}