{"id":111669,"date":"2025-11-04T06:06:24","date_gmt":"2025-11-04T04:06:24","guid":{"rendered":"https:\/\/automatic.ee\/toode\/kombineeritud-lehtvoti-pooratava-pesa-peaga\/"},"modified":"2025-11-04T06:06:24","modified_gmt":"2025-11-04T04:06:24","slug":"kombineeritud-lehtvoti-pooratava-pesa-peaga","status":"publish","type":"product","link":"https:\/\/automatic.ee\/ru\/toode\/kombineeritud-lehtvoti-pooratava-pesa-peaga\/","title":{"rendered":"Kombineeritud lehtv\u00f5ti p\u00f6\u00f6ratava pesa-peaga"},"content":{"rendered":"<table class=\"ecwid-description-table\">\n<colgroup>\n<col>  <\/colgroup>\n<tbody>\n<tr>\n<td><strong>Suurus<\/strong><\/td>\n<td><strong>L\/mm<\/strong><\/td>\n<td><strong>Kaal<\/strong><\/td>\n<\/tr>\n<tr>\n<td>8 mm<\/td>\n<td>170<\/td>\n<td>64 gr<\/td>\n<\/tr>\n<tr>\n<td>9 mm<\/td>\n<td>170<\/td>\n<td>68 gr<\/td>\n<\/tr>\n<tr>\n<td>10 mm<\/td>\n<td>180<\/td>\n<td>81 gr<\/td>\n<\/tr>\n<tr>\n<td>11 mm<\/td>\n<td>188<\/td>\n<td>106 gr<\/td>\n<\/tr>\n<tr>\n<td>12 mm<\/td>\n<td>190<\/td>\n<td>107 gr<\/td>\n<\/tr>\n<tr>\n<td>13 mm<\/td>\n<td>206<\/td>\n<td>135 gr<\/td>\n<\/tr>\n<tr>\n<td>14 mm<\/td>\n<td>225<\/td>\n<td>167 gr<\/td>\n<\/tr>\n<tr>\n<td>15 mm<\/td>\n<td>225<\/td>\n<td>193 gr<\/td>\n<\/tr>\n<tr>\n<td>16 mm<\/td>\n<td>234<\/td>\n<td>224 gr<\/td>\n<\/tr>\n<tr>\n<td>17 mm<\/td>\n<td>234<\/td>\n<td>237 gr<\/td>\n<\/tr>\n<tr>\n<td>18 mm<\/td>\n<td>252<\/td>\n<td>295 gr<\/td>\n<\/tr>\n<tr>\n<td>19 mm<\/td>\n<td>250<\/td>\n<td>290 gr<\/td>\n<\/tr>\n<\/tbody>\n<\/table>\n","protected":false},"excerpt":{"rendered":"<p>1020<\/p>\n","protected":false},"featured_media":111666,"comment_status":"open","ping_status":"closed","template":"","meta":{"colormag_page_container_layout":"default_layout","colormag_page_sidebar_layout":"default_layout"},"product_brand":[],"product_cat":[115,142],"product_tag":[],"class_list":{"0":"post-111669","1":"product","2":"type-product","3":"status-publish","4":"has-post-thumbnail","6":"product_cat-mutrivotmed-komplektid","7":"product_cat-tooriistad","9":"first","10":"instock","11":"shipping-taxable","12":"purchasable","13":"product-type-simple"},"_links":{"self":[{"href":"https:\/\/automatic.ee\/ru\/wp-json\/wp\/v2\/product\/111669","targetHints":{"allow":["GET"]}}],"collection":[{"href":"https:\/\/automatic.ee\/ru\/wp-json\/wp\/v2\/product"}],"about":[{"href":"https:\/\/automatic.ee\/ru\/wp-json\/wp\/v2\/types\/product"}],"replies":[{"embeddable":true,"href":"https:\/\/automatic.ee\/ru\/wp-json\/wp\/v2\/comments?post=111669"}],"wp:featuredmedia":[{"embeddable":true,"href":"https:\/\/automatic.ee\/ru\/wp-json\/wp\/v2\/media\/111666"}],"wp:attachment":[{"href":"https:\/\/automatic.ee\/ru\/wp-json\/wp\/v2\/media?parent=111669"}],"wp:term":[{"taxonomy":"product_brand","embeddable":true,"href":"https:\/\/automatic.ee\/ru\/wp-json\/wp\/v2\/product_brand?post=111669"},{"taxonomy":"product_cat","embeddable":true,"href":"https:\/\/automatic.ee\/ru\/wp-json\/wp\/v2\/product_cat?post=111669"},{"taxonomy":"product_tag","embeddable":true,"href":"https:\/\/automatic.ee\/ru\/wp-json\/wp\/v2\/product_tag?post=111669"}],"curies":[{"name":"wp","href":"https:\/\/api.w.org\/{rel}","templated":true}]}}