{"id":111561,"date":"2025-11-04T06:04:01","date_gmt":"2025-11-04T04:04:01","guid":{"rendered":"https:\/\/automatic.ee\/toode\/autosampoon-active-foam-magic-1l-grass\/"},"modified":"2025-11-04T06:04:01","modified_gmt":"2025-11-04T04:04:01","slug":"autosampoon-active-foam-magic-1l-grass","status":"publish","type":"product","link":"https:\/\/automatic.ee\/ru\/toode\/autosampoon-active-foam-magic-1l-grass\/","title":{"rendered":"Auto\u0161ampoon ACTIVE FOAM MAGIC 1L GRASS"},"content":{"rendered":"<p>Kontsentreeritud pesuvahend s\u00f5idu- ja veoautode kontaktivabaks pesemiseks. Eemaldab t\u00f5husalt mustuse, tolmu, \u00f5li, putukaj\u00e4ljed. Loob p\u00fcsiva lilla vahu, mis pestakse pinnalt kergesti maha.<\/p>\n<div>Kuidas kasutada:<\/div>\n<div>Enne pealekandmist tuleb toodet lahjendada veega kiirusega 1:5-1:7 (125-170 g) vahukomplektis (1 l) v\u00f5i 1:60-1:90 (10-16 g\/l) vahugeneraatori (25, 50, 100 l) puhul, s\u00f5ltuvalt saastatuse astmest. Vajadusel koputage mustuse pealmine kiht maha. Jahutage auto kere, seej\u00e4rel kandke lahjendatud \u00fchendit alt \u00fcles, et v\u00e4ltida tilkumist. Leotage 1-2 minutit, laskmata sellel kuivada! Loputage hoolikalt k\u00f5rgsurveveega l\u00e4hedalt (15-20 cm) alt \u00fcles.<\/div>\n<p>Auto\u0161ampoon<\/p>\n<p>110322<\/p>\n<p>GRASS<\/p>\n","protected":false},"excerpt":{"rendered":"<p>110322<\/p>\n","protected":false},"featured_media":111558,"comment_status":"open","ping_status":"closed","template":"","meta":{"colormag_page_container_layout":"default_layout","colormag_page_sidebar_layout":"default_layout"},"product_brand":[],"product_cat":[162],"product_tag":[],"class_list":{"0":"post-111561","1":"product","2":"type-product","3":"status-publish","4":"has-post-thumbnail","6":"product_cat-grass-keemia-ja-detailing","8":"first","9":"instock","10":"shipping-taxable","11":"purchasable","12":"product-type-simple"},"_links":{"self":[{"href":"https:\/\/automatic.ee\/ru\/wp-json\/wp\/v2\/product\/111561","targetHints":{"allow":["GET"]}}],"collection":[{"href":"https:\/\/automatic.ee\/ru\/wp-json\/wp\/v2\/product"}],"about":[{"href":"https:\/\/automatic.ee\/ru\/wp-json\/wp\/v2\/types\/product"}],"replies":[{"embeddable":true,"href":"https:\/\/automatic.ee\/ru\/wp-json\/wp\/v2\/comments?post=111561"}],"wp:featuredmedia":[{"embeddable":true,"href":"https:\/\/automatic.ee\/ru\/wp-json\/wp\/v2\/media\/111558"}],"wp:attachment":[{"href":"https:\/\/automatic.ee\/ru\/wp-json\/wp\/v2\/media?parent=111561"}],"wp:term":[{"taxonomy":"product_brand","embeddable":true,"href":"https:\/\/automatic.ee\/ru\/wp-json\/wp\/v2\/product_brand?post=111561"},{"taxonomy":"product_cat","embeddable":true,"href":"https:\/\/automatic.ee\/ru\/wp-json\/wp\/v2\/product_cat?post=111561"},{"taxonomy":"product_tag","embeddable":true,"href":"https:\/\/automatic.ee\/ru\/wp-json\/wp\/v2\/product_tag?post=111561"}],"curies":[{"name":"wp","href":"https:\/\/api.w.org\/{rel}","templated":true}]}}