{"id":111557,"date":"2025-11-04T06:03:57","date_gmt":"2025-11-04T04:03:57","guid":{"rendered":"https:\/\/automatic.ee\/toode\/hudrofiilne-vaha-1l-%d0%b3%d0%b8%d0%b4%d1%80%d0%be%d1%84%d0%b8%d0%bb%d1%8c%d0%bd%d1%8b%d0%b9-%d0%b2%d0%be%d1%81%d0%ba-1%d0%bb\/"},"modified":"2025-11-04T06:03:57","modified_gmt":"2025-11-04T04:03:57","slug":"hudrofiilne-vaha-1l-%d0%b3%d0%b8%d0%b4%d1%80%d0%be%d1%84%d0%b8%d0%bb%d1%8c%d0%bd%d1%8b%d0%b9-%d0%b2%d0%be%d1%81%d0%ba-1%d0%bb","status":"publish","type":"product","link":"https:\/\/automatic.ee\/ru\/toode\/hudrofiilne-vaha-1l-%d0%b3%d0%b8%d0%b4%d1%80%d0%be%d1%84%d0%b8%d0%bb%d1%8c%d0%bd%d1%8b%d0%b9-%d0%b2%d0%be%d1%81%d0%ba-1%d0%bb\/","title":{"rendered":"H\u00dcDROFIILNE VAHA 1L &#8212; \u0413\u0418\u0414\u0420\u041e\u0424\u0418\u041b\u042c\u041d\u042b\u0419 \u0412\u041e\u0421\u041a 1\u043b"},"content":{"rendered":"<p>Kontaktivaba vaht Poleerimine s\u00e4rava s\u00e4ra jaoks. S\u00e4ilitab V\u00e4rvimist\u00f6\u00f6d ja kaitseb negatiivsete keskkonnam\u00f5jude eest, kiirendab kuivamisprotsessi. T\u00e4nu h\u00fcdrofiilsele efektile suvel kaitseb keha t\u00f5husalt kahjustuste eest, mis tekivad tilkade kuivamisel ja katlakivi tekkimisel. Sellel on meeldiv l\u00f5hn. <\/p>\n<p>Kasutusmeetod:<\/p>\n<p> lahjendage toode vahtkomplekti veega vahekorras 1:2-1:5 v\u00f5i 150-350 g 1 liitri vee kohta, pihusti jaoks 20-50 g 1 liitri kohta.kandke eelnevalt puhastatud pinnale. Maksimaalse efekti saavutamiseks hoidke pinnal 2-3 minutit. \u00dclej\u00e4\u00e4nud vahendid pesta veega.<\/p>\n","protected":false},"excerpt":{"rendered":"<p>110339<\/p>\n","protected":false},"featured_media":111554,"comment_status":"open","ping_status":"closed","template":"","meta":{"colormag_page_container_layout":"default_layout","colormag_page_sidebar_layout":"default_layout"},"product_brand":[],"product_cat":[128,162],"product_tag":[],"class_list":{"0":"post-111557","1":"product","2":"type-product","3":"status-publish","4":"has-post-thumbnail","6":"product_cat-autokeemia","7":"product_cat-grass-keemia-ja-detailing","9":"first","10":"instock","11":"shipping-taxable","12":"purchasable","13":"product-type-simple"},"_links":{"self":[{"href":"https:\/\/automatic.ee\/ru\/wp-json\/wp\/v2\/product\/111557","targetHints":{"allow":["GET"]}}],"collection":[{"href":"https:\/\/automatic.ee\/ru\/wp-json\/wp\/v2\/product"}],"about":[{"href":"https:\/\/automatic.ee\/ru\/wp-json\/wp\/v2\/types\/product"}],"replies":[{"embeddable":true,"href":"https:\/\/automatic.ee\/ru\/wp-json\/wp\/v2\/comments?post=111557"}],"wp:featuredmedia":[{"embeddable":true,"href":"https:\/\/automatic.ee\/ru\/wp-json\/wp\/v2\/media\/111554"}],"wp:attachment":[{"href":"https:\/\/automatic.ee\/ru\/wp-json\/wp\/v2\/media?parent=111557"}],"wp:term":[{"taxonomy":"product_brand","embeddable":true,"href":"https:\/\/automatic.ee\/ru\/wp-json\/wp\/v2\/product_brand?post=111557"},{"taxonomy":"product_cat","embeddable":true,"href":"https:\/\/automatic.ee\/ru\/wp-json\/wp\/v2\/product_cat?post=111557"},{"taxonomy":"product_tag","embeddable":true,"href":"https:\/\/automatic.ee\/ru\/wp-json\/wp\/v2\/product_tag?post=111557"}],"curies":[{"name":"wp","href":"https:\/\/api.w.org\/{rel}","templated":true}]}}