{"id":111549,"date":"2025-11-04T06:03:48","date_gmt":"2025-11-04T04:03:48","guid":{"rendered":"https:\/\/automatic.ee\/toode\/klaasipuhastusvahend-clean-glass-600ml-grass\/"},"modified":"2025-11-04T06:03:48","modified_gmt":"2025-11-04T04:03:48","slug":"klaasipuhastusvahend-clean-glass-600ml-grass","status":"publish","type":"product","link":"https:\/\/automatic.ee\/ru\/toode\/klaasipuhastusvahend-clean-glass-600ml-grass\/","title":{"rendered":"Klaasipuhastusvahend CLEAN GLASS 600ml GRASS"},"content":{"rendered":"<p>Universaalne puhastusvahend klaasi, peeglite, plasti ja kroomi, kristallide, keraamika ja portselantoodete jaoks. Seda saab kasutada monitoride ja telerite, kapim\u00f6\u00f6bli ja kaubandusseadmete ekraani puhastamiseks. Annab pinnale antistaatilise efekti Ei j\u00e4ta kriimustusi, tagab maksimaalse l\u00e4bipaistvuse ilma triipude ja triipudeta.<\/p>\n<p>Kasutusviis: <\/p>\n<p>pihustage toodet t\u00f6\u00f6deldavale pinnale 15-20 cm kauguselt. p\u00fchkige kuiva paberr\u00e4tiku v\u00f5i lapiga, mis ei j\u00e4ta kiude, kuni t\u00f6\u00f6deldav pind on t\u00e4ielikult kuivanud.<\/p>\n","protected":false},"excerpt":{"rendered":"<p>110393<\/p>\n","protected":false},"featured_media":111546,"comment_status":"open","ping_status":"closed","template":"","meta":{"colormag_page_container_layout":"default_layout","colormag_page_sidebar_layout":"default_layout"},"product_brand":[],"product_cat":[162],"product_tag":[],"class_list":{"0":"post-111549","1":"product","2":"type-product","3":"status-publish","4":"has-post-thumbnail","6":"product_cat-grass-keemia-ja-detailing","8":"first","9":"instock","10":"shipping-taxable","11":"purchasable","12":"product-type-simple"},"_links":{"self":[{"href":"https:\/\/automatic.ee\/ru\/wp-json\/wp\/v2\/product\/111549","targetHints":{"allow":["GET"]}}],"collection":[{"href":"https:\/\/automatic.ee\/ru\/wp-json\/wp\/v2\/product"}],"about":[{"href":"https:\/\/automatic.ee\/ru\/wp-json\/wp\/v2\/types\/product"}],"replies":[{"embeddable":true,"href":"https:\/\/automatic.ee\/ru\/wp-json\/wp\/v2\/comments?post=111549"}],"wp:featuredmedia":[{"embeddable":true,"href":"https:\/\/automatic.ee\/ru\/wp-json\/wp\/v2\/media\/111546"}],"wp:attachment":[{"href":"https:\/\/automatic.ee\/ru\/wp-json\/wp\/v2\/media?parent=111549"}],"wp:term":[{"taxonomy":"product_brand","embeddable":true,"href":"https:\/\/automatic.ee\/ru\/wp-json\/wp\/v2\/product_brand?post=111549"},{"taxonomy":"product_cat","embeddable":true,"href":"https:\/\/automatic.ee\/ru\/wp-json\/wp\/v2\/product_cat?post=111549"},{"taxonomy":"product_tag","embeddable":true,"href":"https:\/\/automatic.ee\/ru\/wp-json\/wp\/v2\/product_tag?post=111549"}],"curies":[{"name":"wp","href":"https:\/\/api.w.org\/{rel}","templated":true}]}}