{"id":111545,"date":"2025-11-04T06:03:42","date_gmt":"2025-11-04T04:03:42","guid":{"rendered":"https:\/\/automatic.ee\/toode\/vihmavastane-kaitseaine-600ml\/"},"modified":"2025-11-04T06:03:42","modified_gmt":"2025-11-04T04:03:42","slug":"vihmavastane-kaitseaine-600ml","status":"publish","type":"product","link":"https:\/\/automatic.ee\/ru\/toode\/vihmavastane-kaitseaine-600ml\/","title":{"rendered":"Vihmavastane kaitseaine 600ml"},"content":{"rendered":"<p>Vee-ja mustusekindel klaaside, peeglite, auto esitulede ja muude klaaspindade jaoks. T\u00e4idab klaasi mikropoorid ja mikrol\u00f5hed, moodustades n\u00e4htamatu kile. Vihm ja mustus veerevad pinnalt kergesti maha, talvel takistab see j\u00e4\u00e4tumist. Kui s\u00f5idukiirus on \u00fcle 80 km \/ h, v\u00e4heneb vajadus kasutada klaasipuhasti Harju. Klaas p\u00fcsib kauem puhas.<\/p>\n<p>Kasutusviis:<\/p>\n<p> Puhastage pind tootega &#171;Clean Glass&#187;. Kandke klaasile &#171;Antirain&#187;, jaotage see \u00fchtlaselt pinnale, kasutades kangast, mis ei j\u00e4ta kiude. Oodake 3 minutit. Poleerimise kvaliteedi parandamiseks piserdage pinda veega. Poleerige klaas hoolikalt paberr\u00e4tiku v\u00f5i mikrokiududega, j\u00e4tmata triipe. \u00c4rge puudutage klaasi oma k\u00e4tega ja \u00e4rge kasutage p\u00e4eva jooksul muid kemikaale. P\u00e4rast esimest kasutamist parima tulemuse saavutamiseks kandke kate uuesti 15 p\u00e4eva p\u00e4rast.<\/p>\n","protected":false},"excerpt":{"rendered":"<p>110401<\/p>\n","protected":false},"featured_media":111542,"comment_status":"open","ping_status":"closed","template":"","meta":{"colormag_page_container_layout":"default_layout","colormag_page_sidebar_layout":"default_layout"},"product_brand":[],"product_cat":[128,162],"product_tag":[],"class_list":{"0":"post-111545","1":"product","2":"type-product","3":"status-publish","4":"has-post-thumbnail","6":"product_cat-autokeemia","7":"product_cat-grass-keemia-ja-detailing","9":"first","10":"instock","11":"shipping-taxable","12":"purchasable","13":"product-type-simple"},"_links":{"self":[{"href":"https:\/\/automatic.ee\/ru\/wp-json\/wp\/v2\/product\/111545","targetHints":{"allow":["GET"]}}],"collection":[{"href":"https:\/\/automatic.ee\/ru\/wp-json\/wp\/v2\/product"}],"about":[{"href":"https:\/\/automatic.ee\/ru\/wp-json\/wp\/v2\/types\/product"}],"replies":[{"embeddable":true,"href":"https:\/\/automatic.ee\/ru\/wp-json\/wp\/v2\/comments?post=111545"}],"wp:featuredmedia":[{"embeddable":true,"href":"https:\/\/automatic.ee\/ru\/wp-json\/wp\/v2\/media\/111542"}],"wp:attachment":[{"href":"https:\/\/automatic.ee\/ru\/wp-json\/wp\/v2\/media?parent=111545"}],"wp:term":[{"taxonomy":"product_brand","embeddable":true,"href":"https:\/\/automatic.ee\/ru\/wp-json\/wp\/v2\/product_brand?post=111545"},{"taxonomy":"product_cat","embeddable":true,"href":"https:\/\/automatic.ee\/ru\/wp-json\/wp\/v2\/product_cat?post=111545"},{"taxonomy":"product_tag","embeddable":true,"href":"https:\/\/automatic.ee\/ru\/wp-json\/wp\/v2\/product_tag?post=111545"}],"curies":[{"name":"wp","href":"https:\/\/api.w.org\/{rel}","templated":true}]}}