{"id":111529,"date":"2025-11-04T06:03:22","date_gmt":"2025-11-04T04:03:22","guid":{"rendered":"https:\/\/automatic.ee\/toode\/rooste-eemaldmise-vahend-rust-remover-zinc-600ml\/"},"modified":"2025-11-04T06:03:22","modified_gmt":"2025-11-04T04:03:22","slug":"rooste-eemaldmise-vahend-rust-remover-zinc-600ml","status":"publish","type":"product","link":"https:\/\/automatic.ee\/ru\/toode\/rooste-eemaldmise-vahend-rust-remover-zinc-600ml\/","title":{"rendered":"Rooste eemaldmise vahend RUST REMOVER ZINC 600ml"},"content":{"rendered":"<p>RUST REMOVER ZINC korrosioonivastane kate kaitseb korrosiooni eest ja takistab rooste levikut. T\u00f5hus orgaaniliste ja anorgaaniliste hapete segul p\u00f5hinev pesuvahend, mis on ette n\u00e4htud k\u00f5igi happekindlate materjalide, metallist (teras) pindade puhastamiseks, et eemaldada (muundada) korrosioonikahjustused (rooste) ja kaitsta t\u00f6\u00f6deldud pindu j\u00e4rgnevate atmosf\u00e4\u00e4ri- ja kliimam\u00f5jude eest. <\/p>\n<div>Kasutusviis:<\/div>\n<div>Eelnevalt puhastage pind lahtisest roostest, vanast v\u00e4rvist, \u00f5litatud osad eelnevalt rasvatustatud. Enne kasutamist loksutage hoolikalt. Kandke toode kahjustatud alale pihusti abil. L\u00e4bitungiva efekti suurendamiseks kasutage pintslit v\u00f5i k\u00e4sna. Hoida kuni t\u00e4ieliku kuivamiseni. Loputage pind voolava veega ja p\u00fchkige kuivaks. T\u00f6\u00f6tlemine v\u00f5ib h\u00f5lmata kahte v\u00f5i enamat ts\u00fcklit toote pealekandmiseks t\u00f6\u00f6deldavale pinnale. \u00c4rge laske sattuda kolmandate osapoolte detailidele.<\/div>\n","protected":false},"excerpt":{"rendered":"<p>110484<\/p>\n","protected":false},"featured_media":111526,"comment_status":"open","ping_status":"closed","template":"","meta":{"colormag_page_container_layout":"default_layout","colormag_page_sidebar_layout":"default_layout"},"product_brand":[],"product_cat":[128,162],"product_tag":[],"class_list":{"0":"post-111529","1":"product","2":"type-product","3":"status-publish","4":"has-post-thumbnail","6":"product_cat-autokeemia","7":"product_cat-grass-keemia-ja-detailing","9":"first","10":"instock","11":"shipping-taxable","12":"purchasable","13":"product-type-simple"},"_links":{"self":[{"href":"https:\/\/automatic.ee\/ru\/wp-json\/wp\/v2\/product\/111529","targetHints":{"allow":["GET"]}}],"collection":[{"href":"https:\/\/automatic.ee\/ru\/wp-json\/wp\/v2\/product"}],"about":[{"href":"https:\/\/automatic.ee\/ru\/wp-json\/wp\/v2\/types\/product"}],"replies":[{"embeddable":true,"href":"https:\/\/automatic.ee\/ru\/wp-json\/wp\/v2\/comments?post=111529"}],"wp:featuredmedia":[{"embeddable":true,"href":"https:\/\/automatic.ee\/ru\/wp-json\/wp\/v2\/media\/111526"}],"wp:attachment":[{"href":"https:\/\/automatic.ee\/ru\/wp-json\/wp\/v2\/media?parent=111529"}],"wp:term":[{"taxonomy":"product_brand","embeddable":true,"href":"https:\/\/automatic.ee\/ru\/wp-json\/wp\/v2\/product_brand?post=111529"},{"taxonomy":"product_cat","embeddable":true,"href":"https:\/\/automatic.ee\/ru\/wp-json\/wp\/v2\/product_cat?post=111529"},{"taxonomy":"product_tag","embeddable":true,"href":"https:\/\/automatic.ee\/ru\/wp-json\/wp\/v2\/product_tag?post=111529"}],"curies":[{"name":"wp","href":"https:\/\/api.w.org\/{rel}","templated":true}]}}