{"id":111489,"date":"2025-11-04T06:02:12","date_gmt":"2025-11-04T04:02:12","guid":{"rendered":"https:\/\/automatic.ee\/toode\/mootoripesuvahend-kontsentraat-110-1l\/"},"modified":"2025-11-04T06:02:12","modified_gmt":"2025-11-04T04:02:12","slug":"mootoripesuvahend-kontsentraat-110-1l","status":"publish","type":"product","link":"https:\/\/automatic.ee\/ru\/toode\/mootoripesuvahend-kontsentraat-110-1l\/","title":{"rendered":"Mootoripesuvahend kontsentraat 1:10 1L"},"content":{"rendered":"<p>Puhtamaks. See on m\u00f5eldud mootoriruumi (mootori ja selle osade) v\u00e4liseks puhastamiseks \u00f5liplekkidest, rasvaleketest, kleepuvast tolmust ja muudest saasteainetest. V\u00f5imas leeliseline valem v\u00f5imaldab teil puhastada ka k\u00f5ige kangekaelsema mustuse.<\/p>\n<div>Kasutusviis:<\/div>\n<div>L\u00fclitage mootor v\u00e4lja, \u00fchendage klemmid akust lahti ja laske mootoril jahtuda. Lahjendage kontsentraat veega kiirusega 1:4-1:9 (100-200 g) vahtpakendis (1 l) v\u00f5i 1: 50-1: 120 (8-20 g\/l) pumba pihusti jaoks, s\u00f5ltuvalt saastumise astmest. R\u00f5hu all oleva veega v\u00e4hemalt 1 meetri kaugusel koputage saastunud alalt \u00fclemine tolmukiht ja kandke seej\u00e4rel t\u00f6\u00f6deldud pinnale lahjendatud kompositsioon. Tugevalt m\u00e4\u00e4rdunud alade jaoks on soovitatav kasutada harja v\u00f5i pintslit. Hoidke 1-2 minutit, v\u00e4ltides kuivamist,seej\u00e4rel loputage hoolikalt veega.<\/div>\n","protected":false},"excerpt":{"rendered":"<p>116100<\/p>\n","protected":false},"featured_media":111486,"comment_status":"open","ping_status":"closed","template":"","meta":{"colormag_page_container_layout":"default_layout","colormag_page_sidebar_layout":"default_layout"},"product_brand":[],"product_cat":[128,162],"product_tag":[],"class_list":{"0":"post-111489","1":"product","2":"type-product","3":"status-publish","4":"has-post-thumbnail","6":"product_cat-autokeemia","7":"product_cat-grass-keemia-ja-detailing","9":"first","10":"instock","11":"shipping-taxable","12":"purchasable","13":"product-type-simple"},"_links":{"self":[{"href":"https:\/\/automatic.ee\/ru\/wp-json\/wp\/v2\/product\/111489","targetHints":{"allow":["GET"]}}],"collection":[{"href":"https:\/\/automatic.ee\/ru\/wp-json\/wp\/v2\/product"}],"about":[{"href":"https:\/\/automatic.ee\/ru\/wp-json\/wp\/v2\/types\/product"}],"replies":[{"embeddable":true,"href":"https:\/\/automatic.ee\/ru\/wp-json\/wp\/v2\/comments?post=111489"}],"wp:featuredmedia":[{"embeddable":true,"href":"https:\/\/automatic.ee\/ru\/wp-json\/wp\/v2\/media\/111486"}],"wp:attachment":[{"href":"https:\/\/automatic.ee\/ru\/wp-json\/wp\/v2\/media?parent=111489"}],"wp:term":[{"taxonomy":"product_brand","embeddable":true,"href":"https:\/\/automatic.ee\/ru\/wp-json\/wp\/v2\/product_brand?post=111489"},{"taxonomy":"product_cat","embeddable":true,"href":"https:\/\/automatic.ee\/ru\/wp-json\/wp\/v2\/product_cat?post=111489"},{"taxonomy":"product_tag","embeddable":true,"href":"https:\/\/automatic.ee\/ru\/wp-json\/wp\/v2\/product_tag?post=111489"}],"curies":[{"name":"wp","href":"https:\/\/api.w.org\/{rel}","templated":true}]}}