{"id":111485,"date":"2025-11-04T06:02:04","date_gmt":"2025-11-04T04:02:04","guid":{"rendered":"https:\/\/automatic.ee\/toode\/puhastusvahend-antigraffiti-600ml\/"},"modified":"2025-11-04T06:02:04","modified_gmt":"2025-11-04T04:02:04","slug":"puhastusvahend-antigraffiti-600ml","status":"publish","type":"product","link":"https:\/\/automatic.ee\/ru\/toode\/puhastusvahend-antigraffiti-600ml\/","title":{"rendered":"Puhastusvahend Antigraffiti 600ML"},"content":{"rendered":"<p>Toode teibi, n\u00e4rimiskummi, kummi, liimi, aga ka grafiti ja markerite eemaldamiseks erinevatelt pindadelt. Ei ole teravat l\u00f5hna.<\/p>\n<div>Mahuti: HDPE, millele on lisatud 20% taaskasutatud plasti<\/div>\n<div><\/div>\n<div>\u00dchend:<\/div>\n<div>\u226530% orgaanilisi lahusteid, \u22655%, kuid &lt;15% alifaatseid s\u00fcsivesinikke.<\/div>\n<div><\/div>\n<div>Kasutusviis:<\/div>\n<div>Kandke kompositsioon pihusti abil saastunud pinnale. J\u00e4tke pinnale 5-10 sekundit, h\u00f5\u00f5ruge, seej\u00e4rel loputage veega. Mitte kasutada auto esituledel, v\u00e4rvkattel, plast- ja kroomitud osadel!<\/div>\n","protected":false},"excerpt":{"rendered":"<p>117107<\/p>\n","protected":false},"featured_media":111482,"comment_status":"open","ping_status":"closed","template":"","meta":{"colormag_page_container_layout":"default_layout","colormag_page_sidebar_layout":"default_layout"},"product_brand":[],"product_cat":[128,162],"product_tag":[],"class_list":{"0":"post-111485","1":"product","2":"type-product","3":"status-publish","4":"has-post-thumbnail","6":"product_cat-autokeemia","7":"product_cat-grass-keemia-ja-detailing","9":"first","10":"instock","11":"shipping-taxable","12":"purchasable","13":"product-type-simple"},"_links":{"self":[{"href":"https:\/\/automatic.ee\/ru\/wp-json\/wp\/v2\/product\/111485","targetHints":{"allow":["GET"]}}],"collection":[{"href":"https:\/\/automatic.ee\/ru\/wp-json\/wp\/v2\/product"}],"about":[{"href":"https:\/\/automatic.ee\/ru\/wp-json\/wp\/v2\/types\/product"}],"replies":[{"embeddable":true,"href":"https:\/\/automatic.ee\/ru\/wp-json\/wp\/v2\/comments?post=111485"}],"wp:featuredmedia":[{"embeddable":true,"href":"https:\/\/automatic.ee\/ru\/wp-json\/wp\/v2\/media\/111482"}],"wp:attachment":[{"href":"https:\/\/automatic.ee\/ru\/wp-json\/wp\/v2\/media?parent=111485"}],"wp:term":[{"taxonomy":"product_brand","embeddable":true,"href":"https:\/\/automatic.ee\/ru\/wp-json\/wp\/v2\/product_brand?post=111485"},{"taxonomy":"product_cat","embeddable":true,"href":"https:\/\/automatic.ee\/ru\/wp-json\/wp\/v2\/product_cat?post=111485"},{"taxonomy":"product_tag","embeddable":true,"href":"https:\/\/automatic.ee\/ru\/wp-json\/wp\/v2\/product_tag?post=111485"}],"curies":[{"name":"wp","href":"https:\/\/api.w.org\/{rel}","templated":true}]}}