{"id":111383,"date":"2025-11-04T05:59:25","date_gmt":"2025-11-04T03:59:25","guid":{"rendered":"https:\/\/automatic.ee\/toode\/pooratava-narrega-kombineeritud-lehtvotmete-komplekt-14-os-king-tony\/"},"modified":"2025-11-04T05:59:25","modified_gmt":"2025-11-04T03:59:25","slug":"pooratava-narrega-kombineeritud-lehtvotmete-komplekt-14-os-king-tony","status":"publish","type":"product","link":"https:\/\/automatic.ee\/ru\/toode\/pooratava-narrega-kombineeritud-lehtvotmete-komplekt-14-os-king-tony\/","title":{"rendered":"P\u00f6\u00f6ratava narrega kombineeritud lehtv\u00f5tmete komplekt 14 os. &#8212; KING TONY"},"content":{"rendered":"<p><a href=\"https:\/\/atd.ee\/e-pood\/Kombineeritud-lehtv%C3%B5ti-reversnarrega-p264617262\" class=\"md-opjjpmhoiojifppkkcdabiobhakljdgm_doc\"><img decoding=\"async\" src=\"https:\/\/s3.amazonaws.com\/images.ecwid.com\/images\/wysiwyg\/product\/38057086\/262012644\/1607022389312-126159185\/3732M_v_png\" alt=\"\"><\/a> <\/p>\n<table class=\"ecwid-description-table\">\n<tbody>\n<tr>\n<td><a href=\"https:\/\/atd.ee\/e-pood\/Kombineeritud-lehtv%C3%B5ti-reversnarrega-p264617262\">8mm<\/a><\/td>\n<td><a href=\"https:\/\/atd.ee\/e-pood\/Kombineeritud-lehtv%C3%B5ti-reversnarrega-p264617262\">9mm<\/a><\/td>\n<td><a href=\"https:\/\/atd.ee\/e-pood\/Kombineeritud-lehtv%C3%B5ti-reversnarrega-p264617262\">10mm<\/a><\/td>\n<td><a href=\"https:\/\/atd.ee\/e-pood\/Kombineeritud-lehtv%C3%B5ti-reversnarrega-p264617262\">11mm<\/a><\/td>\n<td><a href=\"https:\/\/atd.ee\/e-pood\/Kombineeritud-lehtv%C3%B5ti-reversnarrega-p264617262\">12mm<\/a><\/td>\n<td><a href=\"https:\/\/atd.ee\/e-pood\/Kombineeritud-lehtv%C3%B5ti-reversnarrega-p264617262\">13mm<\/a><\/td>\n<td><a href=\"https:\/\/atd.ee\/e-pood\/Kombineeritud-lehtv%C3%B5ti-reversnarrega-p264617262\">14mm<\/a><\/td>\n<\/tr>\n<tr>\n<td><a href=\"https:\/\/atd.ee\/e-pood\/Kombineeritud-lehtv%C3%B5ti-reversnarrega-p264617262\">15mm<\/a><\/td>\n<td><a href=\"https:\/\/atd.ee\/e-pood\/Kombineeritud-lehtv%C3%B5ti-reversnarrega-p264617262\">16mm<\/a><\/td>\n<td><a href=\"https:\/\/atd.ee\/e-pood\/Kombineeritud-lehtv%C3%B5ti-reversnarrega-p264617262\">17mm<\/a><\/td>\n<td><a href=\"https:\/\/atd.ee\/e-pood\/Kombineeritud-lehtv%C3%B5ti-reversnarrega-p264617262\">18mm<\/a><\/td>\n<td><a href=\"https:\/\/atd.ee\/e-pood\/Kombineeritud-lehtv%C3%B5ti-reversnarrega-p264617262\">19mm<\/a><\/td>\n<td><a href=\"https:\/\/atd.ee\/e-pood\/Kombineeritud-lehtv%C3%B5ti-reversnarrega-p264617262\">22mm<\/a><\/td>\n<td><a href=\"https:\/\/atd.ee\/e-pood\/Kombineeritud-lehtv%C3%B5ti-reversnarrega-p264617262\">24mm<\/a><\/td>\n<\/tr>\n<\/tbody>\n<\/table>\n","protected":false},"excerpt":{"rendered":"<p>12214MRN<\/p>\n","protected":false},"featured_media":111380,"comment_status":"open","ping_status":"closed","template":"","meta":{"colormag_page_container_layout":"default_layout","colormag_page_sidebar_layout":"default_layout"},"product_brand":[],"product_cat":[115,142],"product_tag":[],"class_list":{"0":"post-111383","1":"product","2":"type-product","3":"status-publish","4":"has-post-thumbnail","6":"product_cat-mutrivotmed-komplektid","7":"product_cat-tooriistad","9":"first","10":"instock","11":"shipping-taxable","12":"purchasable","13":"product-type-simple"},"_links":{"self":[{"href":"https:\/\/automatic.ee\/ru\/wp-json\/wp\/v2\/product\/111383","targetHints":{"allow":["GET"]}}],"collection":[{"href":"https:\/\/automatic.ee\/ru\/wp-json\/wp\/v2\/product"}],"about":[{"href":"https:\/\/automatic.ee\/ru\/wp-json\/wp\/v2\/types\/product"}],"replies":[{"embeddable":true,"href":"https:\/\/automatic.ee\/ru\/wp-json\/wp\/v2\/comments?post=111383"}],"wp:featuredmedia":[{"embeddable":true,"href":"https:\/\/automatic.ee\/ru\/wp-json\/wp\/v2\/media\/111380"}],"wp:attachment":[{"href":"https:\/\/automatic.ee\/ru\/wp-json\/wp\/v2\/media?parent=111383"}],"wp:term":[{"taxonomy":"product_brand","embeddable":true,"href":"https:\/\/automatic.ee\/ru\/wp-json\/wp\/v2\/product_brand?post=111383"},{"taxonomy":"product_cat","embeddable":true,"href":"https:\/\/automatic.ee\/ru\/wp-json\/wp\/v2\/product_cat?post=111383"},{"taxonomy":"product_tag","embeddable":true,"href":"https:\/\/automatic.ee\/ru\/wp-json\/wp\/v2\/product_tag?post=111383"}],"curies":[{"name":"wp","href":"https:\/\/api.w.org\/{rel}","templated":true}]}}