{"id":111371,"date":"2025-11-04T05:59:00","date_gmt":"2025-11-04T03:59:00","guid":{"rendered":"https:\/\/automatic.ee\/toode\/kiirvaha-marjale-pinnale-hydro-polymer-250ml-grass\/"},"modified":"2025-11-04T05:59:00","modified_gmt":"2025-11-04T03:59:00","slug":"kiirvaha-marjale-pinnale-hydro-polymer-250ml-grass","status":"publish","type":"product","link":"https:\/\/automatic.ee\/ru\/toode\/kiirvaha-marjale-pinnale-hydro-polymer-250ml-grass\/","title":{"rendered":"Kiirvaha m\u00e4rjale pinnale HYDRO POLYMER 250ml GRASS"},"content":{"rendered":"<p>Karnaubavahaga vedel pol\u00fcmeers\u00e4ilitusaine s\u00e4rava l\u00e4ike, v\u00e4rvi, plasti ja kroomitud autoosade kaitseks ja hooldamiseks. Pinnale luuakse pol\u00fcmeerkile, mis kaitseb niiskuse, tolmu ja muude kahjulike keskkonnategurite eest. Suurendab v\u00e4rvide s\u00fcgavust ja s\u00e4ra, v\u00e4ltides samal ajal plastikust, kummist ja klaasist pilvi. Puhastab v\u00e4rvi mitmest reaktiivist ja soolast. Abrasiivseid elemente ei ole. P\u00e4rast pesemist kantakse see auto m\u00e4rjale pinnale. <\/p>\n<p><\/p>\n<div>KASUTUSVIIS<\/div>\n<div><\/div>\n<p>Pihusti abil kandke v\u00e4ike kogus toodet puhtale niiskele k\u00e4snale, jaotades selle \u00fchtlaselt pinnale \u00f5hukese kihina. Oodake 1-2 minutit. Loputage k\u00f5rgsurveveega. Maksimaalse efekti saavutamiseks poleerige keha puhta ja kuiva mikrokiudlapiga (soovitatav on kasutada WIPER SOFT kangast, art. IT-0352). Toode v\u00f5ib olla kihiline. Enne kasutamist loksutada!<\/p>\n","protected":false},"excerpt":{"rendered":"<p>125317<\/p>\n","protected":false},"featured_media":111368,"comment_status":"open","ping_status":"closed","template":"","meta":{"colormag_page_container_layout":"default_layout","colormag_page_sidebar_layout":"default_layout"},"product_brand":[],"product_cat":[162],"product_tag":[],"class_list":{"0":"post-111371","1":"product","2":"type-product","3":"status-publish","4":"has-post-thumbnail","6":"product_cat-grass-keemia-ja-detailing","8":"first","9":"instock","10":"shipping-taxable","11":"purchasable","12":"product-type-simple"},"_links":{"self":[{"href":"https:\/\/automatic.ee\/ru\/wp-json\/wp\/v2\/product\/111371","targetHints":{"allow":["GET"]}}],"collection":[{"href":"https:\/\/automatic.ee\/ru\/wp-json\/wp\/v2\/product"}],"about":[{"href":"https:\/\/automatic.ee\/ru\/wp-json\/wp\/v2\/types\/product"}],"replies":[{"embeddable":true,"href":"https:\/\/automatic.ee\/ru\/wp-json\/wp\/v2\/comments?post=111371"}],"wp:featuredmedia":[{"embeddable":true,"href":"https:\/\/automatic.ee\/ru\/wp-json\/wp\/v2\/media\/111368"}],"wp:attachment":[{"href":"https:\/\/automatic.ee\/ru\/wp-json\/wp\/v2\/media?parent=111371"}],"wp:term":[{"taxonomy":"product_brand","embeddable":true,"href":"https:\/\/automatic.ee\/ru\/wp-json\/wp\/v2\/product_brand?post=111371"},{"taxonomy":"product_cat","embeddable":true,"href":"https:\/\/automatic.ee\/ru\/wp-json\/wp\/v2\/product_cat?post=111371"},{"taxonomy":"product_tag","embeddable":true,"href":"https:\/\/automatic.ee\/ru\/wp-json\/wp\/v2\/product_tag?post=111371"}],"curies":[{"name":"wp","href":"https:\/\/api.w.org\/{rel}","templated":true}]}}