{"id":111267,"date":"2025-11-04T05:56:50","date_gmt":"2025-11-04T03:56:50","guid":{"rendered":"https:\/\/automatic.ee\/toode\/katepuhastusvahend-150ml\/"},"modified":"2025-11-04T05:56:50","modified_gmt":"2025-11-04T03:56:50","slug":"katepuhastusvahend-150ml","status":"publish","type":"product","link":"https:\/\/automatic.ee\/ru\/toode\/katepuhastusvahend-150ml\/","title":{"rendered":"K\u00e4tepuhastusvahend 150ml"},"content":{"rendered":"<p>K\u00e4te puhastamiseks h\u00f5\u00f5rudes kohtades, kus pole vett ega k\u00e4ter\u00e4tikuid.<\/p>\n<div>Eelised:<\/div>\n<div>Seda toodet saab h\u00f5lpsasti hoida t\u00f6\u00f6riistakastis v\u00f5i kindalaekas.<\/div>\n<div>See saavutab oma t\u00e4ieliku t\u00f5hususe p\u00e4rast remonti tee servas.<\/div>\n<div>See puhastusvahend on sidrunil\u00f5hnaline valge lateksemulsioon puhastusvaht.<\/div>\n<div>Ei sisalda klooritud lahusteid.<\/div>\n","protected":false},"excerpt":{"rendered":"<p>148129 BERNER<\/p>\n","protected":false},"featured_media":111264,"comment_status":"open","ping_status":"closed","template":"","meta":{"colormag_page_container_layout":"default_layout","colormag_page_sidebar_layout":"default_layout"},"product_brand":[],"product_cat":[108],"product_tag":[],"class_list":{"0":"post-111267","1":"product","2":"type-product","3":"status-publish","4":"has-post-thumbnail","6":"product_cat-misc","8":"first","9":"instock","10":"shipping-taxable","11":"purchasable","12":"product-type-simple"},"_links":{"self":[{"href":"https:\/\/automatic.ee\/ru\/wp-json\/wp\/v2\/product\/111267","targetHints":{"allow":["GET"]}}],"collection":[{"href":"https:\/\/automatic.ee\/ru\/wp-json\/wp\/v2\/product"}],"about":[{"href":"https:\/\/automatic.ee\/ru\/wp-json\/wp\/v2\/types\/product"}],"replies":[{"embeddable":true,"href":"https:\/\/automatic.ee\/ru\/wp-json\/wp\/v2\/comments?post=111267"}],"wp:featuredmedia":[{"embeddable":true,"href":"https:\/\/automatic.ee\/ru\/wp-json\/wp\/v2\/media\/111264"}],"wp:attachment":[{"href":"https:\/\/automatic.ee\/ru\/wp-json\/wp\/v2\/media?parent=111267"}],"wp:term":[{"taxonomy":"product_brand","embeddable":true,"href":"https:\/\/automatic.ee\/ru\/wp-json\/wp\/v2\/product_brand?post=111267"},{"taxonomy":"product_cat","embeddable":true,"href":"https:\/\/automatic.ee\/ru\/wp-json\/wp\/v2\/product_cat?post=111267"},{"taxonomy":"product_tag","embeddable":true,"href":"https:\/\/automatic.ee\/ru\/wp-json\/wp\/v2\/product_tag?post=111267"}],"curies":[{"name":"wp","href":"https:\/\/api.w.org\/{rel}","templated":true}]}}