{"id":111259,"date":"2025-11-04T05:56:43","date_gmt":"2025-11-04T03:56:43","guid":{"rendered":"https:\/\/automatic.ee\/toode\/korpuse-ja-kivipuru-kaitse-kumm-pustolile-%d1%80%d0%b5%d0%b7%d0%b8%d0%bd%d0%be%d0%b2%d0%b0%d1%8f-%d0%b7%d0%b0%d1%89%d0%b8%d1%82%d0%b0-%d0%b4%d0%bd%d0%b8%d1%89%d0%b0-%d0%be%d1%82-%d0%ba%d0%b0%d0%bc\/"},"modified":"2025-11-04T05:56:43","modified_gmt":"2025-11-04T03:56:43","slug":"korpuse-ja-kivipuru-kaitse-kumm-pustolile-%d1%80%d0%b5%d0%b7%d0%b8%d0%bd%d0%be%d0%b2%d0%b0%d1%8f-%d0%b7%d0%b0%d1%89%d0%b8%d1%82%d0%b0-%d0%b4%d0%bd%d0%b8%d1%89%d0%b0-%d0%be%d1%82-%d0%ba%d0%b0%d0%bc","status":"publish","type":"product","link":"https:\/\/automatic.ee\/ru\/toode\/korpuse-ja-kivipuru-kaitse-kumm-pustolile-%d1%80%d0%b5%d0%b7%d0%b8%d0%bd%d0%be%d0%b2%d0%b0%d1%8f-%d0%b7%d0%b0%d1%89%d0%b8%d1%82%d0%b0-%d0%b4%d0%bd%d0%b8%d1%89%d0%b0-%d0%be%d1%82-%d0%ba%d0%b0%d0%bc\/","title":{"rendered":"Korpuse ja kivipuru kaitse kumm p\u00fcstolile &#8212; \u0420\u0435\u0437\u0438\u043d\u043e\u0432\u0430\u044f \u0437\u0430\u0449\u0438\u0442\u0430 \u0434\u043d\u0438\u0449\u0430 \u043e\u0442 \u043a\u0430\u043c\u043d\u0435\u0439 1L"},"content":{"rendered":"<p>Rooste- ja korrosioonivastane kummip\u00f5hine kate kaitseraudadele, esi- ja tagap\u00f5lledele, l\u00e4vepakudele, rattakoobastele ja \u0161assiile.<\/p>\n<div>Sobiv heliisolatsioonimaterjal rattakoobastele ja \u0161assiile<\/div>\n<div>Sobib s\u00f5iduautodele, veoautodele, bussidele ja bussidele.<\/div>\n<div>Toote eelised:<\/div>\n<div>Kiire ja lihtne kasutada<\/div>\n<div>V\u00e4ga kiire naha moodustumine ja k\u00f5venemine.<\/div>\n<div>Hea veekindluskindlus<\/div>\n<div>Sobib kuivatamiseks ahjus 60\u00b0C juures.<\/div>\n<div>V\u00e4ga hea nakkuvus erinevate aluspindadega.<\/div>\n<div>V\u00e4ga head mehaanilised omadused<\/div>\n<div>K\u00f5rged kaitseomadused kivide ja kruusa eest.<\/div>\n<div>Kriimustus- ja kulumiskindlus<\/div>\n<div>Hea heliisolatsioon rattakoobas ja \u0161assiis.<\/div>\n<div>Hea keemiline vastupidavus<\/div>\n<div>Hea korrosioonikindlus<\/div>\n<div>Vastupidav soolasele veele, \u00f5lidele, n\u00f5rkadele hapetele ja alustele.<\/div>\n<div>Lihtne integreerida olemasolevatesse t\u00f6\u00f6voogudesse<\/div>\n<div>V\u00f5ib v\u00e4rvida enamlevinud 2K s\u00fcsteemide ja alusv\u00e4rvidega.<\/div>\n","protected":false},"excerpt":{"rendered":"<p>148367 BERNER<\/p>\n","protected":false},"featured_media":111256,"comment_status":"open","ping_status":"closed","template":"","meta":{"colormag_page_container_layout":"default_layout","colormag_page_sidebar_layout":"default_layout"},"product_brand":[],"product_cat":[108],"product_tag":[],"class_list":{"0":"post-111259","1":"product","2":"type-product","3":"status-publish","4":"has-post-thumbnail","6":"product_cat-misc","8":"first","9":"instock","10":"shipping-taxable","11":"purchasable","12":"product-type-simple"},"_links":{"self":[{"href":"https:\/\/automatic.ee\/ru\/wp-json\/wp\/v2\/product\/111259","targetHints":{"allow":["GET"]}}],"collection":[{"href":"https:\/\/automatic.ee\/ru\/wp-json\/wp\/v2\/product"}],"about":[{"href":"https:\/\/automatic.ee\/ru\/wp-json\/wp\/v2\/types\/product"}],"replies":[{"embeddable":true,"href":"https:\/\/automatic.ee\/ru\/wp-json\/wp\/v2\/comments?post=111259"}],"wp:featuredmedia":[{"embeddable":true,"href":"https:\/\/automatic.ee\/ru\/wp-json\/wp\/v2\/media\/111256"}],"wp:attachment":[{"href":"https:\/\/automatic.ee\/ru\/wp-json\/wp\/v2\/media?parent=111259"}],"wp:term":[{"taxonomy":"product_brand","embeddable":true,"href":"https:\/\/automatic.ee\/ru\/wp-json\/wp\/v2\/product_brand?post=111259"},{"taxonomy":"product_cat","embeddable":true,"href":"https:\/\/automatic.ee\/ru\/wp-json\/wp\/v2\/product_cat?post=111259"},{"taxonomy":"product_tag","embeddable":true,"href":"https:\/\/automatic.ee\/ru\/wp-json\/wp\/v2\/product_tag?post=111259"}],"curies":[{"name":"wp","href":"https:\/\/api.w.org\/{rel}","templated":true}]}}