{"id":111255,"date":"2025-11-04T05:56:39","date_gmt":"2025-11-04T03:56:39","guid":{"rendered":"https:\/\/automatic.ee\/toode\/gaasilekke-tuvastamine-%d0%bf%d0%be%d0%b8%d1%81%d0%ba-%d1%83%d1%82%d0%b5%d1%87%d0%b5%d0%ba-%d0%b3%d0%b0%d0%b7%d0%b0-400ml\/"},"modified":"2025-11-04T05:56:39","modified_gmt":"2025-11-04T03:56:39","slug":"gaasilekke-tuvastamine-%d0%bf%d0%be%d0%b8%d1%81%d0%ba-%d1%83%d1%82%d0%b5%d1%87%d0%b5%d0%ba-%d0%b3%d0%b0%d0%b7%d0%b0-400ml","status":"publish","type":"product","link":"https:\/\/automatic.ee\/ru\/toode\/gaasilekke-tuvastamine-%d0%bf%d0%be%d0%b8%d1%81%d0%ba-%d1%83%d1%82%d0%b5%d1%87%d0%b5%d0%ba-%d0%b3%d0%b0%d0%b7%d0%b0-400ml\/","title":{"rendered":"GAASILEKKE TUVASTAMINE &#8212; \u041f\u041e\u0418\u0421\u041a \u0423\u0422\u0415\u0427\u0415\u041a \u0413\u0410\u0417\u0410 400ml"},"content":{"rendered":"<p>Kasutusvaldkonnad:<\/p>\n<div>\u00d5hu- v\u00f5i gaasir\u00f5hu all olevate torude ja voolikute lekete tuvastamine.<\/div>\n<div>Toote eelised:<\/div>\n<div>Mugav<\/div>\n<div>Kiire ja usaldusv\u00e4\u00e4rne diagnoos t\u00e4nu tugevatele vahuomadustele.<\/div>\n<div>Hea materjalide \u00fchilduvus<\/div>\n<div>Mittes\u00f6\u00f6vitav<\/div>\n<div>Sobib ka autot\u00f6\u00f6stusele, maagaasile, metaanile ja vesinikule.<\/div>\n<div>Sertifitseeritud kvaliteet<\/div>\n<div>DVGW testitud, 400 ml purk (reg nr NG-5170AO0758)<\/div>\n","protected":false},"excerpt":{"rendered":"<p>148383 BERNER<\/p>\n","protected":false},"featured_media":111252,"comment_status":"open","ping_status":"closed","template":"","meta":{"colormag_page_container_layout":"default_layout","colormag_page_sidebar_layout":"default_layout"},"product_brand":[],"product_cat":[108],"product_tag":[],"class_list":{"0":"post-111255","1":"product","2":"type-product","3":"status-publish","4":"has-post-thumbnail","6":"product_cat-misc","8":"first","9":"instock","10":"shipping-taxable","11":"purchasable","12":"product-type-simple"},"_links":{"self":[{"href":"https:\/\/automatic.ee\/ru\/wp-json\/wp\/v2\/product\/111255","targetHints":{"allow":["GET"]}}],"collection":[{"href":"https:\/\/automatic.ee\/ru\/wp-json\/wp\/v2\/product"}],"about":[{"href":"https:\/\/automatic.ee\/ru\/wp-json\/wp\/v2\/types\/product"}],"replies":[{"embeddable":true,"href":"https:\/\/automatic.ee\/ru\/wp-json\/wp\/v2\/comments?post=111255"}],"wp:featuredmedia":[{"embeddable":true,"href":"https:\/\/automatic.ee\/ru\/wp-json\/wp\/v2\/media\/111252"}],"wp:attachment":[{"href":"https:\/\/automatic.ee\/ru\/wp-json\/wp\/v2\/media?parent=111255"}],"wp:term":[{"taxonomy":"product_brand","embeddable":true,"href":"https:\/\/automatic.ee\/ru\/wp-json\/wp\/v2\/product_brand?post=111255"},{"taxonomy":"product_cat","embeddable":true,"href":"https:\/\/automatic.ee\/ru\/wp-json\/wp\/v2\/product_cat?post=111255"},{"taxonomy":"product_tag","embeddable":true,"href":"https:\/\/automatic.ee\/ru\/wp-json\/wp\/v2\/product_tag?post=111255"}],"curies":[{"name":"wp","href":"https:\/\/api.w.org\/{rel}","templated":true}]}}