{"id":111215,"date":"2025-11-04T05:55:52","date_gmt":"2025-11-04T03:55:52","guid":{"rendered":"https:\/\/automatic.ee\/toode\/rehvilaige-black-rubber-pudel-250-ml\/"},"modified":"2025-11-04T05:55:52","modified_gmt":"2025-11-04T03:55:52","slug":"rehvilaige-black-rubber-pudel-250-ml","status":"publish","type":"product","link":"https:\/\/automatic.ee\/ru\/toode\/rehvilaige-black-rubber-pudel-250-ml\/","title":{"rendered":"Rehvil\u00e4ige Black rubber (pudel 250 ml)"},"content":{"rendered":"<p>Professionaalne autokeemia koostis rehvide puhastamiseks ja poleerimiseks, samuti muud kummist autotooted. Taastab musta v\u00e4rvi, uuendab pinda, annab l\u00e4ikiva l\u00e4ike. Annab pinnale antistaatilised omadused.<\/p>\n<div>\u00dchend:<\/div>\n<div>vesi, silikoonlisandid, poleerimisvaha, emulgaatorid, l\u00f5hnaained. Ettevaatusabin\u00f5ud: mitte lubada kokkupuudet klaasi v\u00f5i peeglitega. Nahale v\u00f5i limaskestale sattumisel pesta rohke seebi ja veega.<\/div>\n<div><\/div>\n<div>Kasutusviis:<\/div>\n<div>Kompositsioon on kasutamiseks valmis. 1. Pihustage tinti t\u00f6\u00f6deldavale pinnale 15-20 cm kauguselt 2. H\u00f5\u00f5ruge ringjate liigutustega.<\/div>\n","protected":false},"excerpt":{"rendered":"<p>153250<\/p>\n","protected":false},"featured_media":111212,"comment_status":"open","ping_status":"closed","template":"","meta":{"colormag_page_container_layout":"default_layout","colormag_page_sidebar_layout":"default_layout"},"product_brand":[],"product_cat":[128,162],"product_tag":[],"class_list":{"0":"post-111215","1":"product","2":"type-product","3":"status-publish","4":"has-post-thumbnail","6":"product_cat-autokeemia","7":"product_cat-grass-keemia-ja-detailing","9":"first","10":"instock","11":"shipping-taxable","12":"purchasable","13":"product-type-simple"},"_links":{"self":[{"href":"https:\/\/automatic.ee\/ru\/wp-json\/wp\/v2\/product\/111215","targetHints":{"allow":["GET"]}}],"collection":[{"href":"https:\/\/automatic.ee\/ru\/wp-json\/wp\/v2\/product"}],"about":[{"href":"https:\/\/automatic.ee\/ru\/wp-json\/wp\/v2\/types\/product"}],"replies":[{"embeddable":true,"href":"https:\/\/automatic.ee\/ru\/wp-json\/wp\/v2\/comments?post=111215"}],"wp:featuredmedia":[{"embeddable":true,"href":"https:\/\/automatic.ee\/ru\/wp-json\/wp\/v2\/media\/111212"}],"wp:attachment":[{"href":"https:\/\/automatic.ee\/ru\/wp-json\/wp\/v2\/media?parent=111215"}],"wp:term":[{"taxonomy":"product_brand","embeddable":true,"href":"https:\/\/automatic.ee\/ru\/wp-json\/wp\/v2\/product_brand?post=111215"},{"taxonomy":"product_cat","embeddable":true,"href":"https:\/\/automatic.ee\/ru\/wp-json\/wp\/v2\/product_cat?post=111215"},{"taxonomy":"product_tag","embeddable":true,"href":"https:\/\/automatic.ee\/ru\/wp-json\/wp\/v2\/product_tag?post=111215"}],"curies":[{"name":"wp","href":"https:\/\/api.w.org\/{rel}","templated":true}]}}