{"id":111191,"date":"2025-11-04T05:55:24","date_gmt":"2025-11-04T03:55:24","guid":{"rendered":"https:\/\/automatic.ee\/toode\/hooldussprei-roostevabale-terasele-%d1%81%d0%bf%d1%80%d0%b5%d0%b9-%d0%be%d0%b1%d1%81%d0%bb%d1%83%d0%b6%d0%b8%d0%b2%d0%b0%d0%bd%d0%b8%d1%8f-%d0%bd%d0%b5%d1%80%d0%b6%d0%b0%d0%b2%d0%b5%d1%8e%d1%89\/"},"modified":"2025-11-04T05:55:24","modified_gmt":"2025-11-04T03:55:24","slug":"hooldussprei-roostevabale-terasele-%d1%81%d0%bf%d1%80%d0%b5%d0%b9-%d0%be%d0%b1%d1%81%d0%bb%d1%83%d0%b6%d0%b8%d0%b2%d0%b0%d0%bd%d0%b8%d1%8f-%d0%bd%d0%b5%d1%80%d0%b6%d0%b0%d0%b2%d0%b5%d1%8e%d1%89","status":"publish","type":"product","link":"https:\/\/automatic.ee\/ru\/toode\/hooldussprei-roostevabale-terasele-%d1%81%d0%bf%d1%80%d0%b5%d0%b9-%d0%be%d0%b1%d1%81%d0%bb%d1%83%d0%b6%d0%b8%d0%b2%d0%b0%d0%bd%d0%b8%d1%8f-%d0%bd%d0%b5%d1%80%d0%b6%d0%b0%d0%b2%d0%b5%d1%8e%d1%89\/","title":{"rendered":"HOOLDUSSPREI ROOSTEVABALE TERASELE &#8212; \u0421\u041f\u0420\u0415\u0419 \u041e\u0411\u0421\u041b\u0423\u0416\u0418\u0412\u0410\u041d\u0418\u042f \u041d\u0415\u0420\u0416\u0410\u0412\u0415\u042e\u0429\u0415\u0419 \u0421\u0422\u0410\u041b\u0418 400ML"},"content":{"rendered":"<p>Eemaldab tolmu, mustuse, s\u00f5rmej\u00e4ljed ja m\u00e4\u00e4rdekile ilma n\u00e4htavaid j\u00e4\u00e4ke j\u00e4tmata.<\/p>\n<div>Vastupidav kaitsekile t\u00f5rjub vett ja takistab uue mustuse kinnitumist.<\/div>\n<div>On antistaatilise toimega<\/div>\n","protected":false},"excerpt":{"rendered":"<p>160366 BERNER<\/p>\n","protected":false},"featured_media":111188,"comment_status":"open","ping_status":"closed","template":"","meta":{"colormag_page_container_layout":"default_layout","colormag_page_sidebar_layout":"default_layout"},"product_brand":[],"product_cat":[108],"product_tag":[],"class_list":{"0":"post-111191","1":"product","2":"type-product","3":"status-publish","4":"has-post-thumbnail","6":"product_cat-misc","8":"first","9":"instock","10":"shipping-taxable","11":"purchasable","12":"product-type-simple"},"_links":{"self":[{"href":"https:\/\/automatic.ee\/ru\/wp-json\/wp\/v2\/product\/111191","targetHints":{"allow":["GET"]}}],"collection":[{"href":"https:\/\/automatic.ee\/ru\/wp-json\/wp\/v2\/product"}],"about":[{"href":"https:\/\/automatic.ee\/ru\/wp-json\/wp\/v2\/types\/product"}],"replies":[{"embeddable":true,"href":"https:\/\/automatic.ee\/ru\/wp-json\/wp\/v2\/comments?post=111191"}],"wp:featuredmedia":[{"embeddable":true,"href":"https:\/\/automatic.ee\/ru\/wp-json\/wp\/v2\/media\/111188"}],"wp:attachment":[{"href":"https:\/\/automatic.ee\/ru\/wp-json\/wp\/v2\/media?parent=111191"}],"wp:term":[{"taxonomy":"product_brand","embeddable":true,"href":"https:\/\/automatic.ee\/ru\/wp-json\/wp\/v2\/product_brand?post=111191"},{"taxonomy":"product_cat","embeddable":true,"href":"https:\/\/automatic.ee\/ru\/wp-json\/wp\/v2\/product_cat?post=111191"},{"taxonomy":"product_tag","embeddable":true,"href":"https:\/\/automatic.ee\/ru\/wp-json\/wp\/v2\/product_tag?post=111191"}],"curies":[{"name":"wp","href":"https:\/\/api.w.org\/{rel}","templated":true}]}}