{"id":111179,"date":"2025-11-04T05:55:06","date_gmt":"2025-11-04T03:55:06","guid":{"rendered":"https:\/\/automatic.ee\/toode\/aerosool-%d1%81%d0%bc%d0%b0%d0%b7%d0%be%d1%87%d0%bd%d1%8b%d0%b9-%d1%81%d0%bf%d1%80%d0%b5%d0%b9-%d0%b4%d0%bb%d1%8f-%d0%ba%d0%bb%d0%b5%d0%bc%d0%bc-400ml\/"},"modified":"2025-11-04T05:55:06","modified_gmt":"2025-11-04T03:55:06","slug":"aerosool-%d1%81%d0%bc%d0%b0%d0%b7%d0%be%d1%87%d0%bd%d1%8b%d0%b9-%d1%81%d0%bf%d1%80%d0%b5%d0%b9-%d0%b4%d0%bb%d1%8f-%d0%ba%d0%bb%d0%b5%d0%bc%d0%bc-400ml","status":"publish","type":"product","link":"https:\/\/automatic.ee\/ru\/toode\/aerosool-%d1%81%d0%bc%d0%b0%d0%b7%d0%be%d1%87%d0%bd%d1%8b%d0%b9-%d1%81%d0%bf%d1%80%d0%b5%d0%b9-%d0%b4%d0%bb%d1%8f-%d0%ba%d0%bb%d0%b5%d0%bc%d0%bc-400ml\/","title":{"rendered":"AEROSOOL &#8212; \u0421\u041c\u0410\u0417\u041e\u0427\u041d\u042b\u0419 \u0421\u041f\u0420\u0415\u0419 \u0414\u041b\u042f \u041a\u041b\u0415\u041c\u041c 400ml"},"content":{"rendered":"<p>Aku klemmide pikaajaline kaitse.<\/p>\n<div>V\u00e4hendab aku klemmide korrosioonist tingitud tulekahjuohtu.<\/div>\n<div>Hoiab \u00e4ra korrodeerunud akuklemmidest p\u00f5hjustatud elektrim\u00fcra.<\/div>\n","protected":false},"excerpt":{"rendered":"<p>160723 BERNER<\/p>\n","protected":false},"featured_media":111176,"comment_status":"open","ping_status":"closed","template":"","meta":{"colormag_page_container_layout":"default_layout","colormag_page_sidebar_layout":"default_layout"},"product_brand":[],"product_cat":[108],"product_tag":[],"class_list":{"0":"post-111179","1":"product","2":"type-product","3":"status-publish","4":"has-post-thumbnail","6":"product_cat-misc","8":"first","9":"instock","10":"shipping-taxable","11":"purchasable","12":"product-type-simple"},"_links":{"self":[{"href":"https:\/\/automatic.ee\/ru\/wp-json\/wp\/v2\/product\/111179","targetHints":{"allow":["GET"]}}],"collection":[{"href":"https:\/\/automatic.ee\/ru\/wp-json\/wp\/v2\/product"}],"about":[{"href":"https:\/\/automatic.ee\/ru\/wp-json\/wp\/v2\/types\/product"}],"replies":[{"embeddable":true,"href":"https:\/\/automatic.ee\/ru\/wp-json\/wp\/v2\/comments?post=111179"}],"wp:featuredmedia":[{"embeddable":true,"href":"https:\/\/automatic.ee\/ru\/wp-json\/wp\/v2\/media\/111176"}],"wp:attachment":[{"href":"https:\/\/automatic.ee\/ru\/wp-json\/wp\/v2\/media?parent=111179"}],"wp:term":[{"taxonomy":"product_brand","embeddable":true,"href":"https:\/\/automatic.ee\/ru\/wp-json\/wp\/v2\/product_brand?post=111179"},{"taxonomy":"product_cat","embeddable":true,"href":"https:\/\/automatic.ee\/ru\/wp-json\/wp\/v2\/product_cat?post=111179"},{"taxonomy":"product_tag","embeddable":true,"href":"https:\/\/automatic.ee\/ru\/wp-json\/wp\/v2\/product_tag?post=111179"}],"curies":[{"name":"wp","href":"https:\/\/api.w.org\/{rel}","templated":true}]}}