{"id":111127,"date":"2025-11-04T05:54:13","date_gmt":"2025-11-04T03:54:13","guid":{"rendered":"https:\/\/automatic.ee\/toode\/pagasiluugi-servaliist-audi-q7-2005-2\/"},"modified":"2025-11-04T05:54:13","modified_gmt":"2025-11-04T03:54:13","slug":"pagasiluugi-servaliist-audi-q7-2005-2","status":"publish","type":"product","link":"https:\/\/automatic.ee\/ru\/toode\/pagasiluugi-servaliist-audi-q7-2005-2\/","title":{"rendered":"PAGASILUUGI SERVALIIST &#8212; AUDI Q7  2005 +"},"content":{"rendered":"<p>Harjatud roostevabast terasest riba piki tagaluugi serva Alu Frost.<\/p>\n<div><\/div>\n<div>Roostevabast terasest riba riiuli alumisel serval on nii konstruktsioon kui ka riiuli serva kaitseelement. Teibi paigaldamine on v\u00e4ga lihtne, tuleb vaid pind rasvatustada, kaitsekile maha rebida ja riba liimida. Varras on valmistatud roostevabast terasest mati ALU BRUSH pinnaga. Riba pikkus ja laius s\u00f5ltuvad \u00fcksikutest automudelitest.<\/div>\n<div><\/div>\n<div>See riba sobib t\u00e4pselt Audi Q7 s\u00f5idukite (11.2005 &#8212; 08.2015) pagasiruumi serva k\u00fclge.<\/div>\n<div><\/div>\n<div>Tehnilised andmed:<\/div>\n<div><\/div>\n<div>kaunistusliist teie auto elegantseks tagaosaks<\/div>\n<div>roostevaba teras mati pinnaga ALU BRUSH<\/div>\n<div>lihtne paigaldamine, liimides ribale kuuluva kahepoolse teibi<\/div>\n<div>riba v\u00f5ib olla ka pagasiruumi serva kaitseks<\/div>\n<div> <\/div>\n<div><\/div>\n<div>R\u00f6\u00f6pa paigaldamine:<\/div>\n<div><\/div>\n<div>Enne liistude kokkupanemist on vaja tagada soodne temperatuurire\u017eiim (20\u00b0C), v\u00f5imalusel sama auto kerele ja paigaldatud liistidele.<\/div>\n<div>puhastage ja rasvatage keha pind p\u00f5hjalikult varda kinnituskohtades<\/div>\n<div>asetage riba m\u00e4\u00e4rdunud pinnale ja kontrollige, kas k\u00f5ik sobib korralikult<\/div>\n<div>koorige ribalt v\u00e4rviline kaitseteip ja kleepige see ettevaatlikult pagasiruumi serva k\u00fclge (olge ettevaatlik ja kleepige riba esimesel korral, isekleepuv teip on v\u00e4ga tugeva nakkumisega)<\/div>\n<div>seej\u00e4rel vajutage riba k\u00f5ikidesse kohtadesse nii, et k\u00f5ik kahepoolse teibi kohad j\u00e4\u00e4ksid keha k\u00fclge kinni<\/div>\n","protected":false},"excerpt":{"rendered":"<p>17-3114 ALUFROST<\/p>\n","protected":false},"featured_media":111124,"comment_status":"open","ping_status":"closed","template":"","meta":{"colormag_page_container_layout":"default_layout","colormag_page_sidebar_layout":"default_layout"},"product_brand":[],"product_cat":[163,136],"product_tag":[],"class_list":{"0":"post-111127","1":"product","2":"type-product","3":"status-publish","4":"has-post-thumbnail","6":"product_cat-liist-tuning","7":"product_cat-lisavarustus","9":"first","10":"instock","11":"shipping-taxable","12":"purchasable","13":"product-type-simple"},"_links":{"self":[{"href":"https:\/\/automatic.ee\/ru\/wp-json\/wp\/v2\/product\/111127","targetHints":{"allow":["GET"]}}],"collection":[{"href":"https:\/\/automatic.ee\/ru\/wp-json\/wp\/v2\/product"}],"about":[{"href":"https:\/\/automatic.ee\/ru\/wp-json\/wp\/v2\/types\/product"}],"replies":[{"embeddable":true,"href":"https:\/\/automatic.ee\/ru\/wp-json\/wp\/v2\/comments?post=111127"}],"wp:featuredmedia":[{"embeddable":true,"href":"https:\/\/automatic.ee\/ru\/wp-json\/wp\/v2\/media\/111124"}],"wp:attachment":[{"href":"https:\/\/automatic.ee\/ru\/wp-json\/wp\/v2\/media?parent=111127"}],"wp:term":[{"taxonomy":"product_brand","embeddable":true,"href":"https:\/\/automatic.ee\/ru\/wp-json\/wp\/v2\/product_brand?post=111127"},{"taxonomy":"product_cat","embeddable":true,"href":"https:\/\/automatic.ee\/ru\/wp-json\/wp\/v2\/product_cat?post=111127"},{"taxonomy":"product_tag","embeddable":true,"href":"https:\/\/automatic.ee\/ru\/wp-json\/wp\/v2\/product_tag?post=111127"}],"curies":[{"name":"wp","href":"https:\/\/api.w.org\/{rel}","templated":true}]}}