{"id":111123,"date":"2025-11-04T05:54:09","date_gmt":"2025-11-04T03:54:09","guid":{"rendered":"https:\/\/automatic.ee\/toode\/pagasiluugi-servaliist-skoda-yeti-2009\/"},"modified":"2025-11-04T05:54:09","modified_gmt":"2025-11-04T03:54:09","slug":"pagasiluugi-servaliist-skoda-yeti-2009","status":"publish","type":"product","link":"https:\/\/automatic.ee\/ru\/toode\/pagasiluugi-servaliist-skoda-yeti-2009\/","title":{"rendered":"PAGASILUUGI SERVALIIST &#8212; SKODA YETI  2009 +"},"content":{"rendered":"<p>T\u00e4helepanu! Enne osade paigaldamist tehke KOGU osade komplekti proovipaigaldus ilma kahepoolse kleeplindi kaitsekilet eemaldamata. Kahjustatud kaitsekilega kvaliteetsete osade tagastamist ja vahetamist ei aktsepteerita. Tagastamine ja \u00fcmbervahetamine on v\u00f5imalik ainult terve kaubakomplektiga, kahjustamata pakendiga.<\/p>\n<div><\/div>\n<div>Paigaldusjuhised:<\/div>\n<div><\/div>\n<div>1. Paigaldage kuivadesse ja tolmuvabadesse tingimustesse.<\/div>\n<div>2. Paigaldamise ajal peab \u00fcmbritseva \u00f5hu temperatuur olema vahemikus 18-36 \u00b0C. Kui \u00fcmbritseva \u00f5hu temperatuur on alla 18 \u00b0C, soojendage kleepuvaid pindu f\u00f6\u00f6ni v\u00f5i muu sarnasega.<\/div>\n<div>3. Tehke proovipaigaldus, alustades detaili ovaalsetest ja suletud osadest, ilma kahepoolse kleeplindi kaitsekilet eemaldamata. P\u00f6\u00f6rake t\u00e4helepanu sellele, kas osa on parem, vasak v\u00f5i ees, taga.<\/div>\n<div>4. P\u00fchkige pind, millele detaili liimite, p\u00f5hjalikult x\/6 riide, piirituse v\u00f5i alkoholiga. P\u00e4rast seda kaitske pinda tolmu eest. Kleepuva pinna p\u00fchkimine veega ja selliste vahenditega nagu silikoon, bensiin, diislik\u00fctus v\u00f5ib p\u00f5hjustada detaili lahtituleku.<\/div>\n<div>5. P\u00e4rast liimitava pinna p\u00fchkimist spetsiaalse salvr\u00e4tikuga (v\u00f5i puuvillase lapiga), oodake 5 minutit ja seej\u00e4rel liimige detail.<\/div>\n<div>6. Eemaldage kahepoolse kleeplindi kaitsekile ja alustage detaili liimimist, alustades ovaalsetest ja suletud osadest.<\/div>\n<div>7. Silu see pehme lapi v\u00f5i s\u00f5rmeotstega, reguleeri osa paika, vajuta detailile \u00fcks minut ja kui \u00fcmbritseva \u00f5hu temperatuur on alla 18\u00b0C, soojenda seda f\u00f6\u00f6niga.<\/div>\n","protected":false},"excerpt":{"rendered":"<p>17-3120 ALUFROST<\/p>\n","protected":false},"featured_media":111120,"comment_status":"open","ping_status":"closed","template":"","meta":{"colormag_page_container_layout":"default_layout","colormag_page_sidebar_layout":"default_layout"},"product_brand":[],"product_cat":[163,136],"product_tag":[],"class_list":{"0":"post-111123","1":"product","2":"type-product","3":"status-publish","4":"has-post-thumbnail","6":"product_cat-liist-tuning","7":"product_cat-lisavarustus","9":"first","10":"instock","11":"shipping-taxable","12":"purchasable","13":"product-type-simple"},"_links":{"self":[{"href":"https:\/\/automatic.ee\/ru\/wp-json\/wp\/v2\/product\/111123","targetHints":{"allow":["GET"]}}],"collection":[{"href":"https:\/\/automatic.ee\/ru\/wp-json\/wp\/v2\/product"}],"about":[{"href":"https:\/\/automatic.ee\/ru\/wp-json\/wp\/v2\/types\/product"}],"replies":[{"embeddable":true,"href":"https:\/\/automatic.ee\/ru\/wp-json\/wp\/v2\/comments?post=111123"}],"wp:featuredmedia":[{"embeddable":true,"href":"https:\/\/automatic.ee\/ru\/wp-json\/wp\/v2\/media\/111120"}],"wp:attachment":[{"href":"https:\/\/automatic.ee\/ru\/wp-json\/wp\/v2\/media?parent=111123"}],"wp:term":[{"taxonomy":"product_brand","embeddable":true,"href":"https:\/\/automatic.ee\/ru\/wp-json\/wp\/v2\/product_brand?post=111123"},{"taxonomy":"product_cat","embeddable":true,"href":"https:\/\/automatic.ee\/ru\/wp-json\/wp\/v2\/product_cat?post=111123"},{"taxonomy":"product_tag","embeddable":true,"href":"https:\/\/automatic.ee\/ru\/wp-json\/wp\/v2\/product_tag?post=111123"}],"curies":[{"name":"wp","href":"https:\/\/api.w.org\/{rel}","templated":true}]}}