{"id":111103,"date":"2025-11-04T05:53:51","date_gmt":"2025-11-04T03:53:51","guid":{"rendered":"https:\/\/automatic.ee\/toode\/akulaadja-noco-genius-10\/"},"modified":"2025-11-04T05:53:51","modified_gmt":"2025-11-04T03:53:51","slug":"akulaadja-noco-genius-10","status":"publish","type":"product","link":"https:\/\/automatic.ee\/ru\/toode\/akulaadja-noco-genius-10\/","title":{"rendered":"Akulaadja NOCO Genius 10"},"content":{"rendered":"<p>M\u00f5\u00f5tmed: 208(180)x92x59mm<\/p>\n<p>T\u00fc\u00fcp: 10A <\/p>\n<p>GeniusPinge: 6\/12V<\/p>\n<p> NOCO Genius 10: 17% v\u00e4iksem ja \u00fcle 115% v\u00f5imsam kui eelmised mudelid, lihtsam kasutada kui kunagi varem: plug-in &#8212; \u00fchenda akuga &#8212; vali laadimisre\u017eiim &#8212; alusta laadimist, t\u00e4iesti automaatne ja murevaba laadija aastaringseks kasutamiseks, disainitud 6 ja 12V auto-, paadi-, ja s\u00fcvats\u00fckliga happeakudele: uputatud &#8212; GEL &#8212; AGM &#8212; hooldevaba &#8212; liitium-ion, t\u00e4iustatud klambrid, v\u00f5imalik laadida kuni 1V pingega &#171;surnud&#187; akusid, uus Force re\u017eiim v\u00f5imaldab manuaalselt laadida isegi 0V akut, sisseehitatud desulfaatre\u017eiim ka k\u00f5ige korrodeerunud akudele, automaatne parandusre\u017eiim koos nutikate diagnostiliste n\u00e4itajatega, integreeritud temperatuuriandur tuvastab \u00fcmbritsevat temperatuuri ja reguleerib vastavalt v\u00e4ljundvoolu, et v\u00e4ltida soojadel aegadel \u00fclelaadimist ja k\u00fclmadel aegadel alalaadimist. laadimine 10A, kuni 230Ah akudele, 150W v\u00e4ljund, kaablid: laadijal 142cm (AC) + 217cm (DC) ja klambritel 55cm, kinnitusraam + rihm kaasas, s\u00e4delemiskindel, kaitsed: l\u00fchis &#8212; avatud vooluring &#8212; \u00fclekuumenemine &#8212; \u00fclelaadimine &#8212; vale\u00fchendus, IP65, t\u00f6\u00f6temperatuur -20\u00b0C \u2026 +40\u00b0C<\/p>\n<p>NOCO Genius 10<\/p>\n<p>1700-GEN10<\/p>\n","protected":false},"excerpt":{"rendered":"<p>1700-GEN10<\/p>\n","protected":false},"featured_media":111100,"comment_status":"open","ping_status":"closed","template":"","meta":{"colormag_page_container_layout":"default_layout","colormag_page_sidebar_layout":"default_layout"},"product_brand":[],"product_cat":[161],"product_tag":[],"class_list":{"0":"post-111103","1":"product","2":"type-product","3":"status-publish","4":"has-post-thumbnail","6":"product_cat-akulaadija","8":"first","9":"instock","10":"shipping-taxable","11":"purchasable","12":"product-type-simple"},"_links":{"self":[{"href":"https:\/\/automatic.ee\/ru\/wp-json\/wp\/v2\/product\/111103","targetHints":{"allow":["GET"]}}],"collection":[{"href":"https:\/\/automatic.ee\/ru\/wp-json\/wp\/v2\/product"}],"about":[{"href":"https:\/\/automatic.ee\/ru\/wp-json\/wp\/v2\/types\/product"}],"replies":[{"embeddable":true,"href":"https:\/\/automatic.ee\/ru\/wp-json\/wp\/v2\/comments?post=111103"}],"wp:featuredmedia":[{"embeddable":true,"href":"https:\/\/automatic.ee\/ru\/wp-json\/wp\/v2\/media\/111100"}],"wp:attachment":[{"href":"https:\/\/automatic.ee\/ru\/wp-json\/wp\/v2\/media?parent=111103"}],"wp:term":[{"taxonomy":"product_brand","embeddable":true,"href":"https:\/\/automatic.ee\/ru\/wp-json\/wp\/v2\/product_brand?post=111103"},{"taxonomy":"product_cat","embeddable":true,"href":"https:\/\/automatic.ee\/ru\/wp-json\/wp\/v2\/product_cat?post=111103"},{"taxonomy":"product_tag","embeddable":true,"href":"https:\/\/automatic.ee\/ru\/wp-json\/wp\/v2\/product_tag?post=111103"}],"curies":[{"name":"wp","href":"https:\/\/api.w.org\/{rel}","templated":true}]}}