{"id":111099,"date":"2025-11-04T05:53:46","date_gmt":"2025-11-04T03:53:46","guid":{"rendered":"https:\/\/automatic.ee\/toode\/akulaadija-benton-bx-1-pro\/"},"modified":"2025-11-04T05:53:46","modified_gmt":"2025-11-04T03:53:46","slug":"akulaadija-benton-bx-1-pro","status":"publish","type":"product","link":"https:\/\/automatic.ee\/ru\/toode\/akulaadija-benton-bx-1-pro\/","title":{"rendered":"Akulaadija BENTON BX-1 PRO"},"content":{"rendered":"<p>Laadija on klassifitseeritud kui IP 65 (veepritsmete ja tolmukindel), mille eesm\u00e4rk on kaitsta s\u00f5iduki elektroonikat ja ning v\u00e4ltida s\u00e4delemist , vale polaarsuse ning l\u00fchise kaitse.5-e astmeline t\u00e4isautomaatne impulslaadija laadija auto ja moto akude laadimiseks 1,2-120Ah , 12V. Nutikas laadija (smart charger), mis sobilb  k\u00f5ikidele aku t\u00fc\u00fcpidale, ka AGM ja GEL akudele. Laadija v\u00f5ib \u00fchendada akuga pikaks ajaks ja aku v\u00f5ib laadimise ajal olla ka s\u00f5idukiga \u00fchendatud. Laadimiskeskkonna temperatuur -20C kuni  +50C3 laadimisreziimi: 0,8A , 3,8A, 3,8A &#8212; geelakud ning talvelaadimine.M\u00e4lufunktsiooniga.Akutaastamisfunktsiooniga. Ei kahjusta s\u00f5iduki elektroonikat.Valesti \u00fchendamise ja l\u00fchisekaitse.S\u00e4demevastane kaitse. Komplektis: Laadija,  kiir\u00fchenduse akujuhtmed koos &#171;krokodill klemmidega&#187;, kiir\u00fchenduse akujuhtmed koos silmusklemmidega (l\u00e4bim 6,3 mm)M\u00f5\u00f5dud 172x62x42mm.Kaal 557g<\/p>\n","protected":false},"excerpt":{"rendered":"<p>1703-BX1PRO<\/p>\n","protected":false},"featured_media":111096,"comment_status":"open","ping_status":"closed","template":"","meta":{"colormag_page_container_layout":"default_layout","colormag_page_sidebar_layout":"default_layout"},"product_brand":[],"product_cat":[161],"product_tag":[],"class_list":{"0":"post-111099","1":"product","2":"type-product","3":"status-publish","4":"has-post-thumbnail","6":"product_cat-akulaadija","8":"first","9":"instock","10":"shipping-taxable","11":"purchasable","12":"product-type-simple"},"_links":{"self":[{"href":"https:\/\/automatic.ee\/ru\/wp-json\/wp\/v2\/product\/111099","targetHints":{"allow":["GET"]}}],"collection":[{"href":"https:\/\/automatic.ee\/ru\/wp-json\/wp\/v2\/product"}],"about":[{"href":"https:\/\/automatic.ee\/ru\/wp-json\/wp\/v2\/types\/product"}],"replies":[{"embeddable":true,"href":"https:\/\/automatic.ee\/ru\/wp-json\/wp\/v2\/comments?post=111099"}],"wp:featuredmedia":[{"embeddable":true,"href":"https:\/\/automatic.ee\/ru\/wp-json\/wp\/v2\/media\/111096"}],"wp:attachment":[{"href":"https:\/\/automatic.ee\/ru\/wp-json\/wp\/v2\/media?parent=111099"}],"wp:term":[{"taxonomy":"product_brand","embeddable":true,"href":"https:\/\/automatic.ee\/ru\/wp-json\/wp\/v2\/product_brand?post=111099"},{"taxonomy":"product_cat","embeddable":true,"href":"https:\/\/automatic.ee\/ru\/wp-json\/wp\/v2\/product_cat?post=111099"},{"taxonomy":"product_tag","embeddable":true,"href":"https:\/\/automatic.ee\/ru\/wp-json\/wp\/v2\/product_tag?post=111099"}],"curies":[{"name":"wp","href":"https:\/\/api.w.org\/{rel}","templated":true}]}}