{"id":111079,"date":"2025-11-04T05:53:22","date_gmt":"2025-11-04T03:53:22","guid":{"rendered":"https:\/\/automatic.ee\/toode\/suutekuunla-sustiku-eemaldi-aerosool-500ml\/"},"modified":"2025-11-04T05:53:22","modified_gmt":"2025-11-04T03:53:22","slug":"suutekuunla-sustiku-eemaldi-aerosool-500ml","status":"publish","type":"product","link":"https:\/\/automatic.ee\/ru\/toode\/suutekuunla-sustiku-eemaldi-aerosool-500ml\/","title":{"rendered":"S\u00dc\u00dcTEK\u00dc\u00dcNLA\/S\u00dcSTIKU EEMALDI AEROSOOL 500ML"},"content":{"rendered":"","protected":false},"excerpt":{"rendered":"<p>188013 BERNER<\/p>\n","protected":false},"featured_media":111076,"comment_status":"open","ping_status":"closed","template":"","meta":{"colormag_page_container_layout":"default_layout","colormag_page_sidebar_layout":"default_layout"},"product_brand":[],"product_cat":[108],"product_tag":[],"class_list":{"0":"post-111079","1":"product","2":"type-product","3":"status-publish","4":"has-post-thumbnail","6":"product_cat-misc","8":"first","9":"instock","10":"shipping-taxable","11":"purchasable","12":"product-type-simple"},"_links":{"self":[{"href":"https:\/\/automatic.ee\/ru\/wp-json\/wp\/v2\/product\/111079","targetHints":{"allow":["GET"]}}],"collection":[{"href":"https:\/\/automatic.ee\/ru\/wp-json\/wp\/v2\/product"}],"about":[{"href":"https:\/\/automatic.ee\/ru\/wp-json\/wp\/v2\/types\/product"}],"replies":[{"embeddable":true,"href":"https:\/\/automatic.ee\/ru\/wp-json\/wp\/v2\/comments?post=111079"}],"wp:featuredmedia":[{"embeddable":true,"href":"https:\/\/automatic.ee\/ru\/wp-json\/wp\/v2\/media\/111076"}],"wp:attachment":[{"href":"https:\/\/automatic.ee\/ru\/wp-json\/wp\/v2\/media?parent=111079"}],"wp:term":[{"taxonomy":"product_brand","embeddable":true,"href":"https:\/\/automatic.ee\/ru\/wp-json\/wp\/v2\/product_brand?post=111079"},{"taxonomy":"product_cat","embeddable":true,"href":"https:\/\/automatic.ee\/ru\/wp-json\/wp\/v2\/product_cat?post=111079"},{"taxonomy":"product_tag","embeddable":true,"href":"https:\/\/automatic.ee\/ru\/wp-json\/wp\/v2\/product_tag?post=111079"}],"curies":[{"name":"wp","href":"https:\/\/api.w.org\/{rel}","templated":true}]}}