{"id":111059,"date":"2025-11-04T05:53:01","date_gmt":"2025-11-04T03:53:01","guid":{"rendered":"https:\/\/automatic.ee\/toode\/kombineeritud-voti-kahe-pooratava-pesa-peaga\/"},"modified":"2025-11-04T05:53:01","modified_gmt":"2025-11-04T03:53:01","slug":"kombineeritud-voti-kahe-pooratava-pesa-peaga","status":"publish","type":"product","link":"https:\/\/automatic.ee\/ru\/toode\/kombineeritud-voti-kahe-pooratava-pesa-peaga\/","title":{"rendered":"Kombineeritud v\u00f5ti kahe p\u00f6\u00f6ratava pesa-peaga"},"content":{"rendered":"<table class=\"ecwid-description-table\">\n<tbody>\n<tr>\n<td><strong>Suurus:<\/strong><\/td>\n<td><strong>L\/mm:<\/strong><\/td>\n<td><strong>Kaal\/g:<\/strong><\/td>\n<\/tr>\n<tr>\n<td>6 x 7<\/td>\n<td>182 mm<\/td>\n<td>76 g<\/td>\n<\/tr>\n<tr>\n<td>8 x 9<\/td>\n<td>182 mm<\/td>\n<td>81 g<\/td>\n<\/tr>\n<tr>\n<td>8 x 10<\/td>\n<td>185 mm<\/td>\n<td>88 g<\/td>\n<\/tr>\n<tr>\n<td>10 x 11<\/td>\n<td>200 mm<\/td>\n<td>109 g<\/td>\n<\/tr>\n<tr>\n<td>10 x 12<\/td>\n<td>205 mm<\/td>\n<td>122 g<\/td>\n<\/tr>\n<tr>\n<td>12 x 13<\/td>\n<td>220 mm<\/td>\n<td>158 g<\/td>\n<\/tr>\n<tr>\n<td>12 x 14<\/td>\n<td>225 mm<\/td>\n<td>178 g<\/td>\n<\/tr>\n<tr>\n<td>14 x 15<\/td>\n<td>240 mm<\/td>\n<td>232 g<\/td>\n<\/tr>\n<tr>\n<td>14 x 17<\/td>\n<td>244 mm<\/td>\n<td>256 g<\/td>\n<\/tr>\n<tr>\n<td>16 x 17<\/td>\n<td>259 mm<\/td>\n<td>317 g<\/td>\n<\/tr>\n<tr>\n<td>17 x 19<\/td>\n<td>260 mm<\/td>\n<td>341 g<\/td>\n<\/tr>\n<tr>\n<td>18 x 19<\/td>\n<td>275 mm<\/td>\n<td>393 g<\/td>\n<\/tr>\n<tr>\n<td>19 x 21<\/td>\n<td>300 mm<\/td>\n<td>526 g<\/td>\n<\/tr>\n<tr>\n<td>20 x 22<\/td>\n<td>305 mm<\/td>\n<td>579 g<\/td>\n<\/tr>\n<tr>\n<td>21 x 23<\/td>\n<td>305 mm<\/td>\n<td>631 g<\/td>\n<\/tr>\n<tr>\n<td>24 x 27<\/td>\n<td>335 mm<\/td>\n<td>797 g<\/td>\n<\/tr>\n<\/tbody>\n<\/table>\n","protected":false},"excerpt":{"rendered":"<p>1910<\/p>\n","protected":false},"featured_media":111056,"comment_status":"open","ping_status":"closed","template":"","meta":{"colormag_page_container_layout":"default_layout","colormag_page_sidebar_layout":"default_layout"},"product_brand":[],"product_cat":[115,142],"product_tag":[],"class_list":{"0":"post-111059","1":"product","2":"type-product","3":"status-publish","4":"has-post-thumbnail","6":"product_cat-mutrivotmed-komplektid","7":"product_cat-tooriistad","9":"first","10":"instock","11":"shipping-taxable","12":"purchasable","13":"product-type-simple"},"_links":{"self":[{"href":"https:\/\/automatic.ee\/ru\/wp-json\/wp\/v2\/product\/111059","targetHints":{"allow":["GET"]}}],"collection":[{"href":"https:\/\/automatic.ee\/ru\/wp-json\/wp\/v2\/product"}],"about":[{"href":"https:\/\/automatic.ee\/ru\/wp-json\/wp\/v2\/types\/product"}],"replies":[{"embeddable":true,"href":"https:\/\/automatic.ee\/ru\/wp-json\/wp\/v2\/comments?post=111059"}],"wp:featuredmedia":[{"embeddable":true,"href":"https:\/\/automatic.ee\/ru\/wp-json\/wp\/v2\/media\/111056"}],"wp:attachment":[{"href":"https:\/\/automatic.ee\/ru\/wp-json\/wp\/v2\/media?parent=111059"}],"wp:term":[{"taxonomy":"product_brand","embeddable":true,"href":"https:\/\/automatic.ee\/ru\/wp-json\/wp\/v2\/product_brand?post=111059"},{"taxonomy":"product_cat","embeddable":true,"href":"https:\/\/automatic.ee\/ru\/wp-json\/wp\/v2\/product_cat?post=111059"},{"taxonomy":"product_tag","embeddable":true,"href":"https:\/\/automatic.ee\/ru\/wp-json\/wp\/v2\/product_tag?post=111059"}],"curies":[{"name":"wp","href":"https:\/\/api.w.org\/{rel}","templated":true}]}}