{"id":110951,"date":"2025-11-04T05:50:50","date_gmt":"2025-11-04T03:50:50","guid":{"rendered":"https:\/\/automatic.ee\/toode\/sisemine-pagasiliist-volkswagen-tiguan-2007-2015-avisa\/"},"modified":"2025-11-04T05:50:50","modified_gmt":"2025-11-04T03:50:50","slug":"sisemine-pagasiliist-volkswagen-tiguan-2007-2015-avisa","status":"publish","type":"product","link":"https:\/\/automatic.ee\/ru\/toode\/sisemine-pagasiliist-volkswagen-tiguan-2007-2015-avisa\/","title":{"rendered":"SISEMINE PAGASILIIST VOLKSWAGEN TIGUAN 2007-2015 AVISA"},"content":{"rendered":"<p>Uksel\u00e4ved on valmistatud sellele automudelile individuaalselt, k\u00f5rge legeeritud roostevabast terasest Saksa tootjalt KRUPP (Saksamaa)<\/p>\n<div>Auto k\u00fcnniste geomeetria range j\u00e4rgimine, mis v\u00f5imaldab ideaalselt paigaldada voodri ise, ilma t\u00fchikute ja moonutusteta.<\/div>\n<div>Selle toote eelised:<\/div>\n<div>&#8212; vastupidavus mehaanilistele kahjustustele<\/div>\n<div>&#8212; \u00f5igustada end talvel rasketes teeoludes<\/div>\n<div>&#8212; kvaliteetne teostus<\/div>\n<div>&#8212; lihvimise teel saadud graafiline pilt<\/div>\n<div>&#8212; kuju sobib ideaalselt selle auto tehniliste omaduste ja l\u00e4vede geomeetriaga<\/div>\n<div>&#8212; lihtne paigaldada, kasutades kvaliteetset kahepoolset Saksa 3M teipi<\/div>\n<div>Metalli paksus: 0,5 mm<\/div>\n<div>Materjal: Kvaliteetne roostevaba teras (k\u00f5rge s\u00fcsinikusisaldusega), Saksa tootja KRUPP.<\/div>\n<div>V\u00e4rv: kroom<\/div>\n<div>Komplekt: 4 tk.<\/div>\n<div>Kinnitus: Niiskuskindel kahepoolne teip 3M<\/div>\n<div>Kumiplekkide komplekt sisaldab: 2. eesmine ja 2. tagumine kumera servaga k\u00fcnnisekaitse<\/div>\n","protected":false},"excerpt":{"rendered":"<p>2\/35347<\/p>\n","protected":false},"featured_media":110948,"comment_status":"open","ping_status":"closed","template":"","meta":{"colormag_page_container_layout":"default_layout","colormag_page_sidebar_layout":"default_layout"},"product_brand":[],"product_cat":[163,136],"product_tag":[],"class_list":{"0":"post-110951","1":"product","2":"type-product","3":"status-publish","4":"has-post-thumbnail","6":"product_cat-liist-tuning","7":"product_cat-lisavarustus","9":"first","10":"instock","11":"shipping-taxable","12":"purchasable","13":"product-type-simple"},"_links":{"self":[{"href":"https:\/\/automatic.ee\/ru\/wp-json\/wp\/v2\/product\/110951","targetHints":{"allow":["GET"]}}],"collection":[{"href":"https:\/\/automatic.ee\/ru\/wp-json\/wp\/v2\/product"}],"about":[{"href":"https:\/\/automatic.ee\/ru\/wp-json\/wp\/v2\/types\/product"}],"replies":[{"embeddable":true,"href":"https:\/\/automatic.ee\/ru\/wp-json\/wp\/v2\/comments?post=110951"}],"wp:featuredmedia":[{"embeddable":true,"href":"https:\/\/automatic.ee\/ru\/wp-json\/wp\/v2\/media\/110948"}],"wp:attachment":[{"href":"https:\/\/automatic.ee\/ru\/wp-json\/wp\/v2\/media?parent=110951"}],"wp:term":[{"taxonomy":"product_brand","embeddable":true,"href":"https:\/\/automatic.ee\/ru\/wp-json\/wp\/v2\/product_brand?post=110951"},{"taxonomy":"product_cat","embeddable":true,"href":"https:\/\/automatic.ee\/ru\/wp-json\/wp\/v2\/product_cat?post=110951"},{"taxonomy":"product_tag","embeddable":true,"href":"https:\/\/automatic.ee\/ru\/wp-json\/wp\/v2\/product_tag?post=110951"}],"curies":[{"name":"wp","href":"https:\/\/api.w.org\/{rel}","templated":true}]}}