{"id":110935,"date":"2025-11-04T05:50:38","date_gmt":"2025-11-04T03:50:38","guid":{"rendered":"https:\/\/automatic.ee\/toode\/stangekaitseliist-volkswagen-t6-2015-avisa\/"},"modified":"2025-11-04T05:50:38","modified_gmt":"2025-11-04T03:50:38","slug":"stangekaitseliist-volkswagen-t6-2015-avisa","status":"publish","type":"product","link":"https:\/\/automatic.ee\/ru\/toode\/stangekaitseliist-volkswagen-t6-2015-avisa\/","title":{"rendered":"STANGEKAITSELIIST VOLKSWAGEN T6 2015-  AVISA"},"content":{"rendered":"<p>Roostevabast terasest kaitseriba kaitseraua \u00fclemise serva jaoks Avisalt.<\/p>\n<div><\/div>\n<div>Tonneau kate on muutumas meie klientide seas \u00fcha populaarsemaks autotarvikuks. P\u00f5hjused on selged: kaitseraua \u00fclemise serva kaitse soovimatute m\u00f5jude eest ja elegantne disain, mille auto saab riba kleepimisega. Praktiline riba, mis kaitseb kaitserauda h\u00f5\u00f5rdumise eest esemete peale- ja mahalaadimisel pakiruumist, on valmistatud kvaliteetsest roostevabast terasest. Liist on tehases t\u00f6\u00f6deldud v\u00e4ga kvaliteetselt ning monteerimine toimub eelnevalt paigaldatud kahepoolsele teibile liimides. Kasutades laadimishuule katet, s\u00e4ilitate oma s\u00f5iduki kaitseraua ja s\u00e4\u00e4state seel\u00e4bi tulevaste remondikuludelt.<\/div>\n<div><\/div>\n<div>See tagumise kaitseraua kaitse sobib ideaalselt autodele:<\/div>\n<div><\/div>\n<div>Volkswagen T6 (alates 04.2015&gt;)<\/div>\n<div>Volkswagen T6 (2015\u20132019)<\/div>\n<div>Volkswagen T6 Restyling (alates 2017&gt;)<\/div>\n<div>M\u00e4rge. Sobib \u00fche riiuliga mudelitele Transporter T6 ja Caravelle T6.<\/div>\n<div> <\/div>\n<div><\/div>\n<div>Tehnilised andmed:<\/div>\n<div><\/div>\n<div>valmistatud kvaliteetsest roostevabast terasest<\/div>\n<div>hoiab \u00e4ra kaitseraua \u00fclemise serva kahjustamise ostu laadimisel<\/div>\n<div>v\u00e4lisserv paindub \u00fcle kaitseraua serva<\/div>\n<div>See on ilus auto disainielement<\/div>\n<div>v\u00e4ga k\u00f5rge kvaliteediga tehasetoodang, Avisa on meie teene t\u00e4nu oma t\u00e4psusele ja originaalsele disainile.<\/div>\n<div>v\u00e4ga lihtne paigaldamine, kasutades ribas sisalduvat kahepoolset kleeplinti<\/div>\n","protected":false},"excerpt":{"rendered":"<p>2\/35975<\/p>\n","protected":false},"featured_media":110932,"comment_status":"open","ping_status":"closed","template":"","meta":{"colormag_page_container_layout":"default_layout","colormag_page_sidebar_layout":"default_layout"},"product_brand":[],"product_cat":[163,136],"product_tag":[],"class_list":{"0":"post-110935","1":"product","2":"type-product","3":"status-publish","4":"has-post-thumbnail","6":"product_cat-liist-tuning","7":"product_cat-lisavarustus","9":"first","10":"instock","11":"shipping-taxable","12":"purchasable","13":"product-type-simple"},"_links":{"self":[{"href":"https:\/\/automatic.ee\/ru\/wp-json\/wp\/v2\/product\/110935","targetHints":{"allow":["GET"]}}],"collection":[{"href":"https:\/\/automatic.ee\/ru\/wp-json\/wp\/v2\/product"}],"about":[{"href":"https:\/\/automatic.ee\/ru\/wp-json\/wp\/v2\/types\/product"}],"replies":[{"embeddable":true,"href":"https:\/\/automatic.ee\/ru\/wp-json\/wp\/v2\/comments?post=110935"}],"wp:featuredmedia":[{"embeddable":true,"href":"https:\/\/automatic.ee\/ru\/wp-json\/wp\/v2\/media\/110932"}],"wp:attachment":[{"href":"https:\/\/automatic.ee\/ru\/wp-json\/wp\/v2\/media?parent=110935"}],"wp:term":[{"taxonomy":"product_brand","embeddable":true,"href":"https:\/\/automatic.ee\/ru\/wp-json\/wp\/v2\/product_brand?post=110935"},{"taxonomy":"product_cat","embeddable":true,"href":"https:\/\/automatic.ee\/ru\/wp-json\/wp\/v2\/product_cat?post=110935"},{"taxonomy":"product_tag","embeddable":true,"href":"https:\/\/automatic.ee\/ru\/wp-json\/wp\/v2\/product_tag?post=110935"}],"curies":[{"name":"wp","href":"https:\/\/api.w.org\/{rel}","templated":true}]}}