{"id":110923,"date":"2025-11-04T05:50:29","date_gmt":"2025-11-04T03:50:29","guid":{"rendered":"https:\/\/automatic.ee\/toode\/stangekaitseliist-audi-a6-c8-v-avant-2018\/"},"modified":"2025-11-04T05:50:29","modified_gmt":"2025-11-04T03:50:29","slug":"stangekaitseliist-audi-a6-c8-v-avant-2018","status":"publish","type":"product","link":"https:\/\/automatic.ee\/ru\/toode\/stangekaitseliist-audi-a6-c8-v-avant-2018\/","title":{"rendered":"STANGEKAITSELIIST AUDI A6 C8 V Avant 2018-"},"content":{"rendered":"<p>Kas kaasas on sageli poes k\u00e4imist, pagasit, ehitusmaterjale v\u00f5i reisimas koeraga?<\/p>\n<p>\u2714\ufe0f V\u00e4rvige tagumise kaitseraua kate (mehaanilised kahjustused, kriimustused, h\u00f5\u00f5rdumised, laastud).<\/p>\n<p>Katkine v\u00f5i kahjustatud tagumine p\u00f5rkeraud?<\/p>\n<p>\u2714\ufe0f V\u00f5imalus katta kahjustatud eset.<\/p>\n<p> Autot pole garaa\u017eis? Sagedased autopesulak\u00fclastused?<\/p>\n<p>\u2714\ufe0f Kaitse v\u00e4liste tegurite (niiskus, maanteesool, autopesulad jms) eest.<\/p>\n<p>Kas soovite oma auto v\u00e4lisilme paremaks muuta v\u00f5i esile t\u00f5sta?<\/p>\n<p>\u2714\ufe0f Annab autole eksklusiivse iseloomu ja ainulaadse ilme.<\/p>\n<p>Avisa kaitseraua tagumine kate on teie autole ideaalne lahendus, kuna sellel on m\u00f5lemad kaitsefunktsioonid ja see n\u00e4eb ka dekoratiivse elemendina suurep\u00e4raselt v\u00e4lja. Paigaldatud riba on vastupidav ilmastikutingimustele (temperatuur -40 \u00b0 C \/ + 50 \u00b0 C) ja autopesula k\u00fclastustele (niiskus). See pole t\u00fc\u00fcpiline kroomiriba, sest see on valmistatud poleeritud roostevabast terasest. T\u00e4nu harjamisele on selle viimistlus t\u00e4iuslikult skaleeritud tugeva kroomi ja s\u00fcgava mati vahel. Ka kaitseraua serv on liistu kaudu spetsiaalselt profileeritud painde kaudu standardne. See on fikseeritud kahepoolse lindiga, mis asub riba k\u00f5igil neljal serval. Ettevaatust! Toode tuleb hoolikalt liimida, sest p\u00e4rast \u00fchekordset kinnitamist pole seda montaa\u017ei v\u00f5imalik parandada. P\u00e4rast \u00fclekatte paigaldamist saate pagasi ohutult sisestada ja eemaldada ning kriimustatud element katab n\u00fc\u00fcd ainuomase lisaseadme. Kaane saate kindlas pakendis koos monteerimisjuhendiga &#171;Samm-sammult&#187;. ja 3M rasva\u00e4rast taskur\u00e4tik. Tellimus sisaldab ka tuubi Autosol (5 ml) &#8212; roostevabast terasest poleerimine ja renoveerimine. Preparaadi suurep\u00e4rane valem tagab, et teraspinnal on vastupidav kriimustusteta l\u00e4ige ja kindel kaitsekiht.<\/p>\n","protected":false},"excerpt":{"rendered":"<p>2\/45192 AVISA<\/p>\n","protected":false},"featured_media":110920,"comment_status":"open","ping_status":"closed","template":"","meta":{"colormag_page_container_layout":"default_layout","colormag_page_sidebar_layout":"default_layout"},"product_brand":[],"product_cat":[163,136],"product_tag":[],"class_list":{"0":"post-110923","1":"product","2":"type-product","3":"status-publish","4":"has-post-thumbnail","6":"product_cat-liist-tuning","7":"product_cat-lisavarustus","9":"first","10":"instock","11":"shipping-taxable","12":"purchasable","13":"product-type-simple"},"_links":{"self":[{"href":"https:\/\/automatic.ee\/ru\/wp-json\/wp\/v2\/product\/110923","targetHints":{"allow":["GET"]}}],"collection":[{"href":"https:\/\/automatic.ee\/ru\/wp-json\/wp\/v2\/product"}],"about":[{"href":"https:\/\/automatic.ee\/ru\/wp-json\/wp\/v2\/types\/product"}],"replies":[{"embeddable":true,"href":"https:\/\/automatic.ee\/ru\/wp-json\/wp\/v2\/comments?post=110923"}],"wp:featuredmedia":[{"embeddable":true,"href":"https:\/\/automatic.ee\/ru\/wp-json\/wp\/v2\/media\/110920"}],"wp:attachment":[{"href":"https:\/\/automatic.ee\/ru\/wp-json\/wp\/v2\/media?parent=110923"}],"wp:term":[{"taxonomy":"product_brand","embeddable":true,"href":"https:\/\/automatic.ee\/ru\/wp-json\/wp\/v2\/product_brand?post=110923"},{"taxonomy":"product_cat","embeddable":true,"href":"https:\/\/automatic.ee\/ru\/wp-json\/wp\/v2\/product_cat?post=110923"},{"taxonomy":"product_tag","embeddable":true,"href":"https:\/\/automatic.ee\/ru\/wp-json\/wp\/v2\/product_tag?post=110923"}],"curies":[{"name":"wp","href":"https:\/\/api.w.org\/{rel}","templated":true}]}}