{"id":110792,"date":"2025-11-04T05:48:00","date_gmt":"2025-11-04T03:48:00","guid":{"rendered":"https:\/\/automatic.ee\/toode\/pidurite-keraamine-maare-aerosool-400ml\/"},"modified":"2025-11-04T05:48:00","modified_gmt":"2025-11-04T03:48:00","slug":"pidurite-keraamine-maare-aerosool-400ml","status":"publish","type":"product","link":"https:\/\/automatic.ee\/ru\/toode\/pidurite-keraamine-maare-aerosool-400ml\/","title":{"rendered":"PIDURITE KERAAMINE M\u00c4\u00c4RE AEROSOOL 400ML"},"content":{"rendered":"<p>K\u00f5igi piduris\u00fcsteemide, sealhulgas ABS, ASR ja ESP kontrollimiseks ja parandamiseks.<\/p>\n<div>Sobib keermestatud \u00fchendustele, mis puutuvad kokku k\u00f5rgete temperatuuridega, nagu v\u00e4ljalasketorud, lambda-sondid, turbiinid jne.<\/div>\n<div>Eelised:<\/div>\n<div>Hoiab \u00e4ra pidurite kriuksumise ja vilistava heli.<\/div>\n<div>See pikendab oluliselt hooldusv\u00e4lbasid.<\/div>\n<div>\u00c4\u00e4rmiselt vastupidav survele ja v\u00e4ga k\u00f5rgetele temperatuuridele.<\/div>\n<div>Tugevalt nakkuv spetsiaalne keraamiline-alumiiniumm\u00e4\u00e4re.<\/div>\n<div>Kaitseb korrosiooni, oks\u00fcdatsiooni ja v\u00e4hendab kulumist.<\/div>\n","protected":false},"excerpt":{"rendered":"<p>209239 BERNER<\/p>\n","protected":false},"featured_media":110789,"comment_status":"open","ping_status":"closed","template":"","meta":{"colormag_page_container_layout":"default_layout","colormag_page_sidebar_layout":"default_layout"},"product_brand":[],"product_cat":[108],"product_tag":[],"class_list":{"0":"post-110792","1":"product","2":"type-product","3":"status-publish","4":"has-post-thumbnail","6":"product_cat-misc","8":"first","9":"instock","10":"shipping-taxable","11":"purchasable","12":"product-type-simple"},"_links":{"self":[{"href":"https:\/\/automatic.ee\/ru\/wp-json\/wp\/v2\/product\/110792","targetHints":{"allow":["GET"]}}],"collection":[{"href":"https:\/\/automatic.ee\/ru\/wp-json\/wp\/v2\/product"}],"about":[{"href":"https:\/\/automatic.ee\/ru\/wp-json\/wp\/v2\/types\/product"}],"replies":[{"embeddable":true,"href":"https:\/\/automatic.ee\/ru\/wp-json\/wp\/v2\/comments?post=110792"}],"wp:featuredmedia":[{"embeddable":true,"href":"https:\/\/automatic.ee\/ru\/wp-json\/wp\/v2\/media\/110789"}],"wp:attachment":[{"href":"https:\/\/automatic.ee\/ru\/wp-json\/wp\/v2\/media?parent=110792"}],"wp:term":[{"taxonomy":"product_brand","embeddable":true,"href":"https:\/\/automatic.ee\/ru\/wp-json\/wp\/v2\/product_brand?post=110792"},{"taxonomy":"product_cat","embeddable":true,"href":"https:\/\/automatic.ee\/ru\/wp-json\/wp\/v2\/product_cat?post=110792"},{"taxonomy":"product_tag","embeddable":true,"href":"https:\/\/automatic.ee\/ru\/wp-json\/wp\/v2\/product_tag?post=110792"}],"curies":[{"name":"wp","href":"https:\/\/api.w.org\/{rel}","templated":true}]}}