{"id":110783,"date":"2025-11-04T05:47:50","date_gmt":"2025-11-04T03:47:50","guid":{"rendered":"https:\/\/automatic.ee\/toode\/geel-plasti-ja-kummi-kaitsmiseks-ja-taastamiseks-valispindadele-250ml\/"},"modified":"2025-11-04T05:47:50","modified_gmt":"2025-11-04T03:47:50","slug":"geel-plasti-ja-kummi-kaitsmiseks-ja-taastamiseks-valispindadele-250ml","status":"publish","type":"product","link":"https:\/\/automatic.ee\/ru\/toode\/geel-plasti-ja-kummi-kaitsmiseks-ja-taastamiseks-valispindadele-250ml\/","title":{"rendered":"GEEL PLASTI- JA KUMMI KAITSMISEKS JA TAASTAMISEKS V\u00c4LISPINDADELE 250ML"},"content":{"rendered":"<p>SONAX 210-141<\/p>\n<p>V\u00e4rvimata v\u00e4listele plastikpindadele. Annab kauakestva s\u00fcgava l\u00e4ike, paneb v\u00e4rvid s\u00e4rama, hooldab ja kaitseb.<\/p>\n<p>Taastab auto pleekinud v\u00e4liste plastik- ja kummidetailide nt v\u00e4rvimata stangede, -iluliistude ja rehvide algse l\u00e4ike ja v\u00e4rvi. Nano-osakesed tungivad s\u00fcgavale pinda ja annavad pikaajalise kaitse ning s\u00fcgava l\u00e4ike. Ei sisalda silikooni. V\u00e4rvitu.<\/p>\n<p><strong>Kasutamine:<\/strong> peske ja kuivatage auto. Kandke \u00f5huke kiht  geeli pehme lapiga v\u00f5i svammiga t\u00f6\u00f6deldavatele pindadele. Laske natuke aega kuivada ja p\u00fchkige \u00fcleliigne \u00e4ra.<\/p>\n","protected":false},"excerpt":{"rendered":"<p>210-141 SONAX<\/p>\n","protected":false},"featured_media":110780,"comment_status":"open","ping_status":"closed","template":"","meta":{"colormag_page_container_layout":"default_layout","colormag_page_sidebar_layout":"default_layout"},"product_brand":[],"product_cat":[108],"product_tag":[],"class_list":{"0":"post-110783","1":"product","2":"type-product","3":"status-publish","4":"has-post-thumbnail","6":"product_cat-misc","8":"first","9":"instock","10":"shipping-taxable","11":"purchasable","12":"product-type-simple"},"_links":{"self":[{"href":"https:\/\/automatic.ee\/ru\/wp-json\/wp\/v2\/product\/110783","targetHints":{"allow":["GET"]}}],"collection":[{"href":"https:\/\/automatic.ee\/ru\/wp-json\/wp\/v2\/product"}],"about":[{"href":"https:\/\/automatic.ee\/ru\/wp-json\/wp\/v2\/types\/product"}],"replies":[{"embeddable":true,"href":"https:\/\/automatic.ee\/ru\/wp-json\/wp\/v2\/comments?post=110783"}],"wp:featuredmedia":[{"embeddable":true,"href":"https:\/\/automatic.ee\/ru\/wp-json\/wp\/v2\/media\/110780"}],"wp:attachment":[{"href":"https:\/\/automatic.ee\/ru\/wp-json\/wp\/v2\/media?parent=110783"}],"wp:term":[{"taxonomy":"product_brand","embeddable":true,"href":"https:\/\/automatic.ee\/ru\/wp-json\/wp\/v2\/product_brand?post=110783"},{"taxonomy":"product_cat","embeddable":true,"href":"https:\/\/automatic.ee\/ru\/wp-json\/wp\/v2\/product_cat?post=110783"},{"taxonomy":"product_tag","embeddable":true,"href":"https:\/\/automatic.ee\/ru\/wp-json\/wp\/v2\/product_tag?post=110783"}],"curies":[{"name":"wp","href":"https:\/\/api.w.org\/{rel}","templated":true}]}}