{"id":110775,"date":"2025-11-04T05:47:40","date_gmt":"2025-11-04T03:47:40","guid":{"rendered":"https:\/\/automatic.ee\/toode\/100-karnaubavaha-kompl\/"},"modified":"2025-11-04T05:47:40","modified_gmt":"2025-11-04T03:47:40","slug":"100-karnaubavaha-kompl","status":"publish","type":"product","link":"https:\/\/automatic.ee\/ru\/toode\/100-karnaubavaha-kompl\/","title":{"rendered":"100% KARNAUBAVAHA KOMPL."},"content":{"rendered":"<p>SONAX 211-200<\/p>\n<p><strong>Kasutamine:<\/strong> peske auto pinnad hoolikalt rohke vee, \u0161ampooni ja pesusvammiga. Kuivatage pinnad korralikult SONAX kuivatusspaatliga ja ehtsast nahast kuivatuslapiga. Kandke \u00fchtlane \u00f5huke kiht Carnauba-vaha pinnale kaasasoleva vahatus-svammiga. Laske kuivada. Eemaldage vaha \u00fclej\u00e4\u00e4gid v\u00e4rvipinnalt kaasasoleva h\u00e4stiimava SONAX poleerimislapiga.<\/p>\n","protected":false},"excerpt":{"rendered":"<p>211-200 SONAX<\/p>\n","protected":false},"featured_media":110772,"comment_status":"open","ping_status":"closed","template":"","meta":{"colormag_page_container_layout":"default_layout","colormag_page_sidebar_layout":"default_layout"},"product_brand":[],"product_cat":[108],"product_tag":[],"class_list":{"0":"post-110775","1":"product","2":"type-product","3":"status-publish","4":"has-post-thumbnail","6":"product_cat-misc","8":"first","9":"instock","10":"shipping-taxable","11":"purchasable","12":"product-type-simple"},"_links":{"self":[{"href":"https:\/\/automatic.ee\/ru\/wp-json\/wp\/v2\/product\/110775","targetHints":{"allow":["GET"]}}],"collection":[{"href":"https:\/\/automatic.ee\/ru\/wp-json\/wp\/v2\/product"}],"about":[{"href":"https:\/\/automatic.ee\/ru\/wp-json\/wp\/v2\/types\/product"}],"replies":[{"embeddable":true,"href":"https:\/\/automatic.ee\/ru\/wp-json\/wp\/v2\/comments?post=110775"}],"wp:featuredmedia":[{"embeddable":true,"href":"https:\/\/automatic.ee\/ru\/wp-json\/wp\/v2\/media\/110772"}],"wp:attachment":[{"href":"https:\/\/automatic.ee\/ru\/wp-json\/wp\/v2\/media?parent=110775"}],"wp:term":[{"taxonomy":"product_brand","embeddable":true,"href":"https:\/\/automatic.ee\/ru\/wp-json\/wp\/v2\/product_brand?post=110775"},{"taxonomy":"product_cat","embeddable":true,"href":"https:\/\/automatic.ee\/ru\/wp-json\/wp\/v2\/product_cat?post=110775"},{"taxonomy":"product_tag","embeddable":true,"href":"https:\/\/automatic.ee\/ru\/wp-json\/wp\/v2\/product_tag?post=110775"}],"curies":[{"name":"wp","href":"https:\/\/api.w.org\/{rel}","templated":true}]}}