{"id":110755,"date":"2025-11-04T05:47:14","date_gmt":"2025-11-04T03:47:14","guid":{"rendered":"https:\/\/automatic.ee\/toode\/lahusti-vahasampoon-500ml\/"},"modified":"2025-11-04T05:47:14","modified_gmt":"2025-11-04T03:47:14","slug":"lahusti-vahasampoon-500ml","status":"publish","type":"product","link":"https:\/\/automatic.ee\/ru\/toode\/lahusti-vahasampoon-500ml\/","title":{"rendered":"LAHUSTI-VAHA\u0160AMPOON 500ML"},"content":{"rendered":"<p>SONAX 213-200<\/p>\n<p>SONAX XTREME lahusti-vaha\u0161ampoon, 500ml  ( 213200 , 02132000 )<\/p>\n<p>Eemaldab auto v\u00e4rvipinnalt asfaldi, pigi ja maanteesoola. Sisaldab s\u00fcsivesinik-lahusteid, pesuaineid ja ehtsat karnaubavaha.<\/p>\n<p>SONAX XTREME lahusti-vaha\u0161ampoon on t\u00f5hus lahusti-pesuaine eriti m\u00e4\u00e4rdunud pindade pesemiseks. Peseb ja vahatab \u00fcheaegselt. Lahustab kiiresti tugevasti kinnij\u00e4\u00e4nud mustuse nagu n\u00e4iteks asfaldipigi, maanteesoola ja tahma. Kaitseb v\u00e4rvipinda ja annab suurep\u00e4rase l\u00e4ike.<\/p>\n<p><strong>Kasutamine:<\/strong> loputage lahtine mustus auto v\u00e4rvipinnalt. Enne kasutamist raputage tugevasti pudelit. Valage pesuainet otse niiskele SONAX svammile ja peske v\u00e4ike ala korraga. Loputage pestud pind koheselt, et pesuaine ei kuivaks pinnale. Hoida k\u00fclmumise eest.<\/p>\n","protected":false},"excerpt":{"rendered":"<p>213-200 SONAX<\/p>\n","protected":false},"featured_media":110752,"comment_status":"open","ping_status":"closed","template":"","meta":{"colormag_page_container_layout":"default_layout","colormag_page_sidebar_layout":"default_layout"},"product_brand":[],"product_cat":[108],"product_tag":[],"class_list":{"0":"post-110755","1":"product","2":"type-product","3":"status-publish","4":"has-post-thumbnail","6":"product_cat-misc","8":"first","9":"instock","10":"shipping-taxable","11":"purchasable","12":"product-type-simple"},"_links":{"self":[{"href":"https:\/\/automatic.ee\/ru\/wp-json\/wp\/v2\/product\/110755","targetHints":{"allow":["GET"]}}],"collection":[{"href":"https:\/\/automatic.ee\/ru\/wp-json\/wp\/v2\/product"}],"about":[{"href":"https:\/\/automatic.ee\/ru\/wp-json\/wp\/v2\/types\/product"}],"replies":[{"embeddable":true,"href":"https:\/\/automatic.ee\/ru\/wp-json\/wp\/v2\/comments?post=110755"}],"wp:featuredmedia":[{"embeddable":true,"href":"https:\/\/automatic.ee\/ru\/wp-json\/wp\/v2\/media\/110752"}],"wp:attachment":[{"href":"https:\/\/automatic.ee\/ru\/wp-json\/wp\/v2\/media?parent=110755"}],"wp:term":[{"taxonomy":"product_brand","embeddable":true,"href":"https:\/\/automatic.ee\/ru\/wp-json\/wp\/v2\/product_brand?post=110755"},{"taxonomy":"product_cat","embeddable":true,"href":"https:\/\/automatic.ee\/ru\/wp-json\/wp\/v2\/product_cat?post=110755"},{"taxonomy":"product_tag","embeddable":true,"href":"https:\/\/automatic.ee\/ru\/wp-json\/wp\/v2\/product_tag?post=110755"}],"curies":[{"name":"wp","href":"https:\/\/api.w.org\/{rel}","templated":true}]}}