{"id":110742,"date":"2025-11-04T05:47:01","date_gmt":"2025-11-04T03:47:01","guid":{"rendered":"https:\/\/automatic.ee\/toode\/aktiivsampoon-2in1-500ml\/"},"modified":"2025-11-04T05:47:01","modified_gmt":"2025-11-04T03:47:01","slug":"aktiivsampoon-2in1-500ml","status":"publish","type":"product","link":"https:\/\/automatic.ee\/ru\/toode\/aktiivsampoon-2in1-500ml\/","title":{"rendered":"AKTIIV\u0160AMPOON\u00a02IN1\u00a0500ML"},"content":{"rendered":"<p><strong>SONAX XTREME aktiiv\u0161ampoon, 500 ml<\/strong><\/p>\n<p>Eriti t\u00f5hus superkontsentraat. Eemaldab mustuse kiirelt ja p\u00f5hjalikult. Lahjendamata kujul eemaldab ka k\u00f5ige k\u00f5vemini kinnij\u00e4\u00e4nud mustuse. Ei sisalda fosfaate.<\/p>\n<p>Sobib ideaalselt v\u00e4rvi-, metall-, klaas-, plast-, kummi-, portselan- ja emailpindade ning tekstiilist kabriolettide katuste puhastamiseks. \u00d5rn v\u00e4rvipindade vastu, sisaldab hooldavaid aineid.<\/p>\n<p><span class=\"system-pagebreak\"><strong>Kasutamine:<\/strong> loputage maha lahtine mustus auto v\u00e4rvipinnalt tugeva veesurvega. Lisage 20-30 ml konsentraati 10 liitri vee hulka. Peske auto SONAX svammiga. Loputage hoolikalt puhta veega ja kuivatage SONAX kuivatusspaatliga v\u00f5i kuivatuslapiga. Mitte lasta ainel pinnale kuivada. Mitte kasutada otsese p\u00e4ikese k\u00e4es ega kuumadel v\u00e4rvipindadel. Hoida k\u00fclmumise eest.<\/span><\/p>\n<p><span class=\"system-pagebreak\">SONAX 214-200<br \/><\/span><\/p>\n","protected":false},"excerpt":{"rendered":"<p>214-200 SONAX<\/p>\n","protected":false},"featured_media":110739,"comment_status":"open","ping_status":"closed","template":"","meta":{"colormag_page_container_layout":"default_layout","colormag_page_sidebar_layout":"default_layout"},"product_brand":[],"product_cat":[108],"product_tag":[],"class_list":{"0":"post-110742","1":"product","2":"type-product","3":"status-publish","4":"has-post-thumbnail","6":"product_cat-misc","8":"first","9":"instock","10":"shipping-taxable","11":"purchasable","12":"product-type-simple"},"_links":{"self":[{"href":"https:\/\/automatic.ee\/ru\/wp-json\/wp\/v2\/product\/110742","targetHints":{"allow":["GET"]}}],"collection":[{"href":"https:\/\/automatic.ee\/ru\/wp-json\/wp\/v2\/product"}],"about":[{"href":"https:\/\/automatic.ee\/ru\/wp-json\/wp\/v2\/types\/product"}],"replies":[{"embeddable":true,"href":"https:\/\/automatic.ee\/ru\/wp-json\/wp\/v2\/comments?post=110742"}],"wp:featuredmedia":[{"embeddable":true,"href":"https:\/\/automatic.ee\/ru\/wp-json\/wp\/v2\/media\/110739"}],"wp:attachment":[{"href":"https:\/\/automatic.ee\/ru\/wp-json\/wp\/v2\/media?parent=110742"}],"wp:term":[{"taxonomy":"product_brand","embeddable":true,"href":"https:\/\/automatic.ee\/ru\/wp-json\/wp\/v2\/product_brand?post=110742"},{"taxonomy":"product_cat","embeddable":true,"href":"https:\/\/automatic.ee\/ru\/wp-json\/wp\/v2\/product_cat?post=110742"},{"taxonomy":"product_tag","embeddable":true,"href":"https:\/\/automatic.ee\/ru\/wp-json\/wp\/v2\/product_tag?post=110742"}],"curies":[{"name":"wp","href":"https:\/\/api.w.org\/{rel}","templated":true}]}}