{"id":110738,"date":"2025-11-04T05:46:57","date_gmt":"2025-11-04T03:46:57","guid":{"rendered":"https:\/\/automatic.ee\/toode\/konditsioneeri-puhastus-aerosool-250ml\/"},"modified":"2025-11-04T05:46:57","modified_gmt":"2025-11-04T03:46:57","slug":"konditsioneeri-puhastus-aerosool-250ml","status":"publish","type":"product","link":"https:\/\/automatic.ee\/ru\/toode\/konditsioneeri-puhastus-aerosool-250ml\/","title":{"rendered":"KONDITSIONEERI PUHASTUS AEROSOOL 250ML"},"content":{"rendered":"<p>Kliimas\u00fcsteemide puhastamine<\/p>\n<div>Autode kliimaseadmete jaoks<\/div>\n<div>Toote eelised:<\/div>\n<div>V\u00e4ga hea puhastusefektiivsus<\/div>\n<div>Pikeneb t\u00f6\u00f6aeg, kuna s\u00fcsteem on puhastatud tolmust, rasvast, tahmast ja \u00f5list.<\/div>\n<div>Mittes\u00fcttiv<\/div>\n<div>\u00dchildub v\u00e4rvide ja plastidega.<\/div>\n<div>M\u00fcrgiklass tasuta<\/div>\n<div>Eemaldab aurusti pinnalt tekkinud mustusekile ja loputab selle.<\/div>\n","protected":false},"excerpt":{"rendered":"<p>214902 BERNER<\/p>\n","protected":false},"featured_media":110735,"comment_status":"open","ping_status":"closed","template":"","meta":{"colormag_page_container_layout":"default_layout","colormag_page_sidebar_layout":"default_layout"},"product_brand":[],"product_cat":[108],"product_tag":[],"class_list":{"0":"post-110738","1":"product","2":"type-product","3":"status-publish","4":"has-post-thumbnail","6":"product_cat-misc","8":"first","9":"instock","10":"shipping-taxable","11":"purchasable","12":"product-type-simple"},"_links":{"self":[{"href":"https:\/\/automatic.ee\/ru\/wp-json\/wp\/v2\/product\/110738","targetHints":{"allow":["GET"]}}],"collection":[{"href":"https:\/\/automatic.ee\/ru\/wp-json\/wp\/v2\/product"}],"about":[{"href":"https:\/\/automatic.ee\/ru\/wp-json\/wp\/v2\/types\/product"}],"replies":[{"embeddable":true,"href":"https:\/\/automatic.ee\/ru\/wp-json\/wp\/v2\/comments?post=110738"}],"wp:featuredmedia":[{"embeddable":true,"href":"https:\/\/automatic.ee\/ru\/wp-json\/wp\/v2\/media\/110735"}],"wp:attachment":[{"href":"https:\/\/automatic.ee\/ru\/wp-json\/wp\/v2\/media?parent=110738"}],"wp:term":[{"taxonomy":"product_brand","embeddable":true,"href":"https:\/\/automatic.ee\/ru\/wp-json\/wp\/v2\/product_brand?post=110738"},{"taxonomy":"product_cat","embeddable":true,"href":"https:\/\/automatic.ee\/ru\/wp-json\/wp\/v2\/product_cat?post=110738"},{"taxonomy":"product_tag","embeddable":true,"href":"https:\/\/automatic.ee\/ru\/wp-json\/wp\/v2\/product_tag?post=110738"}],"curies":[{"name":"wp","href":"https:\/\/api.w.org\/{rel}","templated":true}]}}