{"id":110734,"date":"2025-11-04T05:46:53","date_gmt":"2025-11-04T03:46:53","guid":{"rendered":"https:\/\/automatic.ee\/toode\/klaasipuhastus-aerosool-%d1%81%d0%bf%d1%80%d0%b5%d0%b9-%d0%b4%d0%bb%d1%8f-%d0%be%d1%87%d0%b8%d1%81%d1%82%d0%ba%d0%b8-%d1%81%d1%82%d0%b5%d0%ba%d0%bb%d0%b0-400ml\/"},"modified":"2025-11-04T05:46:53","modified_gmt":"2025-11-04T03:46:53","slug":"klaasipuhastus-aerosool-%d1%81%d0%bf%d1%80%d0%b5%d0%b9-%d0%b4%d0%bb%d1%8f-%d0%be%d1%87%d0%b8%d1%81%d1%82%d0%ba%d0%b8-%d1%81%d1%82%d0%b5%d0%ba%d0%bb%d0%b0-400ml","status":"publish","type":"product","link":"https:\/\/automatic.ee\/ru\/toode\/klaasipuhastus-aerosool-%d1%81%d0%bf%d1%80%d0%b5%d0%b9-%d0%b4%d0%bb%d1%8f-%d0%be%d1%87%d0%b8%d1%81%d1%82%d0%ba%d0%b8-%d1%81%d1%82%d0%b5%d0%ba%d0%bb%d0%b0-400ml\/","title":{"rendered":"KLAASIPUHASTUS AEROSOOL &#8212; \u0421\u041f\u0420\u0415\u0419 \u0414\u041b\u042f \u041e\u0427\u0418\u0421\u0422\u041a\u0418 \u0421\u0422\u0415\u041a\u041b\u0410 400ml"},"content":{"rendered":"<p>Klaaside, autoklaaside, peeglite ja kroomitud osade puhastamiseks.<\/p>\n<div><\/div>\n<div>Ei j\u00e4ta triipe<\/div>\n<div><\/div>\n<div>Eelised<\/div>\n<div>Eemaldab putukate j\u00e4\u00e4gid, silikooni, tuhmumise ja t\u00f5rksa mustuse.<\/div>\n<div>Ei kahjusta kummi- ja plastelemente.<\/div>\n<div>Sobib pol\u00fckarbonaatpindadele.<\/div>\n<div>Ei sisalda silikooni ega AOX \u00fchendeid.<\/div>\n","protected":false},"excerpt":{"rendered":"<p>215118 BERNER<\/p>\n","protected":false},"featured_media":110731,"comment_status":"open","ping_status":"closed","template":"","meta":{"colormag_page_container_layout":"default_layout","colormag_page_sidebar_layout":"default_layout"},"product_brand":[],"product_cat":[108],"product_tag":[],"class_list":{"0":"post-110734","1":"product","2":"type-product","3":"status-publish","4":"has-post-thumbnail","6":"product_cat-misc","8":"first","9":"instock","10":"shipping-taxable","11":"purchasable","12":"product-type-simple"},"_links":{"self":[{"href":"https:\/\/automatic.ee\/ru\/wp-json\/wp\/v2\/product\/110734","targetHints":{"allow":["GET"]}}],"collection":[{"href":"https:\/\/automatic.ee\/ru\/wp-json\/wp\/v2\/product"}],"about":[{"href":"https:\/\/automatic.ee\/ru\/wp-json\/wp\/v2\/types\/product"}],"replies":[{"embeddable":true,"href":"https:\/\/automatic.ee\/ru\/wp-json\/wp\/v2\/comments?post=110734"}],"wp:featuredmedia":[{"embeddable":true,"href":"https:\/\/automatic.ee\/ru\/wp-json\/wp\/v2\/media\/110731"}],"wp:attachment":[{"href":"https:\/\/automatic.ee\/ru\/wp-json\/wp\/v2\/media?parent=110734"}],"wp:term":[{"taxonomy":"product_brand","embeddable":true,"href":"https:\/\/automatic.ee\/ru\/wp-json\/wp\/v2\/product_brand?post=110734"},{"taxonomy":"product_cat","embeddable":true,"href":"https:\/\/automatic.ee\/ru\/wp-json\/wp\/v2\/product_cat?post=110734"},{"taxonomy":"product_tag","embeddable":true,"href":"https:\/\/automatic.ee\/ru\/wp-json\/wp\/v2\/product_tag?post=110734"}],"curies":[{"name":"wp","href":"https:\/\/api.w.org\/{rel}","templated":true}]}}