{"id":110730,"date":"2025-11-04T05:46:49","date_gmt":"2025-11-04T03:46:49","guid":{"rendered":"https:\/\/automatic.ee\/toode\/kuiv-maarimine-ptfe-%d1%81%d1%83%d1%85%d0%b0%d1%8f-%d1%82%d0%b5%d1%84%d0%bb%d0%be%d0%bd%d0%be%d0%b2%d0%b0%d1%8f-%d1%81%d0%bc%d0%b0%d0%b7%d0%ba%d0%b0-400ml\/"},"modified":"2025-11-04T05:46:49","modified_gmt":"2025-11-04T03:46:49","slug":"kuiv-maarimine-ptfe-%d1%81%d1%83%d1%85%d0%b0%d1%8f-%d1%82%d0%b5%d1%84%d0%bb%d0%be%d0%bd%d0%be%d0%b2%d0%b0%d1%8f-%d1%81%d0%bc%d0%b0%d0%b7%d0%ba%d0%b0-400ml","status":"publish","type":"product","link":"https:\/\/automatic.ee\/ru\/toode\/kuiv-maarimine-ptfe-%d1%81%d1%83%d1%85%d0%b0%d1%8f-%d1%82%d0%b5%d1%84%d0%bb%d0%be%d0%bd%d0%be%d0%b2%d0%b0%d1%8f-%d1%81%d0%bc%d0%b0%d0%b7%d0%ba%d0%b0-400ml\/","title":{"rendered":"KUIV M\u00c4\u00c4RIMINE PTFE &#8212; \u0421\u0423\u0425\u0410\u042f \u0422\u0415\u0424\u041b\u041e\u041d\u041e\u0412\u0410\u042f \u0421\u041c\u0410\u0417\u041a\u0410 400ML"},"content":{"rendered":"<p>Liikuvate osade m\u00e4\u00e4rimine kuivas ja tolmuses keskkonnas v\u00f5i keskkonnas, kus vedelate m\u00e4\u00e4rdeainete kasutamine on ebasoovitav.<\/p>\n<div>Saab kasutada liugustel v\u00f5i liugustel, l\u00fckandukse v\u00f5i akna mehhanismidel, puidust sahtli liugustel.<\/div>\n<div>m\u00f6\u00f6bli hingede jaoks<\/div>\n<div>Sobib autoistme siinidele, auto katuseluugi siinidele v\u00f5i muudele aeglaselt liikuvatele masinatele.<\/div>\n<div>Sobib paljudele metallidele nagu teras, messing, alumiinium, aga ka k\u00f5vad plastid nagu PVC, PA, HDPE ja paljud teised.<\/div>\n<div>Eelised:<\/div>\n<div>Pikendatud hooldusv\u00e4lbad tolmustes tingimustes.<\/div>\n<div>Takistab tolmu ja mustuse t\u00f5mbamist \u00f5likile k\u00fclge.<\/div>\n<div>Kaitseb tekstiile v\u00f5i muid materjale vedelate m\u00e4\u00e4rdeainetega saastumise eest.<\/div>\n<div>T\u00e4iesti kuiv m\u00e4\u00e4rdekile<\/div>\n<div>Ideaalne k\u00f5rge r\u00f5hu all olevate aeglaselt liikuvate osade jaoks.<\/div>\n<div>Survekindlad PTFE osakesed v\u00e4hendavad usaldusv\u00e4\u00e4rselt h\u00f5\u00f5rdumist.<\/div>\n","protected":false},"excerpt":{"rendered":"<p>215227 BERNER<\/p>\n","protected":false},"featured_media":110727,"comment_status":"open","ping_status":"closed","template":"","meta":{"colormag_page_container_layout":"default_layout","colormag_page_sidebar_layout":"default_layout"},"product_brand":[],"product_cat":[108],"product_tag":[],"class_list":{"0":"post-110730","1":"product","2":"type-product","3":"status-publish","4":"has-post-thumbnail","6":"product_cat-misc","8":"first","9":"instock","10":"shipping-taxable","11":"purchasable","12":"product-type-simple"},"_links":{"self":[{"href":"https:\/\/automatic.ee\/ru\/wp-json\/wp\/v2\/product\/110730","targetHints":{"allow":["GET"]}}],"collection":[{"href":"https:\/\/automatic.ee\/ru\/wp-json\/wp\/v2\/product"}],"about":[{"href":"https:\/\/automatic.ee\/ru\/wp-json\/wp\/v2\/types\/product"}],"replies":[{"embeddable":true,"href":"https:\/\/automatic.ee\/ru\/wp-json\/wp\/v2\/comments?post=110730"}],"wp:featuredmedia":[{"embeddable":true,"href":"https:\/\/automatic.ee\/ru\/wp-json\/wp\/v2\/media\/110727"}],"wp:attachment":[{"href":"https:\/\/automatic.ee\/ru\/wp-json\/wp\/v2\/media?parent=110730"}],"wp:term":[{"taxonomy":"product_brand","embeddable":true,"href":"https:\/\/automatic.ee\/ru\/wp-json\/wp\/v2\/product_brand?post=110730"},{"taxonomy":"product_cat","embeddable":true,"href":"https:\/\/automatic.ee\/ru\/wp-json\/wp\/v2\/product_cat?post=110730"},{"taxonomy":"product_tag","embeddable":true,"href":"https:\/\/automatic.ee\/ru\/wp-json\/wp\/v2\/product_tag?post=110730"}],"curies":[{"name":"wp","href":"https:\/\/api.w.org\/{rel}","templated":true}]}}