{"id":110717,"date":"2025-11-04T05:46:35","date_gmt":"2025-11-04T03:46:35","guid":{"rendered":"https:\/\/automatic.ee\/toode\/keraamiline-korrosioonivastane-pasta-100g-%d0%ba%d0%b5%d1%80%d0%b0%d0%bc%d0%b8%d1%87%d0%b5%d1%81%d0%ba%d0%b0%d1%8f-%d0%b0%d0%bd%d1%82%d0%b8%d0%ba%d0%be%d1%80%d1%80%d0%be%d0%b7%d0%b8%d0%b9%d0%bd\/"},"modified":"2025-11-04T05:46:35","modified_gmt":"2025-11-04T03:46:35","slug":"keraamiline-korrosioonivastane-pasta-100g-%d0%ba%d0%b5%d1%80%d0%b0%d0%bc%d0%b8%d1%87%d0%b5%d1%81%d0%ba%d0%b0%d1%8f-%d0%b0%d0%bd%d1%82%d0%b8%d0%ba%d0%be%d1%80%d1%80%d0%be%d0%b7%d0%b8%d0%b9%d0%bd","status":"publish","type":"product","link":"https:\/\/automatic.ee\/ru\/toode\/keraamiline-korrosioonivastane-pasta-100g-%d0%ba%d0%b5%d1%80%d0%b0%d0%bc%d0%b8%d1%87%d0%b5%d1%81%d0%ba%d0%b0%d1%8f-%d0%b0%d0%bd%d1%82%d0%b8%d0%ba%d0%be%d1%80%d1%80%d0%be%d0%b7%d0%b8%d0%b9%d0%bd\/","title":{"rendered":"KERAAMILINE KORROSIOONIVASTANE PASTA 100G &#8212; \u041a\u0415\u0420\u0410\u041c\u0418\u0427\u0415\u0421\u041a\u0410\u042f \u0410\u041d\u0422\u0418\u041a\u041e\u0420\u0420\u041e\u0417\u0418\u0419\u041d\u0410\u042f \u041f\u0410\u0421\u0422\u0410 100G"},"content":{"rendered":"<p>Ideaalne igat t\u00fc\u00fcpi materjalidest termiliselt pingestatud osade eraldamiseks ja korrosiooni eest kaitsmiseks.<\/p>\n<div>Komponentide nagu \u00e4\u00e4rikud, mutrid, ventiilid, kruvid v\u00f5i pidurielemendid lihtsaks paigaldamiseks\/paigaldamiseks ja eemaldamiseks.<\/div>\n<div>Elektriliselt mittejuhtiv<\/div>\n<div>Sobib k\u00f5ikidele kaasaegsete k\u00fcttes\u00fcsteemide seotud komponentidele.<\/div>\n<div>Toote eelised:<\/div>\n<div>Ideaalne k\u00f5ikidele metallidele k\u00f5rgel temperatuuril ja suurel koormusel.<\/div>\n<div>Elektrit mittejuhtiv, galvaanilist korrosiooni ei esine.<\/div>\n<div>Keraamiline pulber takistab materjalide kokkukleepumist.<\/div>\n<div>\u00c4\u00e4rmiselt survekindel<\/div>\n<div>Lihtsustatud hooldus<\/div>\n<div>Ei mingeid komponente ummistusi<\/div>\n<div>Lihtne kruvide eemaldamine<\/div>\n<div>Pole katkiseid kruvisid<\/div>\n<div>Pikenenud materiaalne eluiga<\/div>\n<div>Korrosioonikaitse t\u00e4nu keermete v\u00e4hesele tihendusefektile.<\/div>\n<div>K\u00f5rvaldab kruvitud osade krigisemise.<\/div>\n<div>V\u00e4hendab niidi kulumist<\/div>\n","protected":false},"excerpt":{"rendered":"<p>219038 BERNER<\/p>\n","protected":false},"featured_media":110714,"comment_status":"open","ping_status":"closed","template":"","meta":{"colormag_page_container_layout":"default_layout","colormag_page_sidebar_layout":"default_layout"},"product_brand":[],"product_cat":[108],"product_tag":[],"class_list":{"0":"post-110717","1":"product","2":"type-product","3":"status-publish","4":"has-post-thumbnail","6":"product_cat-misc","8":"first","9":"instock","10":"shipping-taxable","11":"purchasable","12":"product-type-simple"},"_links":{"self":[{"href":"https:\/\/automatic.ee\/ru\/wp-json\/wp\/v2\/product\/110717","targetHints":{"allow":["GET"]}}],"collection":[{"href":"https:\/\/automatic.ee\/ru\/wp-json\/wp\/v2\/product"}],"about":[{"href":"https:\/\/automatic.ee\/ru\/wp-json\/wp\/v2\/types\/product"}],"replies":[{"embeddable":true,"href":"https:\/\/automatic.ee\/ru\/wp-json\/wp\/v2\/comments?post=110717"}],"wp:featuredmedia":[{"embeddable":true,"href":"https:\/\/automatic.ee\/ru\/wp-json\/wp\/v2\/media\/110714"}],"wp:attachment":[{"href":"https:\/\/automatic.ee\/ru\/wp-json\/wp\/v2\/media?parent=110717"}],"wp:term":[{"taxonomy":"product_brand","embeddable":true,"href":"https:\/\/automatic.ee\/ru\/wp-json\/wp\/v2\/product_brand?post=110717"},{"taxonomy":"product_cat","embeddable":true,"href":"https:\/\/automatic.ee\/ru\/wp-json\/wp\/v2\/product_cat?post=110717"},{"taxonomy":"product_tag","embeddable":true,"href":"https:\/\/automatic.ee\/ru\/wp-json\/wp\/v2\/product_tag?post=110717"}],"curies":[{"name":"wp","href":"https:\/\/api.w.org\/{rel}","templated":true}]}}