{"id":110701,"date":"2025-11-04T05:46:22","date_gmt":"2025-11-04T03:46:22","guid":{"rendered":"https:\/\/automatic.ee\/toode\/valishooldusvahend-protectshine-xtreme-210ml\/"},"modified":"2025-11-04T05:46:22","modified_gmt":"2025-11-04T03:46:22","slug":"valishooldusvahend-protectshine-xtreme-210ml","status":"publish","type":"product","link":"https:\/\/automatic.ee\/ru\/toode\/valishooldusvahend-protectshine-xtreme-210ml\/","title":{"rendered":"V\u00c4LISHOOLDUSVAHEND PROTECT+SHINE XTREME 210ML"},"content":{"rendered":"<p>K\u00f5ikidele uutele, peaaegu uutele ja poleeritud v\u00e4rvipindadele. Annab kauakestva kaitse ja silmapaistva vetth\u00fclgava lootosefekti. Paneb v\u00e4rvid s\u00e4rama.<\/p>\n<p>Katab v\u00e4rvipinnad eriti vastupidava ja l\u00e4ikiva kaitsekihiga. K\u00f5ige kaasaegsem Hybrid NetProtection tehnoloogia v\u00e4hendab tolmu ja mustuse kinnij\u00e4\u00e4mist ning p\u00e4rast iga autopesu tuleb l\u00e4ige automaatselt tagasi. J\u00e4tkub 3-4 eriti lihtsaks ja \u00fclikiireks t\u00f6\u00f6tlemiskorraks &#8212; ei vaja eelt\u00f6\u00f6d.<\/p>\n<p><strong>Kasutamine:<\/strong> peske ja kuivatage auto. Enne kasutamist raputage tugevasti purki. Pihustage v\u00e4ike kogus ainet SONAX Super Soft vahatus-svammile ja kandke risti-r\u00e4sti liigutustega korraga v\u00e4ikesele alale (nt pool kapotti). Laske kuivada 1-2 minutit. H\u00f5\u00f5ruge SONAX poleerimislapiga pind l\u00e4ikima. Kui v\u00e4rvid j\u00e4\u00e4vad eba\u00fchtlased v\u00f5i aine kuivab pinnale, t\u00f6\u00f6delge pind uuesti ainega ja h\u00f5\u00f5ruge poleerimislapiga koheselt l\u00e4ikima. Hoida k\u00fclmumise eest.<\/p>\n","protected":false},"excerpt":{"rendered":"<p>222-100 SONAX<\/p>\n","protected":false},"featured_media":110698,"comment_status":"open","ping_status":"closed","template":"","meta":{"colormag_page_container_layout":"default_layout","colormag_page_sidebar_layout":"default_layout"},"product_brand":[],"product_cat":[108],"product_tag":[],"class_list":{"0":"post-110701","1":"product","2":"type-product","3":"status-publish","4":"has-post-thumbnail","6":"product_cat-misc","8":"first","9":"instock","10":"shipping-taxable","11":"purchasable","12":"product-type-simple"},"_links":{"self":[{"href":"https:\/\/automatic.ee\/ru\/wp-json\/wp\/v2\/product\/110701","targetHints":{"allow":["GET"]}}],"collection":[{"href":"https:\/\/automatic.ee\/ru\/wp-json\/wp\/v2\/product"}],"about":[{"href":"https:\/\/automatic.ee\/ru\/wp-json\/wp\/v2\/types\/product"}],"replies":[{"embeddable":true,"href":"https:\/\/automatic.ee\/ru\/wp-json\/wp\/v2\/comments?post=110701"}],"wp:featuredmedia":[{"embeddable":true,"href":"https:\/\/automatic.ee\/ru\/wp-json\/wp\/v2\/media\/110698"}],"wp:attachment":[{"href":"https:\/\/automatic.ee\/ru\/wp-json\/wp\/v2\/media?parent=110701"}],"wp:term":[{"taxonomy":"product_brand","embeddable":true,"href":"https:\/\/automatic.ee\/ru\/wp-json\/wp\/v2\/product_brand?post=110701"},{"taxonomy":"product_cat","embeddable":true,"href":"https:\/\/automatic.ee\/ru\/wp-json\/wp\/v2\/product_cat?post=110701"},{"taxonomy":"product_tag","embeddable":true,"href":"https:\/\/automatic.ee\/ru\/wp-json\/wp\/v2\/product_tag?post=110701"}],"curies":[{"name":"wp","href":"https:\/\/api.w.org\/{rel}","templated":true}]}}