{"id":110684,"date":"2025-11-04T05:46:06","date_gmt":"2025-11-04T03:46:06","guid":{"rendered":"https:\/\/automatic.ee\/toode\/varskelt-varvitud-osade-poleerimispasta-250ml\/"},"modified":"2025-11-04T05:46:06","modified_gmt":"2025-11-04T03:46:06","slug":"varskelt-varvitud-osade-poleerimispasta-250ml","status":"publish","type":"product","link":"https:\/\/automatic.ee\/ru\/toode\/varskelt-varvitud-osade-poleerimispasta-250ml\/","title":{"rendered":"V\u00c4RSKELT V\u00c4RVITUD OSADE POLEERIMISPASTA 250ML"},"content":{"rendered":"<p>SONAX PROFILINE Perfect Finish 4\/6 -poleerimispasta (kauakestev l\u00e4ige), 250ml  ( 224141 , 02241410 )<\/p>\n<p>K\u00f5ikidele uutele, peaaegu uutele ja poleeritud v\u00e4rvipindadele. Annab l\u00f5ppviimistlusena pinnale kauakestva l\u00e4ike. Paneb v\u00e4rvid s\u00e4rama.<\/p>\n","protected":false},"excerpt":{"rendered":"<p>224-141 SONAX<\/p>\n","protected":false},"featured_media":110681,"comment_status":"open","ping_status":"closed","template":"","meta":{"colormag_page_container_layout":"default_layout","colormag_page_sidebar_layout":"default_layout"},"product_brand":[],"product_cat":[108],"product_tag":[],"class_list":{"0":"post-110684","1":"product","2":"type-product","3":"status-publish","4":"has-post-thumbnail","6":"product_cat-misc","8":"first","9":"instock","10":"shipping-taxable","11":"purchasable","12":"product-type-simple"},"_links":{"self":[{"href":"https:\/\/automatic.ee\/ru\/wp-json\/wp\/v2\/product\/110684","targetHints":{"allow":["GET"]}}],"collection":[{"href":"https:\/\/automatic.ee\/ru\/wp-json\/wp\/v2\/product"}],"about":[{"href":"https:\/\/automatic.ee\/ru\/wp-json\/wp\/v2\/types\/product"}],"replies":[{"embeddable":true,"href":"https:\/\/automatic.ee\/ru\/wp-json\/wp\/v2\/comments?post=110684"}],"wp:featuredmedia":[{"embeddable":true,"href":"https:\/\/automatic.ee\/ru\/wp-json\/wp\/v2\/media\/110681"}],"wp:attachment":[{"href":"https:\/\/automatic.ee\/ru\/wp-json\/wp\/v2\/media?parent=110684"}],"wp:term":[{"taxonomy":"product_brand","embeddable":true,"href":"https:\/\/automatic.ee\/ru\/wp-json\/wp\/v2\/product_brand?post=110684"},{"taxonomy":"product_cat","embeddable":true,"href":"https:\/\/automatic.ee\/ru\/wp-json\/wp\/v2\/product_cat?post=110684"},{"taxonomy":"product_tag","embeddable":true,"href":"https:\/\/automatic.ee\/ru\/wp-json\/wp\/v2\/product_tag?post=110684"}],"curies":[{"name":"wp","href":"https:\/\/api.w.org\/{rel}","templated":true}]}}