{"id":110644,"date":"2025-11-04T05:45:09","date_gmt":"2025-11-04T03:45:09","guid":{"rendered":"https:\/\/automatic.ee\/toode\/keraamikate-komplekt-sonax\/"},"modified":"2025-11-04T05:45:09","modified_gmt":"2025-11-04T03:45:09","slug":"keraamikate-komplekt-sonax","status":"publish","type":"product","link":"https:\/\/automatic.ee\/ru\/toode\/keraamikate-komplekt-sonax\/","title":{"rendered":"KERAAMIKATE KOMPLEKT SONAX"},"content":{"rendered":"<p>SONAX 236-941<\/p>\n<p>SONAX PROFILINE Ceramic Coating CC36 on kaasaegne toode professionaalseks kasutuseks. Ceramic Coating annab v\u00e4rvipindale v\u00e4ga vastupidava kilbi ja suurep\u00e4rase s\u00fcgava s\u00e4ra. Kaetud v\u00e4rvipind on kaitstud nii UV-kiirguse, kemikaalide kui ka mehaanilise kulumise eest. SONAX Ceramic Coating kaitseb v\u00e4rvitud pinda kuni 36 kuud.<\/p>\n<p>Toote keraamilised osakesed moodustavad v\u00e4ga tiheda kaitsvate osakeste kihi. See osakeste kiht moodustab v\u00e4rvipinnale klaasja, kuid ainulaadse painduva kaitsekihi.<\/p>\n<p>SONAX Ceramic Coating koosneb kolmest etapist. Enne toote auto v\u00e4rvikihile pealekandmist, tuleb v\u00e4rvitud pind p\u00f5hjalikult puhastada ja poleerida. P\u00e4rast eelt\u00f6\u00f6tlust kantakse kattekiht, mis vajab tunnikese aktiveerimise aega. Tunni p\u00e4rast teha katte l\u00f5ppt\u00f6\u00f6tlus. Tulemuseks on l\u00e4ikiv ja suurep\u00e4raselt s\u00e4rav v\u00e4rvikiht, mis omakorda kaetud vastupidava kaitsekihiga. K\u00f5ik t\u00f6\u00f6tlemiseks vajalikud tooted on pakitud SONAXi Ceramic Coating pakendisse.<\/p>\n","protected":false},"excerpt":{"rendered":"<p>236-941 SONAX<\/p>\n","protected":false},"featured_media":110641,"comment_status":"open","ping_status":"closed","template":"","meta":{"colormag_page_container_layout":"default_layout","colormag_page_sidebar_layout":"default_layout"},"product_brand":[],"product_cat":[108],"product_tag":[],"class_list":{"0":"post-110644","1":"product","2":"type-product","3":"status-publish","4":"has-post-thumbnail","6":"product_cat-misc","8":"first","9":"instock","10":"shipping-taxable","11":"purchasable","12":"product-type-simple"},"_links":{"self":[{"href":"https:\/\/automatic.ee\/ru\/wp-json\/wp\/v2\/product\/110644","targetHints":{"allow":["GET"]}}],"collection":[{"href":"https:\/\/automatic.ee\/ru\/wp-json\/wp\/v2\/product"}],"about":[{"href":"https:\/\/automatic.ee\/ru\/wp-json\/wp\/v2\/types\/product"}],"replies":[{"embeddable":true,"href":"https:\/\/automatic.ee\/ru\/wp-json\/wp\/v2\/comments?post=110644"}],"wp:featuredmedia":[{"embeddable":true,"href":"https:\/\/automatic.ee\/ru\/wp-json\/wp\/v2\/media\/110641"}],"wp:attachment":[{"href":"https:\/\/automatic.ee\/ru\/wp-json\/wp\/v2\/media?parent=110644"}],"wp:term":[{"taxonomy":"product_brand","embeddable":true,"href":"https:\/\/automatic.ee\/ru\/wp-json\/wp\/v2\/product_brand?post=110644"},{"taxonomy":"product_cat","embeddable":true,"href":"https:\/\/automatic.ee\/ru\/wp-json\/wp\/v2\/product_cat?post=110644"},{"taxonomy":"product_tag","embeddable":true,"href":"https:\/\/automatic.ee\/ru\/wp-json\/wp\/v2\/product_tag?post=110644"}],"curies":[{"name":"wp","href":"https:\/\/api.w.org\/{rel}","templated":true}]}}