{"id":110636,"date":"2025-11-04T05:44:58","date_gmt":"2025-11-04T03:44:58","guid":{"rendered":"https:\/\/automatic.ee\/toode\/keeramiline-kate-kompl-sonax\/"},"modified":"2025-11-04T05:44:58","modified_gmt":"2025-11-04T03:44:58","slug":"keeramiline-kate-kompl-sonax","status":"publish","type":"product","link":"https:\/\/automatic.ee\/ru\/toode\/keeramiline-kate-kompl-sonax\/","title":{"rendered":"KEERAMILINE KATE KOMPL. SONAX"},"content":{"rendered":"<p>SONAX 237-941<\/p>\n<p><strong>Kasutamine:<\/strong><br \/>ETTEVALMISTUS<br \/>Puhastage v\u00e4rvikiht p\u00f5hjalikult ja poleerige poleerimismasinaga hologrammivabaks s\u00fcgavl\u00e4ikeks. Vahetult enne katmist peavad pinnad olema t\u00e4iesti puhtad. Selleks pihustage poleerimislapp Ultrafine <a href=\"https:\/\/www.autostuudio.ee\/autode-lisavarustus\/puhastusvahendid,-liimid,-teibid,-tehnilised-vedelikud\/poleerimislapp-ultrafine-sonax,-3tk-detail\" target=\"_blank\" rel=\"noopener noreferrer\">SO-450-700<\/a> ja p\u00fchkige hoolikalt k\u00f5ik t\u00f6\u00f6deldavad pinnad.<\/p>\n<p>KATMINE, 1. SAMM<br \/>Pihustage BASECOAT \u00f5hukeselt pealekandmispadja heledale k\u00fcljele ja kandke risti t\u00f6\u00f6tamisel ulatuslikult ja \u00f5hukeselt v\u00e4rvipinnale. T\u00f6\u00f6tle alati maksimaalselt umbes \u00bd m\u00b2 osalisi alasid, vajadusel lisa toodet. Laske korraks kuivada ja seej\u00e4rel p\u00fchkige pinda ettevaatlikult poleerimislapp Ultrafine <a href=\"https:\/\/www.autostuudio.ee\/autode-lisavarustus\/puhastusvahendid,-liimid,-teibid,-tehnilised-vedelikud\/poleerimislapp-ultrafine-sonax,-3tk-detail\" target=\"_blank\" rel=\"noopener noreferrer\">SO-450-700<\/a> abil, et saavutada triipudeta viimistlus. Alles seej\u00e4rel alustage j\u00e4rgmise osalise alaga ja veenduge alati, et alad kattuksid. Kui kogu osa on t\u00f6\u00f6deldud, uurige seda uuesti ja p\u00fchkige kohe \u00e4ra k\u00f5ik ebakorrap\u00e4rasused. P\u00e4rast seda, kui k\u00f5ik s\u00f5idukid on BASECOAT`iga t\u00f6\u00f6deldud, peab s\u00f5iduk seisma 1 tund, et k\u00f5veneda. N\u00fc\u00fcdsest ei tohi t\u00f6\u00f6deldud pinnad m\u00e4rjaks saada ega neid puudutada.<\/p>\n<p>KATMINE, 2. SAMM<br \/>Kandke paar tilka GLOSSCOAT`i uue pealekandmispadja eredale poolele ja kandke ristsuunas t\u00f6\u00f6tades \u00f5hukeselt v\u00e4rvipinnale. P\u00e4rast 5-10-minutilist aurustumisaega p\u00fchkige \u00fcleliigne toode poleerimislapp Ultrafine <a href=\"https:\/\/www.autostuudio.ee\/autode-lisavarustus\/puhastusvahendid,-liimid,-teibid,-tehnilised-vedelikud\/poleerimislapp-ultrafine-sonax,-3tk-detail\" target=\"_blank\" rel=\"noopener noreferrer\">SO-450-700<\/a> triipudevaba viimistluseni. T\u00f6\u00f6delge sel viisil kogu s\u00f5idukit ja laske seej\u00e4rel k\u00f5veneda v\u00e4hemalt 4 tundi. Selle 4 tunni jooksul ei tohi pindu puudutada ega m\u00e4rjaks saada. Kui aplikaator hakkab GLOSSCOATi pealekandmise ajal k\u00f5vastuma, on komplektis varupadjake. P\u00fchkimiseks kasutatavat pealekandmisk\u00e4sna ja mikrokiudlappi (mikrokiudlappe) tuleb pesta kohe p\u00e4rast seda v\u00f5i kasutada ainult puhastamiseks, et v\u00e4ltida mikrokriimustamist.<\/p>\n","protected":false},"excerpt":{"rendered":"<p>237-941 SONAX<\/p>\n","protected":false},"featured_media":110633,"comment_status":"open","ping_status":"closed","template":"","meta":{"colormag_page_container_layout":"default_layout","colormag_page_sidebar_layout":"default_layout"},"product_brand":[],"product_cat":[108],"product_tag":[],"class_list":{"0":"post-110636","1":"product","2":"type-product","3":"status-publish","4":"has-post-thumbnail","6":"product_cat-misc","8":"first","9":"instock","10":"shipping-taxable","11":"purchasable","12":"product-type-simple"},"_links":{"self":[{"href":"https:\/\/automatic.ee\/ru\/wp-json\/wp\/v2\/product\/110636","targetHints":{"allow":["GET"]}}],"collection":[{"href":"https:\/\/automatic.ee\/ru\/wp-json\/wp\/v2\/product"}],"about":[{"href":"https:\/\/automatic.ee\/ru\/wp-json\/wp\/v2\/types\/product"}],"replies":[{"embeddable":true,"href":"https:\/\/automatic.ee\/ru\/wp-json\/wp\/v2\/comments?post=110636"}],"wp:featuredmedia":[{"embeddable":true,"href":"https:\/\/automatic.ee\/ru\/wp-json\/wp\/v2\/media\/110633"}],"wp:attachment":[{"href":"https:\/\/automatic.ee\/ru\/wp-json\/wp\/v2\/media?parent=110636"}],"wp:term":[{"taxonomy":"product_brand","embeddable":true,"href":"https:\/\/automatic.ee\/ru\/wp-json\/wp\/v2\/product_brand?post=110636"},{"taxonomy":"product_cat","embeddable":true,"href":"https:\/\/automatic.ee\/ru\/wp-json\/wp\/v2\/product_cat?post=110636"},{"taxonomy":"product_tag","embeddable":true,"href":"https:\/\/automatic.ee\/ru\/wp-json\/wp\/v2\/product_tag?post=110636"}],"curies":[{"name":"wp","href":"https:\/\/api.w.org\/{rel}","templated":true}]}}