{"id":110595,"date":"2025-11-04T05:44:15","date_gmt":"2025-11-04T03:44:15","guid":{"rendered":"https:\/\/automatic.ee\/toode\/tahmafiltri-puhastusaine-150ml\/"},"modified":"2025-11-04T05:44:15","modified_gmt":"2025-11-04T03:44:15","slug":"tahmafiltri-puhastusaine-150ml","status":"publish","type":"product","link":"https:\/\/automatic.ee\/ru\/toode\/tahmafiltri-puhastusaine-150ml\/","title":{"rendered":"TAHMAFILTRI PUHASTUSAINE 150ml"},"content":{"rendered":"<p>Kasutusvaldkonnad:<\/p>\n<div>Tahkete osakeste filtrite kiire ja optimeeritud regenereerimine.<\/div>\n<div>K\u00f5igile tahkete osakeste filtriga diiselmootoritele.<\/div>\n<div>Eelk\u00f5ige l\u00fchikesteks s\u00f5itudeks (eriti linnas) kasutatavatel s\u00f5idukitel on DPF-i mittet\u00e4ieliku regenereerimise oht, kui BERNER DPF-lisandit ei kasutata.<\/div>\n<div>Toote eelised:<\/div>\n<div>V\u00e4hendab tahma s\u00fcttimistemperatuuri tahkete osakeste filtris.<\/div>\n<div>Filter regenereeritakse normaalsel t\u00f6\u00f6temperatuuril.<\/div>\n<div>Tagab j\u00e4\u00e4kide t\u00e4ieliku p\u00f5lemise filtris, v\u00e4ltides DPF-i ummistumist.<\/div>\n<div>Optimeerib regulaarset filtri regeneratsiooni ja hoiab seega \u00e4ra DPF-i ummistumisest tingitud j\u00f5udluse kadu.<\/div>\n<div>Tahkete osakeste filtrit pole vaja eemaldada.<\/div>\n","protected":false},"excerpt":{"rendered":"<p>242703 BERNER<\/p>\n","protected":false},"featured_media":110592,"comment_status":"open","ping_status":"closed","template":"","meta":{"colormag_page_container_layout":"default_layout","colormag_page_sidebar_layout":"default_layout"},"product_brand":[],"product_cat":[108],"product_tag":[],"class_list":{"0":"post-110595","1":"product","2":"type-product","3":"status-publish","4":"has-post-thumbnail","6":"product_cat-misc","8":"first","9":"instock","10":"shipping-taxable","11":"purchasable","12":"product-type-simple"},"_links":{"self":[{"href":"https:\/\/automatic.ee\/ru\/wp-json\/wp\/v2\/product\/110595","targetHints":{"allow":["GET"]}}],"collection":[{"href":"https:\/\/automatic.ee\/ru\/wp-json\/wp\/v2\/product"}],"about":[{"href":"https:\/\/automatic.ee\/ru\/wp-json\/wp\/v2\/types\/product"}],"replies":[{"embeddable":true,"href":"https:\/\/automatic.ee\/ru\/wp-json\/wp\/v2\/comments?post=110595"}],"wp:featuredmedia":[{"embeddable":true,"href":"https:\/\/automatic.ee\/ru\/wp-json\/wp\/v2\/media\/110592"}],"wp:attachment":[{"href":"https:\/\/automatic.ee\/ru\/wp-json\/wp\/v2\/media?parent=110595"}],"wp:term":[{"taxonomy":"product_brand","embeddable":true,"href":"https:\/\/automatic.ee\/ru\/wp-json\/wp\/v2\/product_brand?post=110595"},{"taxonomy":"product_cat","embeddable":true,"href":"https:\/\/automatic.ee\/ru\/wp-json\/wp\/v2\/product_cat?post=110595"},{"taxonomy":"product_tag","embeddable":true,"href":"https:\/\/automatic.ee\/ru\/wp-json\/wp\/v2\/product_tag?post=110595"}],"curies":[{"name":"wp","href":"https:\/\/api.w.org\/{rel}","templated":true}]}}