{"id":110587,"date":"2025-11-04T05:44:08","date_gmt":"2025-11-04T03:44:08","guid":{"rendered":"https:\/\/automatic.ee\/toode\/diislikutuse-lisaaine-150ml\/"},"modified":"2025-11-04T05:44:08","modified_gmt":"2025-11-04T03:44:08","slug":"diislikutuse-lisaaine-150ml","status":"publish","type":"product","link":"https:\/\/automatic.ee\/ru\/toode\/diislikutuse-lisaaine-150ml\/","title":{"rendered":"DIISLIK\u00dcTUSE LISAAINE 150ml"},"content":{"rendered":"<p>Kogu k\u00fctuse- ja p\u00f5lemiss\u00fcsteemi puhastamine.<\/p>\n<div>K\u00f5igile diiselmootoritele<\/div>\n<div>Eelised:<\/div>\n<div>Puhastab<\/div>\n<div>Torud, pihustid, ventiilid ja p\u00f5lemiskamber<\/div>\n<div>Korrosioonikaitse<\/div>\n<div>T\u00e4iustatud<\/div>\n<div>P\u00f5lemine ja tsetaaniarv suurenevad<\/div>\n<div>K\u00fctusepumba m\u00e4\u00e4rimine madala v\u00e4\u00e4vlisisaldusega k\u00fctusega tankimisel<\/div>\n<div>V\u00e4henenud<\/div>\n<div>k\u00fctusekulu ja saasteainete heitkogused<\/div>\n","protected":false},"excerpt":{"rendered":"<p>242709 BERNER<\/p>\n","protected":false},"featured_media":110584,"comment_status":"open","ping_status":"closed","template":"","meta":{"colormag_page_container_layout":"default_layout","colormag_page_sidebar_layout":"default_layout"},"product_brand":[],"product_cat":[108],"product_tag":[],"class_list":{"0":"post-110587","1":"product","2":"type-product","3":"status-publish","4":"has-post-thumbnail","6":"product_cat-misc","8":"first","9":"instock","10":"shipping-taxable","11":"purchasable","12":"product-type-simple"},"_links":{"self":[{"href":"https:\/\/automatic.ee\/ru\/wp-json\/wp\/v2\/product\/110587","targetHints":{"allow":["GET"]}}],"collection":[{"href":"https:\/\/automatic.ee\/ru\/wp-json\/wp\/v2\/product"}],"about":[{"href":"https:\/\/automatic.ee\/ru\/wp-json\/wp\/v2\/types\/product"}],"replies":[{"embeddable":true,"href":"https:\/\/automatic.ee\/ru\/wp-json\/wp\/v2\/comments?post=110587"}],"wp:featuredmedia":[{"embeddable":true,"href":"https:\/\/automatic.ee\/ru\/wp-json\/wp\/v2\/media\/110584"}],"wp:attachment":[{"href":"https:\/\/automatic.ee\/ru\/wp-json\/wp\/v2\/media?parent=110587"}],"wp:term":[{"taxonomy":"product_brand","embeddable":true,"href":"https:\/\/automatic.ee\/ru\/wp-json\/wp\/v2\/product_brand?post=110587"},{"taxonomy":"product_cat","embeddable":true,"href":"https:\/\/automatic.ee\/ru\/wp-json\/wp\/v2\/product_cat?post=110587"},{"taxonomy":"product_tag","embeddable":true,"href":"https:\/\/automatic.ee\/ru\/wp-json\/wp\/v2\/product_tag?post=110587"}],"curies":[{"name":"wp","href":"https:\/\/api.w.org\/{rel}","templated":true}]}}