{"id":110534,"date":"2025-11-04T05:43:13","date_gmt":"2025-11-04T03:43:13","guid":{"rendered":"https:\/\/automatic.ee\/toode\/aktiivne-vahusampoon-1l-sonax\/"},"modified":"2025-11-04T05:43:13","modified_gmt":"2025-11-04T03:43:13","slug":"aktiivne-vahusampoon-1l-sonax","status":"publish","type":"product","link":"https:\/\/automatic.ee\/ru\/toode\/aktiivne-vahusampoon-1l-sonax\/","title":{"rendered":"Aktiivne vahu\u0161ampoon 1L SONAX"},"content":{"rendered":"<p>SONAX 248-300<\/p>\n<p>Rikkalikult vahutav \u0161ampoon v\u00f5imsa mudalahustiga ja meeldiva puuviljal\u00f5hnaga auto k\u00e4sipesuks. LTekitab mustust h\u00fclgava kile. \u0160ampoon on pH neutraalne. Koostis sobib ideaalselt k\u00f5igile v\u00e4lispindadele. Seda kasutatakse vette lahustatuna survepesu pudelisse. Toodet saab kasutada ka kergeks k\u00e4tepesuks.<\/p>\n<p>Sobib kasutamiseks nii vahukahuri (k\u00f5rgsurvepesur), pihustiga survepumba kui ka k\u00e4sitsi pesuks.<\/p>\n<p><strong>Kasutamine:<\/strong> loputage maha lahtine mustus auto v\u00e4rvipinnalt tugeva veesurvega. Foam Lance vahustis lahjendage 30-100 ml \u0161ampooni liitri vee kohta, pihustis 10-30 ml \u0161ampooni liitri vee kohta. Lahjendusaste s\u00f5ltub kasutatavast vahustist. Sega k\u00e4sitsi pesemisel 2 korgiga \u0161ampooni 10 liitri sooja veega. Pihustage lahus pinnale ja laske natuke m\u00f5juda. Peske auto SONAX <a href=\"https:\/\/www.autostuudio.ee\/vees%C3%B5idukite-lisavarustus\/keemia-vees%C3%B5idukitele\/paatide-puhastus-ja-hooldusvahendid\/pesuskinnas-sonax-detail\" target=\"_blank\" rel=\"noopener noreferrer\">pesukindaga<\/a> v\u00f5i <a href=\"https:\/\/www.autostuudio.ee\/vees%C3%B5idukite-lisavarustus\/keemia-vees%C3%B5idukitele\/paatide-puhastus-ja-hooldusvahendid\/pesusvamm-sonax-2-in-1-detail\" target=\"_blank\" rel=\"noopener noreferrer\">pesusvammiga<\/a>. Loputage hoolikalt puhta veega ja kuivatage SONAX kuivatusspaatliga v\u00f5i kuivatuslapiga. Mitte lasta ainel pinnale kuivada. Mitte kasutada otsese p\u00e4ikese k\u00e4es ega kuumadel v\u00e4rvipindadel. Hoida k\u00fclmumise eest.<\/p>\n","protected":false},"excerpt":{"rendered":"<p>248-300 SONAX<\/p>\n","protected":false},"featured_media":110531,"comment_status":"open","ping_status":"closed","template":"","meta":{"colormag_page_container_layout":"default_layout","colormag_page_sidebar_layout":"default_layout"},"product_brand":[],"product_cat":[108],"product_tag":[],"class_list":{"0":"post-110534","1":"product","2":"type-product","3":"status-publish","4":"has-post-thumbnail","6":"product_cat-misc","8":"first","9":"instock","10":"shipping-taxable","11":"purchasable","12":"product-type-simple"},"_links":{"self":[{"href":"https:\/\/automatic.ee\/ru\/wp-json\/wp\/v2\/product\/110534","targetHints":{"allow":["GET"]}}],"collection":[{"href":"https:\/\/automatic.ee\/ru\/wp-json\/wp\/v2\/product"}],"about":[{"href":"https:\/\/automatic.ee\/ru\/wp-json\/wp\/v2\/types\/product"}],"replies":[{"embeddable":true,"href":"https:\/\/automatic.ee\/ru\/wp-json\/wp\/v2\/comments?post=110534"}],"wp:featuredmedia":[{"embeddable":true,"href":"https:\/\/automatic.ee\/ru\/wp-json\/wp\/v2\/media\/110531"}],"wp:attachment":[{"href":"https:\/\/automatic.ee\/ru\/wp-json\/wp\/v2\/media?parent=110534"}],"wp:term":[{"taxonomy":"product_brand","embeddable":true,"href":"https:\/\/automatic.ee\/ru\/wp-json\/wp\/v2\/product_brand?post=110534"},{"taxonomy":"product_cat","embeddable":true,"href":"https:\/\/automatic.ee\/ru\/wp-json\/wp\/v2\/product_cat?post=110534"},{"taxonomy":"product_tag","embeddable":true,"href":"https:\/\/automatic.ee\/ru\/wp-json\/wp\/v2\/product_tag?post=110534"}],"curies":[{"name":"wp","href":"https:\/\/api.w.org\/{rel}","templated":true}]}}