{"id":110378,"date":"2025-11-04T05:40:20","date_gmt":"2025-11-04T03:40:20","guid":{"rendered":"https:\/\/automatic.ee\/toode\/keraamiline-kaitsesprei-750ml\/"},"modified":"2025-11-04T05:40:20","modified_gmt":"2025-11-04T03:40:20","slug":"keraamiline-kaitsesprei-750ml","status":"publish","type":"product","link":"https:\/\/automatic.ee\/ru\/toode\/keraamiline-kaitsesprei-750ml\/","title":{"rendered":"KERAAMILINE KAITSESPREI 750ML"},"content":{"rendered":"<p>SONAX 257-400<\/p>\n<ul>\n<li>Peske auto hoolikalt ja kuivatage kergelt pinnad.<\/li>\n<li>Loksutage pudelit enne kasutamist ja keerake otsik pihustusasendisse.<\/li>\n<li>Pihustage toodet mikrokiudlapile ja kandke \u00f5hukeselt kuivale v\u00f5i kergelt niiskele pinnale.<\/li>\n<li>P\u00fchkige j\u00e4\u00e4gid kuiva lapiga \u00e4ra.<\/li>\n<li>T\u00f6\u00f6delge alati \u00fcks detail korraga. <\/li>\n<\/ul>\n","protected":false},"excerpt":{"rendered":"<p>257-400 SONAX<\/p>\n","protected":false},"featured_media":110375,"comment_status":"open","ping_status":"closed","template":"","meta":{"colormag_page_container_layout":"default_layout","colormag_page_sidebar_layout":"default_layout"},"product_brand":[],"product_cat":[108],"product_tag":[],"class_list":{"0":"post-110378","1":"product","2":"type-product","3":"status-publish","4":"has-post-thumbnail","6":"product_cat-misc","8":"first","9":"instock","10":"shipping-taxable","11":"purchasable","12":"product-type-simple"},"_links":{"self":[{"href":"https:\/\/automatic.ee\/ru\/wp-json\/wp\/v2\/product\/110378","targetHints":{"allow":["GET"]}}],"collection":[{"href":"https:\/\/automatic.ee\/ru\/wp-json\/wp\/v2\/product"}],"about":[{"href":"https:\/\/automatic.ee\/ru\/wp-json\/wp\/v2\/types\/product"}],"replies":[{"embeddable":true,"href":"https:\/\/automatic.ee\/ru\/wp-json\/wp\/v2\/comments?post=110378"}],"wp:featuredmedia":[{"embeddable":true,"href":"https:\/\/automatic.ee\/ru\/wp-json\/wp\/v2\/media\/110375"}],"wp:attachment":[{"href":"https:\/\/automatic.ee\/ru\/wp-json\/wp\/v2\/media?parent=110378"}],"wp:term":[{"taxonomy":"product_brand","embeddable":true,"href":"https:\/\/automatic.ee\/ru\/wp-json\/wp\/v2\/product_brand?post=110378"},{"taxonomy":"product_cat","embeddable":true,"href":"https:\/\/automatic.ee\/ru\/wp-json\/wp\/v2\/product_cat?post=110378"},{"taxonomy":"product_tag","embeddable":true,"href":"https:\/\/automatic.ee\/ru\/wp-json\/wp\/v2\/product_tag?post=110378"}],"curies":[{"name":"wp","href":"https:\/\/api.w.org\/{rel}","templated":true}]}}